{"id":3116,"date":"2022-04-25T14:14:01","date_gmt":"2022-04-25T12:14:01","guid":{"rendered":"https:\/\/cleopatra.medialoods.com\/?post_type=product&#038;p=3116"},"modified":"2025-11-12T11:09:46","modified_gmt":"2025-11-12T10:09:46","slug":"sauna-opgietmiddel-set-3-x-250ml","status":"publish","type":"product","link":"https:\/\/cleopatra.nl\/pl\/shop\/bad-sauna-stoombad-geuren\/sauna-opgietmiddel-set-5-x-250ml\/","title":{"rendered":"Zestaw detergent\u00f3w do sauny | 3 x 250 ml"},"content":{"rendered":"<h4>ZESTAW P\u0141YN\u00d3W DO SAUNY CLEOPATRA (5 ZAPACH\u00d3W)<\/h4>\n<p>Kleopatra<strong>\u00a0k\u0105piel w saunie<\/strong>\u00a0sk\u0142ada si\u0119 ze starannie dobranych olejk\u00f3w eterycznych i identycznych z naturalnymi z wyselekcjonowanymi zio\u0142ami, bez dodatku substancji syntetycznych. Mop do sauny jest idealny do aromaterapii w saunach prywatnych lub profesjonalnych.<\/p>\n<p>Zestaw zawiera nast\u0119puj\u0105ce zapachy:<\/p>\n<ul>\n<li>Bergamotka<\/li>\n<li>Eukaliptus \u015br\u00f3dziemnomorski<\/li>\n<li>Lawenda prowansalska<\/li>\n<\/ul>\n<p>&nbsp;<\/p>\n<p>Zaparzacz jest dostarczany w eleganckiej, przezroczystej butelce o pojemno\u015bci 250 ml.<\/p>\n<p>Dawkowanie: Nale\u017cy wymiesza\u0107 25 ml p\u0142ynu z oko\u0142o 5 litrami wody. Mieszank\u0119 mo\u017cna ostro\u017cnie wylewa\u0107 w niewielkich ilo\u015bciach na kamienie pieca. Olej do sauny mo\u017ce straci\u0107 kolor pod wp\u0142ywem promieniowania UV.<\/p>","protected":false},"excerpt":{"rendered":"<p>Kleopatra<strong>\u00a0k\u0105piel w saunie<\/strong>\u00a0sk\u0142ada si\u0119 ze starannie dobranych olejk\u00f3w eterycznych i identycznych z naturalnymi z wyselekcjonowanymi zio\u0142ami, bez dodatku substancji syntetycznych. Mop do sauny jest idealny do aromaterapii w saunach prywatnych lub profesjonalnych.<\/p>","protected":false},"featured_media":3117,"template":"","format":"standard","meta":{"_acf_changed":false},"product_brand":[],"product_cat":[77,71],"product_tag":[160],"class_list":{"0":"post-3116","1":"product","2":"type-product","3":"status-publish","4":"format-standard","5":"has-post-thumbnail","7":"product_cat-bad-sauna-stoombad-geuren","8":"product_cat-shop","9":"product_tag-sauna-opgietmiddel-250-ml","11":"first","12":"outofstock","13":"taxable","14":"shipping-taxable","15":"purchasable","16":"product-type-simple"},"acf":[],"_links":{"self":[{"href":"https:\/\/cleopatra.nl\/pl\/wp-json\/wp\/v2\/product\/3116","targetHints":{"allow":["GET"]}}],"collection":[{"href":"https:\/\/cleopatra.nl\/pl\/wp-json\/wp\/v2\/product"}],"about":[{"href":"https:\/\/cleopatra.nl\/pl\/wp-json\/wp\/v2\/types\/product"}],"wp:featuredmedia":[{"embeddable":true,"href":"https:\/\/cleopatra.nl\/pl\/wp-json\/wp\/v2\/media\/3117"}],"wp:attachment":[{"href":"https:\/\/cleopatra.nl\/pl\/wp-json\/wp\/v2\/media?parent=3116"}],"wp:term":[{"taxonomy":"product_brand","embeddable":true,"href":"https:\/\/cleopatra.nl\/pl\/wp-json\/wp\/v2\/product_brand?post=3116"},{"taxonomy":"product_cat","embeddable":true,"href":"https:\/\/cleopatra.nl\/pl\/wp-json\/wp\/v2\/product_cat?post=3116"},{"taxonomy":"product_tag","embeddable":true,"href":"https:\/\/cleopatra.nl\/pl\/wp-json\/wp\/v2\/product_tag?post=3116"}],"curies":[{"name":"wp","href":"https:\/\/api.w.org\/{rel}","templated":true}]}}