{"id":3118,"date":"2022-04-25T14:16:28","date_gmt":"2022-04-25T12:16:28","guid":{"rendered":"https:\/\/cleopatra.medialoods.com\/?post_type=product&#038;p=3118"},"modified":"2025-05-26T11:55:13","modified_gmt":"2025-05-26T09:55:13","slug":"whirlpool-reiniger-1-liter","status":"publish","type":"product","link":"https:\/\/cleopatra.nl\/pl\/shop\/bad-sauna-stoombad-geuren\/whirlpool-reiniger-1-liter\/","title":{"rendered":"\u015arodek czyszcz\u0105cy Whirlpool | 1 litr"},"content":{"rendered":"<h4>\u015aRODEK CZYSZCZ\u0104CY WHIRLPOOL<\/h4>\n<p>Kleopatra\u00a0<strong>\u015brodek czyszcz\u0105cy whirlpool<\/strong>\u00a0zosta\u0142 opracowany specjalnie do czyszczenia silnie zabrudzonych system\u00f3w hydromasa\u017cu. Poluzowuje zakleszczone cz\u0119\u015bci w systemie i przywraca im elastyczno\u015b\u0107. Zatkane rury i odp\u0142ywy s\u0105 ponownie udro\u017cnione. \u015arodek do czyszczenia hydromasa\u017cu jest bezpieczny dla systemu hydromasa\u017cu i nadaje si\u0119 do stosowania zar\u00f3wno w domu, jak i w \u015brodowisku profesjonalnym. Zawarto\u015b\u0107 butelki wynosi 1 litr. W zale\u017cno\u015bci od intensywno\u015bci u\u017cytkowania i twardo\u015bci wody zalecamy czyszczenie systemu hydromasa\u017cu w odst\u0119pach od 4 do 6 tygodni.<\/p>\n<h4>INSTRUKCJA OBS\u0141UGI<\/h4>\n<p>Instrukcja obs\u0142ugi wanien z hydromasa\u017cem bez automatycznego systemu czyszczenia:<br \/>\n1. Nape\u0142ni\u0107 wann\u0119 ciep\u0142\u0105 wod\u0105 o minimalnej temperaturze 35\u00b0C.<br \/>\n2. Wla\u0107 oko\u0142o 200 ml. WhirlpoolCleaner do wody (proporcja mieszania 200 ml. na 100 l wody).<br \/>\n3. Zamkn\u0105\u0107 (je\u015bli jest) regulator powietrza lub masowy regulator ci\u015bnienia i uruchomi\u0107 system hydromasa\u017cu. Pozostaw system na oko\u0142o 5 minut, aby \u015brodek WhirlpoolCleaner dobrze wymiesza\u0142 si\u0119 z wod\u0105 w wannie.<br \/>\n4. Zatrzyma\u0107 system hydromasa\u017cu i pozostawi\u0107 go na co najmniej 10 godzin.<br \/>\n5. Pozw\u00f3l, aby system hydromasa\u017cu dzia\u0142a\u0142 ponownie przez 5 minut.<br \/>\n6. Spu\u015b\u0107 wod\u0119 i, je\u015bli to konieczne, ponownie nape\u0142nij wann\u0119 zimn\u0105 wod\u0105 w celu sp\u0142ukania. Jest to konieczne tylko w przypadku silnego zabrudzenia wanny z hydromasa\u017cem.<br \/>\n7. Wyp\u0142uka\u0107 puste opakowanie przed utylizacj\u0105 zgodnie z obowi\u0105zuj\u0105cymi przepisami.<\/p>\n<p>Uwaga! Podczas cyklu czyszczenia zdecydowanie nie nale\u017cy korzysta\u0107 z wanny.<\/p>","protected":false},"excerpt":{"rendered":"<p>Kleopatra\u00a0<strong>\u015brodek czyszcz\u0105cy whirlpool<\/strong>\u00a0zosta\u0142 opracowany specjalnie do czyszczenia silnie zabrudzonych system\u00f3w hydromasa\u017cu. Poluzowuje zakleszczone cz\u0119\u015bci w systemie i przywraca im elastyczno\u015b\u0107. Zatkane rury i odp\u0142ywy s\u0105 ponownie udro\u017cnione. \u015arodek do czyszczenia hydromasa\u017cu jest bezpieczny dla systemu hydromasa\u017cu i nadaje si\u0119 do stosowania zar\u00f3wno w domu, jak i w \u015brodowisku profesjonalnym. Zawarto\u015b\u0107 butelki wynosi 1 litr. W zale\u017cno\u015bci od intensywno\u015bci u\u017cytkowania i twardo\u015bci wody zalecamy czyszczenie systemu hydromasa\u017cu w odst\u0119pach od 4 do 6 tygodni.<\/p>","protected":false},"featured_media":3120,"template":"","format":"standard","meta":{"_acf_changed":false},"product_brand":[],"product_cat":[77,71],"product_tag":[],"class_list":{"0":"post-3118","1":"product","2":"type-product","3":"status-publish","4":"format-standard","5":"has-post-thumbnail","7":"product_cat-bad-sauna-stoombad-geuren","8":"product_cat-shop","10":"first","11":"instock","12":"sale","13":"taxable","14":"shipping-taxable","15":"purchasable","16":"product-type-simple"},"acf":[],"_links":{"self":[{"href":"https:\/\/cleopatra.nl\/pl\/wp-json\/wp\/v2\/product\/3118","targetHints":{"allow":["GET"]}}],"collection":[{"href":"https:\/\/cleopatra.nl\/pl\/wp-json\/wp\/v2\/product"}],"about":[{"href":"https:\/\/cleopatra.nl\/pl\/wp-json\/wp\/v2\/types\/product"}],"wp:featuredmedia":[{"embeddable":true,"href":"https:\/\/cleopatra.nl\/pl\/wp-json\/wp\/v2\/media\/3120"}],"wp:attachment":[{"href":"https:\/\/cleopatra.nl\/pl\/wp-json\/wp\/v2\/media?parent=3118"}],"wp:term":[{"taxonomy":"product_brand","embeddable":true,"href":"https:\/\/cleopatra.nl\/pl\/wp-json\/wp\/v2\/product_brand?post=3118"},{"taxonomy":"product_cat","embeddable":true,"href":"https:\/\/cleopatra.nl\/pl\/wp-json\/wp\/v2\/product_cat?post=3118"},{"taxonomy":"product_tag","embeddable":true,"href":"https:\/\/cleopatra.nl\/pl\/wp-json\/wp\/v2\/product_tag?post=3118"}],"curies":[{"name":"wp","href":"https:\/\/api.w.org\/{rel}","templated":true}]}}