{"id":3122,"date":"2022-04-27T19:01:57","date_gmt":"2022-04-27T17:01:57","guid":{"rendered":"https:\/\/cleopatra.medialoods.com\/?post_type=product&#038;p=3122"},"modified":"2025-01-02T11:31:42","modified_gmt":"2025-01-02T10:31:42","slug":"sauna-set-basic-5-delen-2","status":"publish","type":"product","link":"https:\/\/cleopatra.nl\/pl\/shop\/sauna-accessoires\/sauna-sets\/5-delen-sauna-set-standaard\/","title":{"rendered":"Podstawowy zestaw do sauny (5 cz\u0119\u015bci)"},"content":{"rendered":"<p id=\"tw-target-text\" class=\"tw-data-text tw-text-large XcVN5d tw-ta\" dir=\"ltr\" data-placeholder=\"Vertaling\"><span class=\"Y2IQFc\" lang=\"nl\">Ten zestaw do sauny sk\u0142ada si\u0119 z nast\u0119puj\u0105cych produkt\u00f3w:<\/span><\/p>\n<ul>\n<li class=\"tw-data-text tw-text-large XcVN5d tw-ta\" dir=\"ltr\" data-placeholder=\"Vertaling\"><span class=\"Y2IQFc\" lang=\"nl\">Po\u0142\u0105czenie termo\/higrometru<\/span><\/li>\n<li class=\"tw-data-text tw-text-large XcVN5d tw-ta\" dir=\"ltr\" data-placeholder=\"Vertaling\"><span class=\"Y2IQFc\" lang=\"nl\">Klepsydra <\/span><\/li>\n<li class=\"tw-data-text tw-text-large XcVN5d tw-ta\" dir=\"ltr\" data-placeholder=\"Vertaling\"><span class=\"Y2IQFc\" lang=\"nl\">Wiadro 5 litr\u00f3w<\/span><\/li>\n<li class=\"tw-data-text tw-text-large XcVN5d tw-ta\" dir=\"ltr\" data-placeholder=\"Vertaling\"><span class=\"Y2IQFc\" lang=\"nl\">Drewniana \u0142y\u017cka<\/span><\/li>\n<li class=\"tw-data-text tw-text-large XcVN5d tw-ta\" dir=\"ltr\" data-placeholder=\"Vertaling\"><span class=\"Y2IQFc\" lang=\"nl\">P\u0142yta sterowania<\/span><\/li>\n<\/ul>\n<p class=\"tw-data-text tw-text-large XcVN5d tw-ta\" dir=\"ltr\" data-placeholder=\"Vertaling\"><span class=\"Y2IQFc\" lang=\"nl\">Waga ok. 2,0 kg<\/span><\/p>","protected":false},"excerpt":{"rendered":"<p>Ten zestaw do sauny sk\u0142ada si\u0119 z nast\u0119puj\u0105cych produkt\u00f3w: Termo\/higrometr zespolony Klepsydra Wiadro 5 litr\u00f3w Drewniana \u0142y\u017cka P\u0142yta steruj\u0105ca Waga ok. 2,0 kg.<\/p>","protected":false},"featured_media":3124,"template":"","format":"standard","meta":{"_acf_changed":false},"product_brand":[],"product_cat":[96,71,79],"product_tag":[],"class_list":{"0":"post-3122","1":"product","2":"type-product","3":"status-publish","4":"format-standard","5":"has-post-thumbnail","7":"product_cat-sauna-sets","8":"product_cat-shop","9":"product_cat-sauna-accessoires","11":"first","12":"instock","13":"taxable","14":"shipping-taxable","15":"purchasable","16":"product-type-simple"},"acf":[],"_links":{"self":[{"href":"https:\/\/cleopatra.nl\/pl\/wp-json\/wp\/v2\/product\/3122","targetHints":{"allow":["GET"]}}],"collection":[{"href":"https:\/\/cleopatra.nl\/pl\/wp-json\/wp\/v2\/product"}],"about":[{"href":"https:\/\/cleopatra.nl\/pl\/wp-json\/wp\/v2\/types\/product"}],"wp:featuredmedia":[{"embeddable":true,"href":"https:\/\/cleopatra.nl\/pl\/wp-json\/wp\/v2\/media\/3124"}],"wp:attachment":[{"href":"https:\/\/cleopatra.nl\/pl\/wp-json\/wp\/v2\/media?parent=3122"}],"wp:term":[{"taxonomy":"product_brand","embeddable":true,"href":"https:\/\/cleopatra.nl\/pl\/wp-json\/wp\/v2\/product_brand?post=3122"},{"taxonomy":"product_cat","embeddable":true,"href":"https:\/\/cleopatra.nl\/pl\/wp-json\/wp\/v2\/product_cat?post=3122"},{"taxonomy":"product_tag","embeddable":true,"href":"https:\/\/cleopatra.nl\/pl\/wp-json\/wp\/v2\/product_tag?post=3122"}],"curies":[{"name":"wp","href":"https:\/\/api.w.org\/{rel}","templated":true}]}}