{"id":3127,"date":"2022-04-27T19:02:16","date_gmt":"2022-04-27T17:02:16","guid":{"rendered":"https:\/\/cleopatra.medialoods.com\/?post_type=product&#038;p=3127"},"modified":"2026-04-26T21:18:52","modified_gmt":"2026-04-26T19:18:52","slug":"berken-sauna-takken-2","status":"publish","type":"product","link":"https:\/\/cleopatra.nl\/pl\/shop\/sauna-accessoires\/overige-sauna-accessoires\/berken-saunaklopper\/","title":{"rendered":"Ga\u0142\u0119zie Birch Sauna"},"content":{"rendered":"<p>Ga\u0142\u0119zie sauny wykonane z drewna brzozowego<\/p>\n<p>Jest \u015bci\u015ble zwi\u0105zany, suszony i przechowywany w normalny spos\u00f3b. Dzia\u0142a jak \u015bwie\u017ca sauna. Mo\u017cna go u\u017cywa\u0107 nawet kilka razy, susz\u0105c go mi\u0119dzy u\u017cyciami, a po u\u017cyciu przechowywa\u0107 w suchym miejscu.<\/p>\n<p>&nbsp;<\/p>\n<ul>\n<li>Ga\u0142\u0119zie brzozy 60 cm<\/li>\n<li>Waga: 0,2 kg<\/li>\n<\/ul>","protected":false},"excerpt":{"rendered":"<p>Ga\u0142\u0119zie sauny wykonane z brzozy s\u0105 ciasno zwi\u0105zane, suszone i konserwowane w normalny spos\u00f3b. Dzia\u0142a jak \u015bwie\u017ca sauna. Mo\u017cna jej u\u017cywa\u0107 nawet kilka razy, susz\u0105c j\u0105 mi\u0119dzy u\u017cyciami, a po u\u017cyciu przechowywa\u0107 w suchym miejscu.   Ga\u0142\u0119zie brzozy 60 cm Waga: 0,2 kg<\/p>","protected":false},"featured_media":3128,"template":"","format":"standard","meta":{"_acf_changed":false},"product_brand":[347],"product_cat":[95,71,79],"product_tag":[],"class_list":{"0":"post-3127","1":"product","2":"type-product","3":"status-publish","4":"format-standard","5":"has-post-thumbnail","7":"product_brand-cleopatra","8":"product_cat-overige-sauna-accessoires","9":"product_cat-shop","10":"product_cat-sauna-accessoires","12":"first","13":"instock","14":"taxable","15":"shipping-taxable","16":"purchasable","17":"product-type-simple"},"acf":[],"_links":{"self":[{"href":"https:\/\/cleopatra.nl\/pl\/wp-json\/wp\/v2\/product\/3127","targetHints":{"allow":["GET"]}}],"collection":[{"href":"https:\/\/cleopatra.nl\/pl\/wp-json\/wp\/v2\/product"}],"about":[{"href":"https:\/\/cleopatra.nl\/pl\/wp-json\/wp\/v2\/types\/product"}],"wp:featuredmedia":[{"embeddable":true,"href":"https:\/\/cleopatra.nl\/pl\/wp-json\/wp\/v2\/media\/3128"}],"wp:attachment":[{"href":"https:\/\/cleopatra.nl\/pl\/wp-json\/wp\/v2\/media?parent=3127"}],"wp:term":[{"taxonomy":"product_brand","embeddable":true,"href":"https:\/\/cleopatra.nl\/pl\/wp-json\/wp\/v2\/product_brand?post=3127"},{"taxonomy":"product_cat","embeddable":true,"href":"https:\/\/cleopatra.nl\/pl\/wp-json\/wp\/v2\/product_cat?post=3127"},{"taxonomy":"product_tag","embeddable":true,"href":"https:\/\/cleopatra.nl\/pl\/wp-json\/wp\/v2\/product_tag?post=3127"}],"curies":[{"name":"wp","href":"https:\/\/api.w.org\/{rel}","templated":true}]}}