{"id":3136,"date":"2022-04-25T14:27:18","date_gmt":"2022-04-25T12:27:18","guid":{"rendered":"https:\/\/cleopatra.medialoods.com\/?post_type=product&#038;p=3136"},"modified":"2025-01-02T11:31:40","modified_gmt":"2025-01-02T10:31:40","slug":"aromatische-zoutoplossing-5-liter","status":"publish","type":"product","link":"https:\/\/cleopatra.nl\/pl\/shop\/bad-sauna-stoombad-geuren\/aromatische-zoutoplossing-5-liter\/","title":{"rendered":"Roztw\u00f3r soli aromatycznej | 5 litr\u00f3w"},"content":{"rendered":"<div id=\"tab-description\" class=\"woocommerce-Tabs-panel woocommerce-Tabs-panel--description panel entry-content wc-tab\" role=\"tabpanel\" aria-labelledby=\"tab-title-description\">\n<h4>AROMATYCZNY ROZTW\u00d3R SOLI CLEOPATRA<\/h4>\n<p>5 litrowa puszka pysznego s\u0142onego roztworu do u\u017cytku z generatorem pary Cleopatra. S\u00f3l zmieszana z par\u0105 oczy\u015bci drogi oddechowe i ukoi sk\u00f3r\u0119. Zapach pobudza zmys\u0142y i uspokaja umys\u0142.<\/p>\n<p>Rozwi\u0105zanie jest dost\u0119pne w dw\u00f3ch r\u00f3\u017cnych zapachach:<\/p>\n<ul>\n<li>Morze \u015ar\u00f3dziemne: orze\u017awiaj\u0105cy zapach alg wzbogacony delikatnym zapachem lotosu. Wzmacnia dzia\u0142anie soli na drogi oddechowe i dzia\u0142a koj\u0105co.<\/li>\n<\/ul>\n<ul>\n<li>Perfumy Kleopatry: unikalne po\u0142\u0105czenie Yi Yi Ren (chi\u0144skiego zio\u0142a) i bia\u0142ego lotosu. Rezultatem jest lekko s\u0142odki, delikatny zapach, kt\u00f3ry w po\u0142\u0105czeniu z par\u0105 wodn\u0105 jest bardzo koj\u0105cy.<\/li>\n<\/ul>\n<\/div>","protected":false},"excerpt":{"rendered":"<p>5 litrowa puszka pysznego s\u0142onego roztworu do u\u017cytku z generatorem pary Cleopatra. S\u00f3l zmieszana z par\u0105 oczyszcza drogi oddechowe i koi sk\u00f3r\u0119. Zapach pobudza zmys\u0142y i uspokaja umys\u0142<\/p>","protected":false},"featured_media":3141,"template":"","format":"standard","meta":{"_acf_changed":false},"product_brand":[],"product_cat":[77,71],"product_tag":[],"class_list":{"0":"post-3136","1":"product","2":"type-product","3":"status-publish","4":"format-standard","5":"has-post-thumbnail","7":"product_cat-bad-sauna-stoombad-geuren","8":"product_cat-shop","10":"first","11":"instock","12":"taxable","13":"shipping-taxable","14":"purchasable","15":"product-type-simple"},"acf":[],"_links":{"self":[{"href":"https:\/\/cleopatra.nl\/pl\/wp-json\/wp\/v2\/product\/3136","targetHints":{"allow":["GET"]}}],"collection":[{"href":"https:\/\/cleopatra.nl\/pl\/wp-json\/wp\/v2\/product"}],"about":[{"href":"https:\/\/cleopatra.nl\/pl\/wp-json\/wp\/v2\/types\/product"}],"wp:featuredmedia":[{"embeddable":true,"href":"https:\/\/cleopatra.nl\/pl\/wp-json\/wp\/v2\/media\/3141"}],"wp:attachment":[{"href":"https:\/\/cleopatra.nl\/pl\/wp-json\/wp\/v2\/media?parent=3136"}],"wp:term":[{"taxonomy":"product_brand","embeddable":true,"href":"https:\/\/cleopatra.nl\/pl\/wp-json\/wp\/v2\/product_brand?post=3136"},{"taxonomy":"product_cat","embeddable":true,"href":"https:\/\/cleopatra.nl\/pl\/wp-json\/wp\/v2\/product_cat?post=3136"},{"taxonomy":"product_tag","embeddable":true,"href":"https:\/\/cleopatra.nl\/pl\/wp-json\/wp\/v2\/product_tag?post=3136"}],"curies":[{"name":"wp","href":"https:\/\/api.w.org\/{rel}","templated":true}]}}