{"id":3139,"date":"2022-04-27T19:02:02","date_gmt":"2022-04-27T17:02:02","guid":{"rendered":"https:\/\/cleopatra.medialoods.com\/?post_type=product&#038;p=3139"},"modified":"2025-01-02T11:31:40","modified_gmt":"2025-01-02T10:31:40","slug":"thermometer-hygrometer-combi-135-mm-2","status":"publish","type":"product","link":"https:\/\/cleopatra.nl\/pl\/shop\/sauna-accessoires\/thermo-hygrometers\/gecombineerde-thermo-hygrometer-aluminium\/","title":{"rendered":"Termometr i higrometr combi (135 mm)"},"content":{"rendered":"<p>Ten termo\/higrometr ma aluminiow\u0105 obudow\u0119 z plastikowymi wskaz\u00f3wkami.<\/p>\n<ul>\n<li>Termometr 20 - 120 stopni Celsjusza<\/li>\n<li>Wilgotno\u015b\u0107 0 - 70 %<\/li>\n<li>\u015arednica = 135 mm<\/li>\n<li>Waga 280 gram\u00f3w<\/li>\n<\/ul>","protected":false},"excerpt":{"rendered":"<p>Ten termometr\/higrometr ma aluminiow\u0105 obudow\u0119 z plastikowymi wskaz\u00f3wkami. Termometr 20 - 120 stopni Celsjusza Higrometr 0 - 70 % wilgotno\u015bci \u015arednica = 135 mm Waga 280 gram\u00f3w<\/p>","protected":false},"featured_media":3140,"template":"","format":"standard","meta":{"_acf_changed":false},"product_brand":[],"product_cat":[97,71,79],"product_tag":[],"class_list":{"0":"post-3139","1":"product","2":"type-product","3":"status-publish","4":"format-standard","5":"has-post-thumbnail","7":"product_cat-thermo-hygrometers","8":"product_cat-shop","9":"product_cat-sauna-accessoires","11":"first","12":"instock","13":"taxable","14":"shipping-taxable","15":"purchasable","16":"product-type-simple"},"acf":[],"_links":{"self":[{"href":"https:\/\/cleopatra.nl\/pl\/wp-json\/wp\/v2\/product\/3139","targetHints":{"allow":["GET"]}}],"collection":[{"href":"https:\/\/cleopatra.nl\/pl\/wp-json\/wp\/v2\/product"}],"about":[{"href":"https:\/\/cleopatra.nl\/pl\/wp-json\/wp\/v2\/types\/product"}],"wp:featuredmedia":[{"embeddable":true,"href":"https:\/\/cleopatra.nl\/pl\/wp-json\/wp\/v2\/media\/3140"}],"wp:attachment":[{"href":"https:\/\/cleopatra.nl\/pl\/wp-json\/wp\/v2\/media?parent=3139"}],"wp:term":[{"taxonomy":"product_brand","embeddable":true,"href":"https:\/\/cleopatra.nl\/pl\/wp-json\/wp\/v2\/product_brand?post=3139"},{"taxonomy":"product_cat","embeddable":true,"href":"https:\/\/cleopatra.nl\/pl\/wp-json\/wp\/v2\/product_cat?post=3139"},{"taxonomy":"product_tag","embeddable":true,"href":"https:\/\/cleopatra.nl\/pl\/wp-json\/wp\/v2\/product_tag?post=3139"}],"curies":[{"name":"wp","href":"https:\/\/api.w.org\/{rel}","templated":true}]}}