{"id":3149,"date":"2022-04-27T19:02:15","date_gmt":"2022-04-27T17:02:15","guid":{"rendered":"https:\/\/cleopatra.medialoods.com\/?post_type=product&#038;p=3149"},"modified":"2026-04-26T21:18:54","modified_gmt":"2026-04-26T19:18:54","slug":"harvia-sauna-stenen-10-15-cm","status":"publish","type":"product","link":"https:\/\/cleopatra.nl\/pl\/shop\/sauna-accessoires\/overige-sauna-accessoires\/harvia-sauna-stenen-10-15-cm\/","title":{"rendered":"Kamienie do sauny Harvia 10 - 15 cm"},"content":{"rendered":"<p>Kamienie do sauny Harvia 10-15 cm<\/p>\n<ul>\n<li>Rozmiar 10 - 15 cm<\/li>\n<li>Waga: 20 kg<\/li>\n<\/ul>\n<p>Zaleca si\u0119 regularn\u0105 wymian\u0119 kamieni w piecu do sauny. U\u017cycie p\u0142ynu spowoduje zanieczyszczenie kamieni, zmniejszaj\u0105c wydajno\u015b\u0107 ciepln\u0105. Uwaga: kamienie nale\u017cy umieszcza\u0107 ostro\u017cnie, aby unikn\u0105\u0107 uszkodzenia element\u00f3w grzejnych.<\/p>","protected":false},"excerpt":{"rendered":"<p>Harvia sauna stenen 10 -15 cm Afmeting 10 &#8211; 15 cm Gewicht: 20 kg Het is aan te raden om regelmatig de stenen van de sauna kachel te vervangen. Door gebruik van opgietmiddel raken de stenen vervuild waardoor afgifte van warmte minder wordt. Let op: plaats de stenen met beleid om schade aan de verwarmingselementen [&hellip;]<\/p>\n","protected":false},"featured_media":3150,"template":"","format":"standard","meta":{"_acf_changed":false},"product_brand":[347],"product_cat":[95,71,79],"product_tag":[],"class_list":{"0":"post-3149","1":"product","2":"type-product","3":"status-publish","4":"format-standard","5":"has-post-thumbnail","7":"product_brand-cleopatra","8":"product_cat-overige-sauna-accessoires","9":"product_cat-shop","10":"product_cat-sauna-accessoires","11":"product_shipping_class-stenen-sauna","13":"first","14":"instock","15":"taxable","16":"shipping-taxable","17":"purchasable","18":"product-type-simple"},"acf":[],"_links":{"self":[{"href":"https:\/\/cleopatra.nl\/pl\/wp-json\/wp\/v2\/product\/3149","targetHints":{"allow":["GET"]}}],"collection":[{"href":"https:\/\/cleopatra.nl\/pl\/wp-json\/wp\/v2\/product"}],"about":[{"href":"https:\/\/cleopatra.nl\/pl\/wp-json\/wp\/v2\/types\/product"}],"wp:featuredmedia":[{"embeddable":true,"href":"https:\/\/cleopatra.nl\/pl\/wp-json\/wp\/v2\/media\/3150"}],"wp:attachment":[{"href":"https:\/\/cleopatra.nl\/pl\/wp-json\/wp\/v2\/media?parent=3149"}],"wp:term":[{"taxonomy":"product_brand","embeddable":true,"href":"https:\/\/cleopatra.nl\/pl\/wp-json\/wp\/v2\/product_brand?post=3149"},{"taxonomy":"product_cat","embeddable":true,"href":"https:\/\/cleopatra.nl\/pl\/wp-json\/wp\/v2\/product_cat?post=3149"},{"taxonomy":"product_tag","embeddable":true,"href":"https:\/\/cleopatra.nl\/pl\/wp-json\/wp\/v2\/product_tag?post=3149"}],"curies":[{"name":"wp","href":"https:\/\/api.w.org\/{rel}","templated":true}]}}