{"id":3153,"date":"2022-04-27T19:02:01","date_gmt":"2022-04-27T17:02:01","guid":{"rendered":"https:\/\/cleopatra.medialoods.com\/?post_type=product&#038;p=3153"},"modified":"2026-04-26T21:18:55","modified_gmt":"2026-04-26T19:18:55","slug":"kneipp-slang-met-douche-aansluiting-1-2-incl-wandhouder-2","status":"publish","type":"product","link":"https:\/\/cleopatra.nl\/pl\/shop\/sauna-accessoires\/douches-slangen\/hogedrukdouche-met-slang-en-schroefdop-1-2\/","title":{"rendered":"W\u0105\u017c Kneipp z przy\u0142\u0105czem prysznicowym 1\/2\u2033 z uchwytem \u015bciennym"},"content":{"rendered":"<h4 id=\"tw-target-text\" class=\"tw-data-text tw-text-large XcVN5d tw-ta\" data-placeholder=\"Vertaling\"><span class=\"Y2IQFc\" lang=\"nl\">W\u0105\u017c Kneipp z prysznicem, przy\u0142\u0105cze 1\/2\u2033 wraz z uchwytem \u015bciennym<\/span><\/h4>\n<ul>\n<li class=\"tw-data-text tw-text-large XcVN5d tw-ta\" dir=\"ltr\" data-placeholder=\"Vertaling\"><span class=\"Y2IQFc\" lang=\"nl\">W zestawie 1,5-metrowy w\u0105\u017c wykonany z PVC i uchwyt \u015bcienny. Nadaje si\u0119 np. do czyszczenia siedze\u0144 w \u0142a\u017aniach parowych.<\/span><\/li>\n<li class=\"tw-data-text tw-text-large XcVN5d tw-ta\" dir=\"ltr\" data-placeholder=\"Vertaling\">Nie wolno instalowa\u0107 prysznica ci\u015bnieniowego ze sta\u0142ym ci\u015bnieniem wody.<\/li>\n<li class=\"tw-data-text tw-text-large XcVN5d tw-ta\" dir=\"ltr\" data-placeholder=\"Vertaling\">Po u\u017cyciu prysznica ci\u015bnieniowego nale\u017cy od\u0142\u0105czy\u0107 ci\u015bnienie wody za pomoc\u0105 oddzielnego zaworu odcinaj\u0105cego. waga ok. 340 gram\u00f3w<\/li>\n<\/ul>","protected":false},"excerpt":{"rendered":"<p>Kneipp slang met douche, aansluiting 1\/2&#8243; inclusief wandhouder Incl. slang met lengte 1,5 meter van PVC en muurbeugel. bijv. geschikt voor het reinigen van de stoelen in stoombadkamers. Het is niet toegestaan \u200b\u200bom de drukdouche met een permanente waterdruk te installeren. Na gebruik van de drukdouche moet de waterdruk worden afgekoppeld door middel van een [&hellip;]<\/p>\n","protected":false},"featured_media":3154,"template":"","format":"standard","meta":{"_acf_changed":false},"product_brand":[347],"product_cat":[93,71,79],"product_tag":[],"class_list":{"0":"post-3153","1":"product","2":"type-product","3":"status-publish","4":"format-standard","5":"has-post-thumbnail","7":"product_brand-cleopatra","8":"product_cat-douches-slangen","9":"product_cat-shop","10":"product_cat-sauna-accessoires","12":"first","13":"instock","14":"taxable","15":"shipping-taxable","16":"purchasable","17":"product-type-simple"},"acf":[],"_links":{"self":[{"href":"https:\/\/cleopatra.nl\/pl\/wp-json\/wp\/v2\/product\/3153","targetHints":{"allow":["GET"]}}],"collection":[{"href":"https:\/\/cleopatra.nl\/pl\/wp-json\/wp\/v2\/product"}],"about":[{"href":"https:\/\/cleopatra.nl\/pl\/wp-json\/wp\/v2\/types\/product"}],"wp:featuredmedia":[{"embeddable":true,"href":"https:\/\/cleopatra.nl\/pl\/wp-json\/wp\/v2\/media\/3154"}],"wp:attachment":[{"href":"https:\/\/cleopatra.nl\/pl\/wp-json\/wp\/v2\/media?parent=3153"}],"wp:term":[{"taxonomy":"product_brand","embeddable":true,"href":"https:\/\/cleopatra.nl\/pl\/wp-json\/wp\/v2\/product_brand?post=3153"},{"taxonomy":"product_cat","embeddable":true,"href":"https:\/\/cleopatra.nl\/pl\/wp-json\/wp\/v2\/product_cat?post=3153"},{"taxonomy":"product_tag","embeddable":true,"href":"https:\/\/cleopatra.nl\/pl\/wp-json\/wp\/v2\/product_tag?post=3153"}],"curies":[{"name":"wp","href":"https:\/\/api.w.org\/{rel}","templated":true}]}}