{"id":3155,"date":"2022-04-27T19:02:01","date_gmt":"2022-04-27T17:02:01","guid":{"rendered":"https:\/\/cleopatra.medialoods.com\/?post_type=product&#038;p=3155"},"modified":"2026-04-26T21:18:56","modified_gmt":"2026-04-26T19:18:56","slug":"sauna-emmer-hout-5-liter-2","status":"publish","type":"product","link":"https:\/\/cleopatra.nl\/pl\/shop\/sauna-accessoires\/emmers-lepels\/houten-sauna-emmer-5-liter\/","title":{"rendered":"Wiadro do sauny drewniane 5 litr\u00f3w"},"content":{"rendered":"<p>Wiadro do sauny wykonane z drewna.<\/p>\n<ul>\n<li>Wykonane z mi\u0119kkiego drewna do u\u017cytku w saunie.<\/li>\n<li>Wiadro jest zwi\u0105zane 2 \u017celaznymi obr\u0119czami dla dodatkowej wytrzyma\u0142o\u015bci<\/li>\n<li>Pojemno\u015b\u0107 oko\u0142o 5 litr\u00f3w<\/li>\n<li>Zawiera plastikow\u0105 wk\u0142adk\u0119<\/li>\n<\/ul>","protected":false},"excerpt":{"rendered":"<p>Wiadro do sauny wykonane z drewna. Wykonane z mi\u0119kkiego drewna do u\u017cytku w saunie. Wiadro jest po\u0142\u0105czone 2 \u017celaznymi obr\u0119czami dla dodatkowej wytrzyma\u0142o\u015bci Pojemno\u015b\u0107 ok. 5 litr\u00f3w Zawiera plastikow\u0105 wk\u0142adk\u0119<\/p>","protected":false},"featured_media":3156,"template":"","format":"standard","meta":{"_acf_changed":false},"product_brand":[347],"product_cat":[94,71,79],"product_tag":[],"class_list":{"0":"post-3155","1":"product","2":"type-product","3":"status-publish","4":"format-standard","5":"has-post-thumbnail","7":"product_brand-cleopatra","8":"product_cat-emmers-lepels","9":"product_cat-shop","10":"product_cat-sauna-accessoires","12":"first","13":"instock","14":"taxable","15":"shipping-taxable","16":"purchasable","17":"product-type-simple"},"acf":[],"_links":{"self":[{"href":"https:\/\/cleopatra.nl\/pl\/wp-json\/wp\/v2\/product\/3155","targetHints":{"allow":["GET"]}}],"collection":[{"href":"https:\/\/cleopatra.nl\/pl\/wp-json\/wp\/v2\/product"}],"about":[{"href":"https:\/\/cleopatra.nl\/pl\/wp-json\/wp\/v2\/types\/product"}],"wp:featuredmedia":[{"embeddable":true,"href":"https:\/\/cleopatra.nl\/pl\/wp-json\/wp\/v2\/media\/3156"}],"wp:attachment":[{"href":"https:\/\/cleopatra.nl\/pl\/wp-json\/wp\/v2\/media?parent=3155"}],"wp:term":[{"taxonomy":"product_brand","embeddable":true,"href":"https:\/\/cleopatra.nl\/pl\/wp-json\/wp\/v2\/product_brand?post=3155"},{"taxonomy":"product_cat","embeddable":true,"href":"https:\/\/cleopatra.nl\/pl\/wp-json\/wp\/v2\/product_cat?post=3155"},{"taxonomy":"product_tag","embeddable":true,"href":"https:\/\/cleopatra.nl\/pl\/wp-json\/wp\/v2\/product_tag?post=3155"}],"curies":[{"name":"wp","href":"https:\/\/api.w.org\/{rel}","templated":true}]}}