{"id":3157,"date":"2022-04-27T19:02:00","date_gmt":"2022-04-27T17:02:00","guid":{"rendered":"https:\/\/cleopatra.medialoods.com\/?post_type=product&#038;p=3157"},"modified":"2026-04-26T21:18:54","modified_gmt":"2026-04-26T19:18:54","slug":"houten-sauna-lepel-50-cm-2","status":"publish","type":"product","link":"https:\/\/cleopatra.nl\/pl\/shop\/sauna-accessoires\/emmers-lepels\/houten-sauna-lepel\/","title":{"rendered":"Drewniana \u0142y\u017cka do sauny 50 cm"},"content":{"rendered":"<p>\u0141y\u017cka do sauny<\/p>\n<ul>\n<li>Wykonane z mi\u0119kkiego drewna<\/li>\n<li>Nadaje si\u0119 do u\u017cytku w saunie<\/li>\n<li>D\u0142ugo\u015b\u0107 50 cm<\/li>\n<li>Sucha \u0142y\u017cka do sauny po u\u017cyciu<\/li>\n<\/ul>","protected":false},"excerpt":{"rendered":"<p>\u0141y\u017cka do sauny Wykonana z mi\u0119kkiego drewna Nadaje si\u0119 do sauny D\u0142ugo\u015b\u0107 50 cm Suszenie \u0142y\u017cki do sauny po u\u017cyciu<\/p>","protected":false},"featured_media":3158,"template":"","format":"standard","meta":{"_acf_changed":false},"product_brand":[347],"product_cat":[94,71,79],"product_tag":[],"class_list":{"0":"post-3157","1":"product","2":"type-product","3":"status-publish","4":"format-standard","5":"has-post-thumbnail","7":"product_brand-cleopatra","8":"product_cat-emmers-lepels","9":"product_cat-shop","10":"product_cat-sauna-accessoires","12":"first","13":"instock","14":"taxable","15":"shipping-taxable","16":"purchasable","17":"product-type-simple"},"acf":[],"_links":{"self":[{"href":"https:\/\/cleopatra.nl\/pl\/wp-json\/wp\/v2\/product\/3157","targetHints":{"allow":["GET"]}}],"collection":[{"href":"https:\/\/cleopatra.nl\/pl\/wp-json\/wp\/v2\/product"}],"about":[{"href":"https:\/\/cleopatra.nl\/pl\/wp-json\/wp\/v2\/types\/product"}],"wp:featuredmedia":[{"embeddable":true,"href":"https:\/\/cleopatra.nl\/pl\/wp-json\/wp\/v2\/media\/3158"}],"wp:attachment":[{"href":"https:\/\/cleopatra.nl\/pl\/wp-json\/wp\/v2\/media?parent=3157"}],"wp:term":[{"taxonomy":"product_brand","embeddable":true,"href":"https:\/\/cleopatra.nl\/pl\/wp-json\/wp\/v2\/product_brand?post=3157"},{"taxonomy":"product_cat","embeddable":true,"href":"https:\/\/cleopatra.nl\/pl\/wp-json\/wp\/v2\/product_cat?post=3157"},{"taxonomy":"product_tag","embeddable":true,"href":"https:\/\/cleopatra.nl\/pl\/wp-json\/wp\/v2\/product_tag?post=3157"}],"curies":[{"name":"wp","href":"https:\/\/api.w.org\/{rel}","templated":true}]}}