{"id":3159,"date":"2022-04-27T19:02:00","date_gmt":"2022-04-27T17:02:00","guid":{"rendered":"https:\/\/cleopatra.medialoods.com\/?post_type=product&#038;p=3159"},"modified":"2025-01-02T11:31:34","modified_gmt":"2025-01-02T10:31:34","slug":"houten-stortdouche-emmer-met-houder","status":"publish","type":"product","link":"https:\/\/cleopatra.nl\/pl\/shop\/sauna-accessoires\/douches-slangen\/houten-stortdouche-emmer-met-houder\/","title":{"rendered":"Drewniane wiadro prysznicowe z uchwytem"},"content":{"rendered":"<p data-placeholder=\"Vertaling\">Drewniane wiadro prysznicowe z uchwytem ze stali nierdzewnej<\/p>\n<ul>\n<li id=\"tw-target-text\" class=\"tw-data-text tw-text-large XcVN5d tw-ta\" dir=\"ltr\" data-placeholder=\"Vertaling\"><span class=\"Y2IQFc\" lang=\"nl\">Do monta\u017cu na \u015bcianie lub suficie\u00a0<\/span><\/li>\n<li class=\"tw-data-text tw-text-large XcVN5d tw-ta\" dir=\"ltr\" data-placeholder=\"Vertaling\"><span class=\"Y2IQFc\" lang=\"nl\">WxHxD ok. 350x100x350 mm <\/span><\/li>\n<li class=\"tw-data-text tw-text-large XcVN5d tw-ta\" dir=\"ltr\" data-placeholder=\"Vertaling\"><span class=\"Y2IQFc\" lang=\"nl\">Waga ok. 5,7 kg<\/span><\/li>\n<li class=\"tw-data-text tw-text-large XcVN5d tw-ta\" dir=\"ltr\" data-placeholder=\"Vertaling\">Wszystkie drewniane wiadra wykonane s\u0105 z wytrzyma\u0142ego drewna modrzewiowego - pokrytego wewn\u0105trz i na zewn\u0105trz wodoodpornym lakierem<\/li>\n<li dir=\"ltr\" data-placeholder=\"Vertaling\">\u0141a\u0144cuch poci\u0105gowy o d\u0142ugo\u015bci 700 mm z przyjazn\u0105 dla u\u017cytkownika d\u017awigni\u0105 przechy\u0142u (wszystkie metalowe cz\u0119\u015bci wykonane s\u0105 ze stali nierdzewnej 1.43XX (nawet stal nierdzewna 1.43XX mo\u017ce rdzewie\u0107 w s\u0142onym lub chlorowanym powietrzu lub podczas czyszczenia chlorowanymi detergentami!)<\/li>\n<li dir=\"ltr\" data-placeholder=\"Vertaling\">Gwint przy\u0142\u0105czeniowy 1\/2\u2033 do nape\u0142niania wod\u0105 za pomoc\u0105 w\u0119\u017ca ci\u015bnieniowego<\/li>\n<li dir=\"ltr\" data-placeholder=\"Vertaling\">Poziom wody od 4,5 do 7,5 l regulowany zaworem p\u0142ywackim<\/li>\n<li dir=\"ltr\" data-placeholder=\"Vertaling\">Wymiary \u0142y\u017cki: WxH ok. 305\u00d7270 mm<\/li>\n<\/ul>","protected":false},"excerpt":{"rendered":"<p>Houten stortdouche emmer met RVS houder Voor wand- of plafondmontage\u00a0 BxHxD ca. 350x100x350 mm Gewicht ca. 5,7 kg Alle houten emmers zijn gemaakt van duurzaam larikshout \u2013 binnen en buiten gecoat met waterdichte lak Trekketting lengte 700 mm met gebruiksvriendelijke kantelhendel (alle metalen delen zijn gemaakt van 1.43XX-roestvrij staal (ook 1.43XX-roestvrij staal kan roesten in [&hellip;]<\/p>\n","protected":false},"featured_media":3161,"template":"","format":"standard","meta":{"_acf_changed":false},"product_brand":[],"product_cat":[93,71,79],"product_tag":[],"class_list":{"0":"post-3159","1":"product","2":"type-product","3":"status-publish","4":"format-standard","5":"has-post-thumbnail","7":"product_cat-douches-slangen","8":"product_cat-shop","9":"product_cat-sauna-accessoires","11":"first","12":"instock","13":"taxable","14":"shipping-taxable","15":"purchasable","16":"product-type-simple"},"acf":[],"_links":{"self":[{"href":"https:\/\/cleopatra.nl\/pl\/wp-json\/wp\/v2\/product\/3159","targetHints":{"allow":["GET"]}}],"collection":[{"href":"https:\/\/cleopatra.nl\/pl\/wp-json\/wp\/v2\/product"}],"about":[{"href":"https:\/\/cleopatra.nl\/pl\/wp-json\/wp\/v2\/types\/product"}],"wp:featuredmedia":[{"embeddable":true,"href":"https:\/\/cleopatra.nl\/pl\/wp-json\/wp\/v2\/media\/3161"}],"wp:attachment":[{"href":"https:\/\/cleopatra.nl\/pl\/wp-json\/wp\/v2\/media?parent=3159"}],"wp:term":[{"taxonomy":"product_brand","embeddable":true,"href":"https:\/\/cleopatra.nl\/pl\/wp-json\/wp\/v2\/product_brand?post=3159"},{"taxonomy":"product_cat","embeddable":true,"href":"https:\/\/cleopatra.nl\/pl\/wp-json\/wp\/v2\/product_cat?post=3159"},{"taxonomy":"product_tag","embeddable":true,"href":"https:\/\/cleopatra.nl\/pl\/wp-json\/wp\/v2\/product_tag?post=3159"}],"curies":[{"name":"wp","href":"https:\/\/api.w.org\/{rel}","templated":true}]}}