{"id":3160,"date":"2022-04-25T14:40:58","date_gmt":"2022-04-25T12:40:58","guid":{"rendered":"https:\/\/cleopatra.medialoods.com\/?post_type=product&#038;p=3160"},"modified":"2026-04-26T22:58:07","modified_gmt":"2026-04-26T20:58:07","slug":"sauna-opgietmiddel-250-ml","status":"publish","type":"product","link":"https:\/\/cleopatra.nl\/pl\/shop\/bad-sauna-stoombad-geuren\/sauna-opgietmiddel-250-ml\/","title":{"rendered":"Sauna Opgietmiddel | Bergamot 250 ml"},"content":{"rendered":"<h4>ZMYWACZ DO SAUNY CLEOPATRA<\/h4>\n<p>Kleopatra<strong>\u00a0k\u0105piel w saunie<\/strong>\u00a0sk\u0142ada si\u0119 ze starannie dobranych olejk\u00f3w eterycznych i identycznych z naturalnymi z wyselekcjonowanymi zio\u0142ami, bez dodatku substancji syntetycznych. Mop do sauny jest idealny do aromaterapii w saunach prywatnych lub profesjonalnych.<\/p>\n<p>Dost\u0119pne s\u0105 nast\u0119puj\u0105ce zapachy:<\/p>\n<ul>\n<li>Bergamotka<\/li>\n<\/ul>\n<p>Zaparzacz jest dostarczany w eleganckiej, przezroczystej butelce o pojemno\u015bci 250 ml.<\/p>\n<p>Dawkowanie: Nale\u017cy wymiesza\u0107 25 ml p\u0142ynu z oko\u0142o 5 litrami wody. Mieszank\u0119 mo\u017cna ostro\u017cnie wylewa\u0107 na kamienie pieca w niewielkich ilo\u015bciach.<\/p>","protected":false},"excerpt":{"rendered":"<p>Kleopatra<strong>\u00a0k\u0105piel w saunie<\/strong>\u00a0sk\u0142ada si\u0119 ze starannie dobranych olejk\u00f3w eterycznych i identycznych z naturalnymi z wyselekcjonowanymi zio\u0142ami, bez dodatku substancji syntetycznych. Mop do sauny jest idealny do aromaterapii w saunach prywatnych lub profesjonalnych.<\/p>","protected":false},"featured_media":3164,"template":"","format":"standard","meta":{"_acf_changed":false},"product_brand":[347],"product_cat":[77,71],"product_tag":[],"class_list":{"0":"post-3160","1":"product","2":"type-product","3":"status-publish","4":"format-standard","5":"has-post-thumbnail","7":"product_brand-cleopatra","8":"product_cat-bad-sauna-stoombad-geuren","9":"product_cat-shop","11":"first","12":"instock","13":"sale","14":"taxable","15":"shipping-taxable","16":"purchasable","17":"product-type-simple"},"acf":[],"_links":{"self":[{"href":"https:\/\/cleopatra.nl\/pl\/wp-json\/wp\/v2\/product\/3160","targetHints":{"allow":["GET"]}}],"collection":[{"href":"https:\/\/cleopatra.nl\/pl\/wp-json\/wp\/v2\/product"}],"about":[{"href":"https:\/\/cleopatra.nl\/pl\/wp-json\/wp\/v2\/types\/product"}],"wp:featuredmedia":[{"embeddable":true,"href":"https:\/\/cleopatra.nl\/pl\/wp-json\/wp\/v2\/media\/3164"}],"wp:attachment":[{"href":"https:\/\/cleopatra.nl\/pl\/wp-json\/wp\/v2\/media?parent=3160"}],"wp:term":[{"taxonomy":"product_brand","embeddable":true,"href":"https:\/\/cleopatra.nl\/pl\/wp-json\/wp\/v2\/product_brand?post=3160"},{"taxonomy":"product_cat","embeddable":true,"href":"https:\/\/cleopatra.nl\/pl\/wp-json\/wp\/v2\/product_cat?post=3160"},{"taxonomy":"product_tag","embeddable":true,"href":"https:\/\/cleopatra.nl\/pl\/wp-json\/wp\/v2\/product_tag?post=3160"}],"curies":[{"name":"wp","href":"https:\/\/api.w.org\/{rel}","templated":true}]}}