{"id":3165,"date":"2022-04-27T19:02:14","date_gmt":"2022-04-27T17:02:14","guid":{"rendered":"https:\/\/cleopatra.medialoods.com\/?post_type=product&#038;p=3165"},"modified":"2026-04-26T21:18:55","modified_gmt":"2026-04-26T19:18:55","slug":"kneipp-slang-wit-met-1-2aansluiting-3","status":"publish","type":"product","link":"https:\/\/cleopatra.nl\/pl\/shop\/sauna-accessoires\/douches-slangen\/kneipp-slang-wit-met-schroefdop\/","title":{"rendered":"W\u0105\u017c Kneipp bia\u0142y z przy\u0142\u0105czem 1\/2\u2033"},"content":{"rendered":"<p dir=\"ltr\" data-placeholder=\"Vertaling\">W\u0105\u017c Kneipp bia\u0142y z przy\u0142\u0105czem 1\/2\u2033<\/p>\n<ul>\n<li id=\"tw-target-text\" class=\"tw-data-text tw-text-large XcVN5d tw-ta\" dir=\"ltr\" data-placeholder=\"Vertaling\"><span class=\"Y2IQFc\" lang=\"nl\">Bezpieczny dla \u017cywno\u015bci, dwu\u015bcienny w\u0105\u017c o d\u0142ugo\u015bci 1,5 m zapewniaj\u0105cy delikatny i pe\u0142ny strumie\u0144 wody, z chromowan\u0105 zakr\u0119tk\u0105 i metalow\u0105 ko\u0144c\u00f3wk\u0105 do zawieszenia na do\u0142\u0105czonym chromowanym uchwycie \u015bciennym.<\/span><\/li>\n<li dir=\"ltr\" data-placeholder=\"Vertaling\">Waga 500 gram\u00f3w<\/li>\n<\/ul>\n<p class=\"tw-data-text tw-text-large XcVN5d tw-ta\" dir=\"ltr\" data-placeholder=\"Vertaling\">","protected":false},"excerpt":{"rendered":"<p>W\u0105\u017c Kneipp Bia\u0142y z przy\u0142\u0105czem 1\/2\u2033 Bezpieczny dla \u017cywno\u015bci, dwu\u015bcienny w\u0105\u017c o d\u0142ugo\u015bci 1,5 m zapewniaj\u0105cy delikatny i pe\u0142ny strumie\u0144 wody, z chromowan\u0105 zakr\u0119tk\u0105 i ko\u0144c\u00f3wk\u0105 wykonan\u0105 z metalu do zawieszenia na do\u0142\u0105czonym chromowanym uchwycie \u015bciennym Waga 500 gram\u00f3w<\/p>","protected":false},"featured_media":3166,"template":"","format":"standard","meta":{"_acf_changed":false},"product_brand":[347],"product_cat":[93,71,79],"product_tag":[],"class_list":{"0":"post-3165","1":"product","2":"type-product","3":"status-publish","4":"format-standard","5":"has-post-thumbnail","7":"product_brand-cleopatra","8":"product_cat-douches-slangen","9":"product_cat-shop","10":"product_cat-sauna-accessoires","12":"first","13":"instock","14":"taxable","15":"shipping-taxable","16":"purchasable","17":"product-type-simple"},"acf":[],"_links":{"self":[{"href":"https:\/\/cleopatra.nl\/pl\/wp-json\/wp\/v2\/product\/3165","targetHints":{"allow":["GET"]}}],"collection":[{"href":"https:\/\/cleopatra.nl\/pl\/wp-json\/wp\/v2\/product"}],"about":[{"href":"https:\/\/cleopatra.nl\/pl\/wp-json\/wp\/v2\/types\/product"}],"wp:featuredmedia":[{"embeddable":true,"href":"https:\/\/cleopatra.nl\/pl\/wp-json\/wp\/v2\/media\/3166"}],"wp:attachment":[{"href":"https:\/\/cleopatra.nl\/pl\/wp-json\/wp\/v2\/media?parent=3165"}],"wp:term":[{"taxonomy":"product_brand","embeddable":true,"href":"https:\/\/cleopatra.nl\/pl\/wp-json\/wp\/v2\/product_brand?post=3165"},{"taxonomy":"product_cat","embeddable":true,"href":"https:\/\/cleopatra.nl\/pl\/wp-json\/wp\/v2\/product_cat?post=3165"},{"taxonomy":"product_tag","embeddable":true,"href":"https:\/\/cleopatra.nl\/pl\/wp-json\/wp\/v2\/product_tag?post=3165"}],"curies":[{"name":"wp","href":"https:\/\/api.w.org\/{rel}","templated":true}]}}