{"id":3170,"date":"2022-04-27T19:02:13","date_gmt":"2022-04-27T17:02:13","guid":{"rendered":"https:\/\/cleopatra.medialoods.com\/?post_type=product&#038;p=3170"},"modified":"2026-04-26T21:18:56","modified_gmt":"2026-04-26T19:18:56","slug":"sauna-geurstof-100-natuurlijk-2","status":"publish","type":"product","link":"https:\/\/cleopatra.nl\/pl\/shop\/sauna-accessoires\/overige-sauna-accessoires\/sauna-infuuszak-100-natuurlijk\/","title":{"rendered":"Zapach do sauny 100% naturalny"},"content":{"rendered":"<p><strong>Worek infuzyjny do sauny 100% naturalny<\/strong><\/p>\n<p id=\"tw-target-text\" class=\"tw-data-text tw-text-large XcVN5d tw-ta\" dir=\"ltr\" data-placeholder=\"Vertaling\"><span class=\"Y2IQFc\" lang=\"nl\">Jak dzia\u0142a worek infuzyjny: Worek infuzyjny do sauny z naturalnym, suszonym materia\u0142em ro\u015blinnym o sprawdzonej jako\u015bci bezpiecznej dla \u017cywno\u015bci. 1 worek na 1 litr ciep\u0142ej wody i pozostawi\u0107 do zaparzenia na oko\u0142o 5 minut - dla naturalnego naparu do sauny 100%. Nast\u0119pnie mo\u017cna wyla\u0107 zapach na piec.<\/span><\/p>\n<p dir=\"ltr\" data-placeholder=\"Vertaling\"><strong>R\u00f3\u017cne zapachy:<\/strong><\/p>\n<p id=\"tw-target-text\" class=\"tw-data-text tw-text-large XcVN5d tw-ta\" data-placeholder=\"Vertaling\"><strong><span class=\"Y2IQFc\" lang=\"nl\">Li\u015bcie brzozy<\/span><\/strong><\/p>\n<ul>\n<li class=\"tw-data-text tw-text-large XcVN5d tw-ta\" dir=\"ltr\" data-placeholder=\"Vertaling\"><span class=\"Y2IQFc\" lang=\"nl\">Dla ka\u017cdego, kto uwielbia typowy fi\u0144ski zapach brzozy, ale dla kogo przenoszenie wi\u0105zek brzozy jest zbyt uci\u0105\u017cliwe. Daje pyszny zapach po wlaniu do pieca do sauny.<\/span><\/li>\n<\/ul>\n<p class=\"tw-data-text tw-text-large XcVN5d tw-ta\" data-placeholder=\"Vertaling\"><strong><span class=\"Y2IQFc\" lang=\"nl\">Kwiaty lawendy<\/span><\/strong><\/p>\n<ul>\n<li class=\"tw-data-text tw-text-large XcVN5d tw-ta\" dir=\"ltr\" data-placeholder=\"Vertaling\"><span class=\"Y2IQFc\" lang=\"nl\">Zr\u00f3wnowa\u017cony, relaksuj\u0105cy zapach.\u00a0<\/span><\/li>\n<\/ul>\n<p class=\"tw-data-text tw-text-large XcVN5d tw-ta\" data-placeholder=\"Vertaling\"><strong><span class=\"Y2IQFc\" lang=\"nl\">Zimowa magia<\/span><\/strong><\/p>\n<ul>\n<li class=\"tw-data-text tw-text-large XcVN5d tw-ta\" dir=\"ltr\" data-placeholder=\"Vertaling\"><span class=\"Y2IQFc\" lang=\"nl\">(cynamon, sk\u00f3rki pomara\u0144czy, any\u017c, go\u017adziki) - harmonizuj\u0105cy, tworzy \u015bwi\u0105teczny zapach. Zestaw mieszany sk\u0142adaj\u0105cy si\u0119 z 3 pojedynczych saszetek po ok. 10 g li\u015bcia brzozy, kwiatu lawendy i zimowej magii.<\/span><\/li>\n<\/ul>\n<p data-placeholder=\"Vertaling\"><strong>Mieszane<\/strong><\/p>\n<p>Torebka mieszana zawieraj\u0105ca 3 torebki zapachowe ka\u017cdego zapachu (3 li\u015bcie brzozy, 3 kwiaty lawendy i 3 magia zimy).<\/p>","protected":false},"excerpt":{"rendered":"<p>Sauna Infuuszak 100% natuurlijk Hoe werkt de infuuszak: Sauna infusiezak met natuurlijk, gedroogd plantaardig materiaal in geteste voedselveilige kwaliteit. circa 1 zak per 1 liter warm water en laat ze\u00a0 circa 5 minuten trekken \u2013 voor een 100% natuurlijke sauna-infusie. Hierna kan men de geurstof op de kachel gieten. Verschillende geuren: Berken bladeren Voor iedereen [&hellip;]<\/p>\n","protected":false},"featured_media":3172,"template":"","format":"standard","meta":{"_acf_changed":false},"product_brand":[347],"product_cat":[95,71,79],"product_tag":[],"class_list":{"0":"post-3170","1":"product","2":"type-product","3":"status-publish","4":"format-standard","5":"has-post-thumbnail","7":"product_brand-cleopatra","8":"product_cat-overige-sauna-accessoires","9":"product_cat-shop","10":"product_cat-sauna-accessoires","12":"first","13":"instock","14":"taxable","15":"shipping-taxable","16":"purchasable","17":"product-type-simple"},"acf":[],"_links":{"self":[{"href":"https:\/\/cleopatra.nl\/pl\/wp-json\/wp\/v2\/product\/3170","targetHints":{"allow":["GET"]}}],"collection":[{"href":"https:\/\/cleopatra.nl\/pl\/wp-json\/wp\/v2\/product"}],"about":[{"href":"https:\/\/cleopatra.nl\/pl\/wp-json\/wp\/v2\/types\/product"}],"wp:featuredmedia":[{"embeddable":true,"href":"https:\/\/cleopatra.nl\/pl\/wp-json\/wp\/v2\/media\/3172"}],"wp:attachment":[{"href":"https:\/\/cleopatra.nl\/pl\/wp-json\/wp\/v2\/media?parent=3170"}],"wp:term":[{"taxonomy":"product_brand","embeddable":true,"href":"https:\/\/cleopatra.nl\/pl\/wp-json\/wp\/v2\/product_brand?post=3170"},{"taxonomy":"product_cat","embeddable":true,"href":"https:\/\/cleopatra.nl\/pl\/wp-json\/wp\/v2\/product_cat?post=3170"},{"taxonomy":"product_tag","embeddable":true,"href":"https:\/\/cleopatra.nl\/pl\/wp-json\/wp\/v2\/product_tag?post=3170"}],"curies":[{"name":"wp","href":"https:\/\/api.w.org\/{rel}","templated":true}]}}