{"id":3173,"date":"2022-04-25T14:58:31","date_gmt":"2022-04-25T12:58:31","guid":{"rendered":"https:\/\/cleopatra.medialoods.com\/?post_type=product&#038;p=3173"},"modified":"2026-04-26T21:18:58","modified_gmt":"2026-04-26T19:18:58","slug":"stoombad-melk-5-liter-eucalyptus-original-2","status":"publish","type":"product","link":"https:\/\/cleopatra.nl\/pl\/shop\/bad-sauna-stoombad-geuren\/stoombad-melk-5-liter-original\/","title":{"rendered":"Mleko do \u0142a\u017ani parowej 5 litr\u00f3w | Eukaliptus (oryginalne)"},"content":{"rendered":"<p>Mleko do k\u0105pieli parowej Cleopatra - prawdziwa okazja!<\/p>\n<p>Kleopatra\u00a0<strong>mleko do \u0142a\u017ani parowej<\/strong> to wysokiej jako\u015bci zapachy u\u017cywane zar\u00f3wno przez osoby prywatne, jak i profesjonalist\u00f3w. Zapachy do \u0142a\u017ani parowej s\u0105 wykonane z czystego olejku eterycznego 100% i bezzapachowych adiuwant\u00f3w. Idealne do aromaterapii w \u0142a\u017ani parowej lub Hammam. Jest to<strong> orygina\u0142<\/strong> wersja nierozcie\u0144czona, a tak\u017ce chroniona receptura, kt\u00f3r\u0105 Cleopatra sprzedaje od 40 lat. I od razu to zauwa\u017cysz - potrzebujesz mniej zapachu, aby uzyska\u0107 pyszny efekt. Dodatek mleka wskazuje na bia\u0142\u0105 substancj\u0119; ze wzgl\u0119du na intensywno\u015b\u0107 zapachu zalecamy rozcie\u0144czenie mleka wod\u0105.<\/p>\n<p>Mleczko eukaliptusowe ma pi\u0119kny, \u015bwie\u017cy zapach.<\/p>\n<p>Mleko jest dostarczane w 5-litrowych beczkach.<\/p>\n<p>Dawkowanie: Rozcie\u0144czy\u0107 wod\u0105 (1 cz\u0119\u015b\u0107 zapachu na 5 cz\u0119\u015bci wody).<\/p>\n<p>Okres trwa\u0142o\u015bci: 12 miesi\u0119cy.<\/p>","protected":false},"excerpt":{"rendered":"<p>Cleopatra Stoombad melk &#8211; de echte! De Cleopatra\u00a0stoombad melk zijn een hoogwaardige geuren die zowel door particulieren als door professionele partijen gebruikt worden. De stoombadgeuren zijn gemaakt uit 100% zuivere etherische olie en geurloze hulpstoffen. Ideaal voor aromatherapie in een stoombad en of Hammam. Het betreft hier een original uitvoering \u2013 onverdund, en bovendien een [&hellip;]<\/p>\n","protected":false},"featured_media":3175,"template":"","format":"standard","meta":{"_acf_changed":false},"product_brand":[347],"product_cat":[77,71],"product_tag":[],"class_list":{"0":"post-3173","1":"product","2":"type-product","3":"status-publish","4":"format-standard","5":"has-post-thumbnail","7":"product_brand-cleopatra","8":"product_cat-bad-sauna-stoombad-geuren","9":"product_cat-shop","11":"first","12":"instock","13":"sale","14":"taxable","15":"shipping-taxable","16":"purchasable","17":"product-type-simple"},"acf":[],"_links":{"self":[{"href":"https:\/\/cleopatra.nl\/pl\/wp-json\/wp\/v2\/product\/3173","targetHints":{"allow":["GET"]}}],"collection":[{"href":"https:\/\/cleopatra.nl\/pl\/wp-json\/wp\/v2\/product"}],"about":[{"href":"https:\/\/cleopatra.nl\/pl\/wp-json\/wp\/v2\/types\/product"}],"wp:featuredmedia":[{"embeddable":true,"href":"https:\/\/cleopatra.nl\/pl\/wp-json\/wp\/v2\/media\/3175"}],"wp:attachment":[{"href":"https:\/\/cleopatra.nl\/pl\/wp-json\/wp\/v2\/media?parent=3173"}],"wp:term":[{"taxonomy":"product_brand","embeddable":true,"href":"https:\/\/cleopatra.nl\/pl\/wp-json\/wp\/v2\/product_brand?post=3173"},{"taxonomy":"product_cat","embeddable":true,"href":"https:\/\/cleopatra.nl\/pl\/wp-json\/wp\/v2\/product_cat?post=3173"},{"taxonomy":"product_tag","embeddable":true,"href":"https:\/\/cleopatra.nl\/pl\/wp-json\/wp\/v2\/product_tag?post=3173"}],"curies":[{"name":"wp","href":"https:\/\/api.w.org\/{rel}","templated":true}]}}