{"id":3174,"date":"2022-04-27T19:02:13","date_gmt":"2022-04-27T17:02:13","guid":{"rendered":"https:\/\/cleopatra.medialoods.com\/?post_type=product&#038;p=3174"},"modified":"2026-04-26T21:18:56","modified_gmt":"2026-04-26T19:18:56","slug":"sauna-peeling-salt-300-gram-2","status":"publish","type":"product","link":"https:\/\/cleopatra.nl\/pl\/shop\/sauna-accessoires\/overige-sauna-accessoires\/sauna-peeling-salt\/","title":{"rendered":"S\u00f3l peelinguj\u0105ca do sauny (300 gram\u00f3w)"},"content":{"rendered":"<p><strong>S\u00f3l peelinguj\u0105ca do sauny<\/strong><\/p>\n<ul>\n<li>Nawil\u017caj\u0105cy peeling do ca\u0142ego cia\u0142a o zapachu li\u015bci brzozy.<\/li>\n<li>S\u00f3l peelinguj\u0105ca zawiera olej kokosowy i migda\u0142owy i pozostawia na sk\u00f3rze warstw\u0119 ochronn\u0105.<\/li>\n<li>Nawil\u017ca i oczyszcza sk\u00f3r\u0119, sp\u0142ukuje si\u0119 wod\u0105.<\/li>\n<\/ul>\n<p><strong>Instrukcja obs\u0142ugi:<\/strong><\/p>\n<ul>\n<li>Zwil\u017cy\u0107 sk\u00f3r\u0119 wod\u0105 lub poc\u0105c si\u0119 w saunie.<\/li>\n<li>U\u017cywaj\u0105c d\u0142oni lub r\u0119kawicy do mycia, wetrzyj 2-4 \u0142y\u017cki cukru z\u0142uszczaj\u0105cego w ca\u0142e cia\u0142o.<\/li>\n<li>Sp\u0142uka\u0107 i osuszy\u0107 sk\u00f3r\u0119.<\/li>\n<li><strong>Nie stosowa\u0107 na uszkodzon\u0105 lub podra\u017cnion\u0105 sk\u00f3r\u0119, nie stosowa\u0107 na twarz.<\/strong><\/li>\n<\/ul>","protected":false},"excerpt":{"rendered":"<p>Sauna Peeling Salt Hydraterende peeling voor het hele lichaam met de geur van berkenblad. De peeling salt bevat kokos- en amandelolie en laat een beschermend laagje op de huid achter. Hydrateert en reinigt de huid, spoelt af met water. Gebruiksaanwijzing: Bevochtig de huid met water of door te zweten in een sauna. Wrijf met de [&hellip;]<\/p>\n","protected":false},"featured_media":3177,"template":"","format":"standard","meta":{"_acf_changed":false},"product_brand":[347],"product_cat":[95,71,79],"product_tag":[],"class_list":{"0":"post-3174","1":"product","2":"type-product","3":"status-publish","4":"format-standard","5":"has-post-thumbnail","7":"product_brand-cleopatra","8":"product_cat-overige-sauna-accessoires","9":"product_cat-shop","10":"product_cat-sauna-accessoires","12":"first","13":"instock","14":"taxable","15":"shipping-taxable","16":"purchasable","17":"product-type-simple"},"acf":[],"_links":{"self":[{"href":"https:\/\/cleopatra.nl\/pl\/wp-json\/wp\/v2\/product\/3174","targetHints":{"allow":["GET"]}}],"collection":[{"href":"https:\/\/cleopatra.nl\/pl\/wp-json\/wp\/v2\/product"}],"about":[{"href":"https:\/\/cleopatra.nl\/pl\/wp-json\/wp\/v2\/types\/product"}],"wp:featuredmedia":[{"embeddable":true,"href":"https:\/\/cleopatra.nl\/pl\/wp-json\/wp\/v2\/media\/3177"}],"wp:attachment":[{"href":"https:\/\/cleopatra.nl\/pl\/wp-json\/wp\/v2\/media?parent=3174"}],"wp:term":[{"taxonomy":"product_brand","embeddable":true,"href":"https:\/\/cleopatra.nl\/pl\/wp-json\/wp\/v2\/product_brand?post=3174"},{"taxonomy":"product_cat","embeddable":true,"href":"https:\/\/cleopatra.nl\/pl\/wp-json\/wp\/v2\/product_cat?post=3174"},{"taxonomy":"product_tag","embeddable":true,"href":"https:\/\/cleopatra.nl\/pl\/wp-json\/wp\/v2\/product_tag?post=3174"}],"curies":[{"name":"wp","href":"https:\/\/api.w.org\/{rel}","templated":true}]}}