{"id":3183,"date":"2022-04-27T19:02:12","date_gmt":"2022-04-27T17:02:12","guid":{"rendered":"https:\/\/cleopatra.medialoods.com\/?post_type=product&#038;p=3183"},"modified":"2026-04-26T21:18:56","modified_gmt":"2026-04-26T19:18:56","slug":"sauna-set-cleo-premium-zwart-6-delen","status":"publish","type":"product","link":"https:\/\/cleopatra.nl\/pl\/shop\/sauna-accessoires\/sauna-sets\/sauna-set-cleopatra-zwart\/","title":{"rendered":"Zestaw do sauny Cleo Premium Black (6 cz\u0119\u015bci)"},"content":{"rendered":"<p>Zestaw saun Cleo premium w kolorze czarnym sk\u0142ada si\u0119 z:<\/p>\n<ul type=\"disc\">\n<li class=\"x_MsoListParagraph\">Wiadro 6,5 litra<\/li>\n<li class=\"x_MsoListParagraph\">\u0141y\u017cka 46 cm<\/li>\n<li class=\"x_MsoListParagraph\">Ga\u0142\u0119zie brzozy 60 cm<\/li>\n<li class=\"x_MsoListParagraph\">Zapach eukaliptusowy 250 ml (koncentrat)<\/li>\n<li class=\"x_MsoListParagraph\">S\u00f3l do szorowania 300 gram\u00f3w Wanilia<\/li>\n<li class=\"x_MsoListParagraph\">Mi\u00f3d do sauny 200 g Mi\u0119ta i s\u00f3l<\/li>\n<\/ul>\n<p>&nbsp;<\/p>","protected":false},"excerpt":{"rendered":"<p>Zestaw do sauny Cleo premium w kolorze czarnym sk\u0142ada si\u0119 z: Wiadro 6,5 litra \u0141y\u017cka 46 cm Ga\u0142\u0119zie brzozy 60 cm Zapach eukaliptusowy 250 ml (koncentrat) S\u00f3l do szorowania 300 gram\u00f3w Wanilia Mi\u00f3d do sauny 200 gram\u00f3w Mi\u0119ta &amp; S\u00f3l &nbsp;<\/p>","protected":false},"featured_media":3184,"template":"","format":"standard","meta":{"_acf_changed":false},"product_brand":[347],"product_cat":[96,71,79],"product_tag":[],"class_list":{"0":"post-3183","1":"product","2":"type-product","3":"status-publish","4":"format-standard","5":"has-post-thumbnail","7":"product_brand-cleopatra","8":"product_cat-sauna-sets","9":"product_cat-shop","10":"product_cat-sauna-accessoires","12":"first","13":"instock","14":"taxable","15":"shipping-taxable","16":"purchasable","17":"product-type-simple"},"acf":[],"_links":{"self":[{"href":"https:\/\/cleopatra.nl\/pl\/wp-json\/wp\/v2\/product\/3183","targetHints":{"allow":["GET"]}}],"collection":[{"href":"https:\/\/cleopatra.nl\/pl\/wp-json\/wp\/v2\/product"}],"about":[{"href":"https:\/\/cleopatra.nl\/pl\/wp-json\/wp\/v2\/types\/product"}],"wp:featuredmedia":[{"embeddable":true,"href":"https:\/\/cleopatra.nl\/pl\/wp-json\/wp\/v2\/media\/3184"}],"wp:attachment":[{"href":"https:\/\/cleopatra.nl\/pl\/wp-json\/wp\/v2\/media?parent=3183"}],"wp:term":[{"taxonomy":"product_brand","embeddable":true,"href":"https:\/\/cleopatra.nl\/pl\/wp-json\/wp\/v2\/product_brand?post=3183"},{"taxonomy":"product_cat","embeddable":true,"href":"https:\/\/cleopatra.nl\/pl\/wp-json\/wp\/v2\/product_cat?post=3183"},{"taxonomy":"product_tag","embeddable":true,"href":"https:\/\/cleopatra.nl\/pl\/wp-json\/wp\/v2\/product_tag?post=3183"}],"curies":[{"name":"wp","href":"https:\/\/api.w.org\/{rel}","templated":true}]}}