{"id":3190,"date":"2022-04-27T19:01:59","date_gmt":"2022-04-27T17:01:59","guid":{"rendered":"https:\/\/cleopatra.medialoods.com\/?post_type=product&#038;p=3190"},"modified":"2026-04-26T21:18:58","modified_gmt":"2026-04-26T19:18:58","slug":"stortdouche-emmer-van-rvs-met-houder-2","status":"publish","type":"product","link":"https:\/\/cleopatra.nl\/pl\/shop\/sauna-accessoires\/douches-slangen\/stortdouche-emmer-van-roestvrij-staal-met-houder\/","title":{"rendered":"Wiadro prysznicowe ze stali nierdzewnej z uchwytem"},"content":{"rendered":"<p dir=\"ltr\" data-placeholder=\"Vertaling\">Wiadro prysznicowe ze stali nierdzewnej z uchwytem<\/p>\n<ul>\n<li id=\"tw-target-text\" class=\"tw-data-text tw-text-large XcVN5d tw-ta\" dir=\"ltr\" data-placeholder=\"Vertaling\"><span class=\"Y2IQFc\" lang=\"nl\">Do monta\u017cu na \u015bcianie lub suficie <\/span><\/li>\n<li class=\"tw-data-text tw-text-large XcVN5d tw-ta\" dir=\"ltr\" data-placeholder=\"Vertaling\"><span class=\"Y2IQFc\" lang=\"nl\">WxHxD ok. 350x100x350 mm <\/span><\/li>\n<li class=\"tw-data-text tw-text-large XcVN5d tw-ta\" dir=\"ltr\" data-placeholder=\"Vertaling\"><span class=\"Y2IQFc\" lang=\"nl\">Waga ok. 3,8 kg<\/span><\/li>\n<li class=\"tw-data-text tw-text-large XcVN5d tw-ta\" dir=\"ltr\" data-placeholder=\"Vertaling\">\u0141a\u0144cuch poci\u0105gowy o d\u0142ugo\u015bci 700 mm z przyjazn\u0105 dla u\u017cytkownika d\u017awigni\u0105 przechy\u0142u (wszystkie metalowe cz\u0119\u015bci wykonane s\u0105 ze stali nierdzewnej 1.43XX (nawet stal nierdzewna 1.43XX mo\u017ce rdzewie\u0107 w s\u0142onym lub chlorowanym powietrzu lub podczas czyszczenia chlorowanymi detergentami!)<\/li>\n<li class=\"tw-data-text tw-text-large XcVN5d tw-ta\" dir=\"ltr\" data-placeholder=\"Vertaling\">Gwint przy\u0142\u0105czeniowy 1\/2\u2033 do nape\u0142niania wod\u0105 za pomoc\u0105 w\u0119\u017ca ci\u015bnieniowego<\/li>\n<li class=\"tw-data-text tw-text-large XcVN5d tw-ta\" dir=\"ltr\" data-placeholder=\"Vertaling\">Poziom wody od 4,5 do 7,5 l regulowany zaworem p\u0142ywackim<\/li>\n<\/ul>","protected":false},"excerpt":{"rendered":"<p>Stortdouche emmer van RVS met houder Voor wand- of plafondmontage BxHxD ca. 350x100x350 mm Gewicht ca.3,8 kg Trekketting lengte 700 mm met gebruiksvriendelijke kantelhendel (alle metalen delen zijn gemaakt van 1.43XX-roestvrij staal (ook 1.43XX-roestvrij staal kan roesten in zoute of chloorhoudende omgevingslucht of door reiniging met chloorhoudende reinigingsmiddelen!) Aansluitschroefdraad 1\/2\u2033 voor watervulling met drukslang Waterniveau [&hellip;]<\/p>\n","protected":false},"featured_media":3191,"template":"","format":"standard","meta":{"_acf_changed":false},"product_brand":[347],"product_cat":[93,71,79],"product_tag":[],"class_list":{"0":"post-3190","1":"product","2":"type-product","3":"status-publish","4":"format-standard","5":"has-post-thumbnail","7":"product_brand-cleopatra","8":"product_cat-douches-slangen","9":"product_cat-shop","10":"product_cat-sauna-accessoires","12":"first","13":"instock","14":"taxable","15":"shipping-taxable","16":"purchasable","17":"product-type-simple"},"acf":[],"_links":{"self":[{"href":"https:\/\/cleopatra.nl\/pl\/wp-json\/wp\/v2\/product\/3190","targetHints":{"allow":["GET"]}}],"collection":[{"href":"https:\/\/cleopatra.nl\/pl\/wp-json\/wp\/v2\/product"}],"about":[{"href":"https:\/\/cleopatra.nl\/pl\/wp-json\/wp\/v2\/types\/product"}],"wp:featuredmedia":[{"embeddable":true,"href":"https:\/\/cleopatra.nl\/pl\/wp-json\/wp\/v2\/media\/3191"}],"wp:attachment":[{"href":"https:\/\/cleopatra.nl\/pl\/wp-json\/wp\/v2\/media?parent=3190"}],"wp:term":[{"taxonomy":"product_brand","embeddable":true,"href":"https:\/\/cleopatra.nl\/pl\/wp-json\/wp\/v2\/product_brand?post=3190"},{"taxonomy":"product_cat","embeddable":true,"href":"https:\/\/cleopatra.nl\/pl\/wp-json\/wp\/v2\/product_cat?post=3190"},{"taxonomy":"product_tag","embeddable":true,"href":"https:\/\/cleopatra.nl\/pl\/wp-json\/wp\/v2\/product_tag?post=3190"}],"curies":[{"name":"wp","href":"https:\/\/api.w.org\/{rel}","templated":true}]}}