{"id":3194,"date":"2022-04-27T19:01:59","date_gmt":"2022-04-27T17:01:59","guid":{"rendered":"https:\/\/cleopatra.medialoods.com\/?post_type=product&#038;p=3194"},"modified":"2026-04-26T21:19:00","modified_gmt":"2026-04-26T19:19:00","slug":"zelfsluitend-ventiel-1-2-x-1-2","status":"publish","type":"product","link":"https:\/\/cleopatra.nl\/pl\/shop\/sauna-accessoires\/douches-slangen\/zelfsluitende-klep-1-2x1-2\/","title":{"rendered":"Zaw\u00f3r samozamykaj\u0105cy 1\/2\u2033 x 1\/2\u2033"},"content":{"rendered":"<p dir=\"ltr\" data-placeholder=\"Vertaling\">Zaw\u00f3r samozamykaj\u0105cy 1\/2\u2033 x 1\/2\u2033<\/p>\n<ul>\n<li id=\"tw-target-text\" class=\"tw-data-text tw-text-large XcVN5d tw-ta\" dir=\"ltr\" data-placeholder=\"Vertaling\"><span class=\"Y2IQFc\" lang=\"nl\">Czas przep\u0142ywu wody mo\u017ce by\u0107 regulowany przez klienta za pomoc\u0105 do\u0142\u0105czonego klucza imbusowego w zakresie od ok. 0 do 55 sekund.<\/span><\/li>\n<li class=\"tw-data-text tw-text-large XcVN5d tw-ta\" dir=\"ltr\" data-placeholder=\"Vertaling\"><span class=\"Y2IQFc\" lang=\"nl\">Odpowiedni dla ci\u015bnienia wody od 0,1 do 3 bar\u00f3w<\/span><\/li>\n<li class=\"tw-data-text tw-text-large XcVN5d tw-ta\" dir=\"ltr\" data-placeholder=\"Vertaling\"><span class=\"Y2IQFc\" lang=\"nl\">Bez zintegrowanego zaworu zwrotnego<\/span><\/li>\n<li class=\"tw-data-text tw-text-large XcVN5d tw-ta\" dir=\"ltr\" data-placeholder=\"Vertaling\"><span class=\"Y2IQFc\" lang=\"nl\">Wykonana z chromowanego mosi\u0105dzu polerowanego na wysoki po\u0142ysk<\/span><\/li>\n<li class=\"tw-data-text tw-text-large XcVN5d tw-ta\" dir=\"ltr\" data-placeholder=\"Vertaling\"><span class=\"Y2IQFc\" lang=\"nl\">Wraz z rozet\u0105 \u015bcienn\u0105<\/span><\/li>\n<li class=\"tw-data-text tw-text-large XcVN5d tw-ta\" dir=\"ltr\" data-placeholder=\"Vertaling\">Wymiary: szer. x wys. ok. 33 x 130 mm<\/li>\n<li class=\"tw-data-text tw-text-large XcVN5d tw-ta\" dir=\"ltr\" data-placeholder=\"Vertaling\">Waga oko\u0142o 360 gram\u00f3w<\/li>\n<\/ul>","protected":false},"excerpt":{"rendered":"<p>Samozamykaj\u0105cy si\u0119 zaw\u00f3r 1\/2\u2033 x 1\/2\u2033 Czas przep\u0142ywu wody jest regulowany przez klienta za pomoc\u0105 do\u0142\u0105czonego klucza imbusowego w zakresie od ok. 0 do 55 sekund Odpowiedni do ci\u015bnienia wody 0,1 - 3 bar Bez zintegrowanego zaworu zwrotnego Wykonany z polerowanego chromowanego mosi\u0105dzu Zawiera rozet\u0119 \u015bcienn\u0105 Wymiary: szer. x wys. ok. 33 x 130 mm Waga ok. 360 gram\u00f3w<\/p>","protected":false},"featured_media":3195,"template":"","format":"standard","meta":{"_acf_changed":false},"product_brand":[347],"product_cat":[93,71,79],"product_tag":[],"class_list":{"0":"post-3194","1":"product","2":"type-product","3":"status-publish","4":"format-standard","5":"has-post-thumbnail","7":"product_brand-cleopatra","8":"product_cat-douches-slangen","9":"product_cat-shop","10":"product_cat-sauna-accessoires","12":"first","13":"instock","14":"taxable","15":"shipping-taxable","16":"purchasable","17":"product-type-simple"},"acf":[],"_links":{"self":[{"href":"https:\/\/cleopatra.nl\/pl\/wp-json\/wp\/v2\/product\/3194","targetHints":{"allow":["GET"]}}],"collection":[{"href":"https:\/\/cleopatra.nl\/pl\/wp-json\/wp\/v2\/product"}],"about":[{"href":"https:\/\/cleopatra.nl\/pl\/wp-json\/wp\/v2\/types\/product"}],"wp:featuredmedia":[{"embeddable":true,"href":"https:\/\/cleopatra.nl\/pl\/wp-json\/wp\/v2\/media\/3195"}],"wp:attachment":[{"href":"https:\/\/cleopatra.nl\/pl\/wp-json\/wp\/v2\/media?parent=3194"}],"wp:term":[{"taxonomy":"product_brand","embeddable":true,"href":"https:\/\/cleopatra.nl\/pl\/wp-json\/wp\/v2\/product_brand?post=3194"},{"taxonomy":"product_cat","embeddable":true,"href":"https:\/\/cleopatra.nl\/pl\/wp-json\/wp\/v2\/product_cat?post=3194"},{"taxonomy":"product_tag","embeddable":true,"href":"https:\/\/cleopatra.nl\/pl\/wp-json\/wp\/v2\/product_tag?post=3194"}],"curies":[{"name":"wp","href":"https:\/\/api.w.org\/{rel}","templated":true}]}}