{"id":3197,"date":"2022-04-25T16:37:50","date_gmt":"2022-04-25T14:37:50","guid":{"rendered":"https:\/\/cleopatra.medialoods.com\/?post_type=product&#038;p=3197"},"modified":"2026-01-27T18:00:42","modified_gmt":"2026-01-27T17:00:42","slug":"acryl-bank-750mm","status":"publish","type":"product","link":"https:\/\/cleopatra.nl\/pl\/shop\/modulair-stoom\/acryl-betegelbare-banken\/acryl-bank-750-mm\/","title":{"rendered":"\u0141awka akrylowa | 750mm"},"content":{"rendered":"<p>Ta akrylowa \u0142awka jest \u0142atwa w czyszczeniu i doskonale nadaje si\u0119 do \u0142a\u017ani parowej.<\/p>\n<h4><strong><br \/>\nZAKRES DOSTAWY<\/strong><\/h4>\n<ul>\n<li style=\"list-style-type: none;\">\n<ul>\n<li><span data-contrast=\"auto\">Najwy\u017csza jako\u015b\u0107<\/span><b><span data-contrast=\"auto\">\u0142awka do \u0142a\u017ani parowej<\/span><\/b><span data-contrast=\"auto\">z akrylu. <\/span><\/li>\n<li><span data-contrast=\"auto\">\u0141atwo\u015b\u0107 czyszczenia.<\/span><\/li>\n<li><span data-contrast=\"auto\">Naro\u017cnik ma nast\u0119puj\u0105ce wymiary i jest dost\u0119pny z naro\u017cnikiem po lewej (jak pokazano na zdj\u0119ciu) lub po prawej stronie.<\/span><\/li>\n<li>Zawiera elementy mocuj\u0105ce do bezpo\u015bredniego monta\u017cu na \u015bcianie.<\/li>\n<\/ul>\n<\/li>\n<\/ul>\n<h4>R\u0118CZNY<\/h4>\n<p>Pobierz <a href=\"https:\/\/cleopatra.nl\/wp-content\/uploads\/Montage-handleiding-Acryl-banken-DE-ENG-NL-90156901.pdf\">instrukcja tutaj.<\/a><\/p>","protected":false},"excerpt":{"rendered":"<p>Ta akrylowa \u0142awka jest \u0142atwa w czyszczeniu i doskonale nadaje si\u0119 do \u0142a\u017ani parowej.<\/p>","protected":false},"featured_media":3211,"template":"","format":"standard","meta":{"_acf_changed":false},"product_brand":[],"product_cat":[88,78,71],"product_tag":[],"class_list":{"0":"post-3197","1":"product","2":"type-product","3":"status-publish","4":"format-standard","5":"has-post-thumbnail","7":"product_cat-acryl-betegelbare-banken","8":"product_cat-modulair-stoom","9":"product_cat-shop","11":"first","12":"onbackorder","13":"taxable","14":"shipping-taxable","15":"purchasable","16":"product-type-simple"},"acf":[],"_links":{"self":[{"href":"https:\/\/cleopatra.nl\/pl\/wp-json\/wp\/v2\/product\/3197","targetHints":{"allow":["GET"]}}],"collection":[{"href":"https:\/\/cleopatra.nl\/pl\/wp-json\/wp\/v2\/product"}],"about":[{"href":"https:\/\/cleopatra.nl\/pl\/wp-json\/wp\/v2\/types\/product"}],"wp:featuredmedia":[{"embeddable":true,"href":"https:\/\/cleopatra.nl\/pl\/wp-json\/wp\/v2\/media\/3211"}],"wp:attachment":[{"href":"https:\/\/cleopatra.nl\/pl\/wp-json\/wp\/v2\/media?parent=3197"}],"wp:term":[{"taxonomy":"product_brand","embeddable":true,"href":"https:\/\/cleopatra.nl\/pl\/wp-json\/wp\/v2\/product_brand?post=3197"},{"taxonomy":"product_cat","embeddable":true,"href":"https:\/\/cleopatra.nl\/pl\/wp-json\/wp\/v2\/product_cat?post=3197"},{"taxonomy":"product_tag","embeddable":true,"href":"https:\/\/cleopatra.nl\/pl\/wp-json\/wp\/v2\/product_tag?post=3197"}],"curies":[{"name":"wp","href":"https:\/\/api.w.org\/{rel}","templated":true}]}}