{"id":3198,"date":"2022-04-27T19:02:10","date_gmt":"2022-04-27T17:02:10","guid":{"rendered":"https:\/\/cleopatra.medialoods.com\/?post_type=product&#038;p=3198"},"modified":"2026-04-26T23:15:00","modified_gmt":"2026-04-26T21:15:00","slug":"backwall-steam-shower-deluxe-plus","status":"publish","type":"product","link":"https:\/\/cleopatra.nl\/pl\/shop\/stoomtechniek-prive\/stoomtechniek-stoomtechniek-prive\/backwall-steam-shower-brain-plus\/","title":{"rendered":"Backwall Steam &amp; Shower Deluxe Plus"},"content":{"rendered":"<h4>WEWN\u0118TRZNY GENERATOR PARY I ODNOWY BIOLOGICZNEJ Z PRYSZNICEM<\/h4>\n<p>BackWall Steam &amp; Shower to przyjazny w instalacji system, kt\u00f3ry umo\u017cliwia \u0142atwy monta\u017c generatora pary i odnowy biologicznej wraz z prysznicem w przestrzeni, kt\u00f3r\u0105 mo\u017cna wy\u0142o\u017cy\u0107 p\u0142ytkami.<\/p>\n<p>\u015aciana BackWall sk\u0142ada si\u0119 z regulowanej ramy aluminiowej, w kt\u00f3rej wst\u0119pnie zamontowane s\u0105 wszystkie komponenty parowe, wellness i prysznicowe. Po pod\u0142\u0105czeniu do wody i pr\u0105du \u015bciana BackWall jest gotowa do wy\u0142o\u017cenia p\u0142ytkami. \u015acian\u0119 BackWall mo\u017cna umie\u015bci\u0107 przy \u015bcianie lub r\u00f3wno z ni\u0105. W ten spos\u00f3b generator pary i prysznic s\u0105 w pe\u0142ni zintegrowane z pomieszczeniem. BackWall posiada atrakcyjny panel serwisowy z pokryw\u0105 wykonan\u0105 z bezpiecznego szk\u0142a.<\/p>\n<p>Instalator mo\u017ce zainstalowa\u0107 wybran\u0105 przez Ciebie armatur\u0119. Oferujemy r\u00f3wnie\u017c wyj\u0105tkowo pi\u0119kn\u0105 i niezawodn\u0105 armatur\u0119 marki Hansgrohe: zar\u00f3wno z sam\u0105 g\u0142\u00f3wk\u0105 prysznicow\u0105, jak i z po\u0142\u0105czeniem g\u0142\u00f3wki prysznicowej i prysznica dachowego.<\/p>\n<p>Czy chcia\u0142by\u015b mie\u0107 generator pary bez prysznica w swojej kabinie? W takim razie BackWall Steam jest idealny dla Ciebie. Kliknij\u00a0<a href=\"https:\/\/cleopatra.nl\/pl\/interne-stoom-generator-backwall.html\/\">tutaj<\/a>\u00a0wi\u0119cej informacji.<\/p>\n<h4><a name=\"_Toc69125702\"><\/a><br \/>\nGENERATOR PARY<\/h4>\n<p><strong>Cleo Steam Deluxe <\/strong>zapewnia kompleksowe doznania wellness w kabinie parowej. Jest to nie tylko bardzo nowoczesny generator pary, kt\u00f3ry zapewnia stabiln\u0105 temperatur\u0119 w kabinie, ale tak\u017ce taki, kt\u00f3ry oferuje specjalne funkcje odnowy biologicznej, takie jak haloterapia (roztw\u00f3r soli w parze), zimna terapia (zimna mgie\u0142ka), aromaterapia (do 4 r\u00f3\u017cnych zapach\u00f3w|) i Ultrastoom (bardzo wysoka g\u0119sto\u015b\u0107 pary). Steam Deluxe ma r\u00f3wnie\u017c super nowoczesne i pi\u0119kne elementy steruj\u0105ce. Cleo Deluxe to wyj\u0105tkowy generator przeznaczony dla tych, kt\u00f3rzy chc\u0105 mie\u0107 dost\u0119p do wysokiej jako\u015bci i zr\u00f3\u017cnicowanych do\u015bwiadcze\u0144 wellness i kt\u00f3rzy kochaj\u0105 pi\u0119kne produkty.<\/p>\n<p>Wymagana moc jest obliczana w nast\u0119puj\u0105cy spos\u00f3b: D\u0142ugo\u015b\u0107 kabiny x szeroko\u015b\u0107 x wysoko\u015b\u0107 x 1,25 = wymagana moc kW.<\/p>\n<p>Zak\u0142adamy tutaj, \u017ce kabina jest odpowiednio izolowana i ma maksymaln\u0105 wysoko\u015b\u0107 wewn\u0119trzn\u0105 220 cm. Wymagany jest pr\u0105d o mocy od 4,5 kW w g\u00f3r\u0119.<\/p>\n<h4>OPCJE \u015aCIANY TYLNEJ<\/h4>\n<p>BackWall Steam jest wyposa\u017cony w regulowan\u0105 aluminiow\u0105 ram\u0119, kt\u00f3ra jest montowana wewn\u0105trz \u015bciany lub przy \u015bcianie.<\/p>\n<p><em><strong>Nale\u017cy zam\u00f3wi\u0107 panel serwisowy wykonany z bezpiecznego szk\u0142a<\/strong><\/em>. P\u0142yta jest dost\u0119pna w kolorze czarnym, szarym i bia\u0142ym.<\/p>\n<p>Je\u015bli chcesz, aby praca kranu by\u0142a wliczona w cen\u0119, oferujemy dwie nast\u0119puj\u0105ce opcje:<\/p>\n<ul>\n<li>Bateria termostatyczna, g\u0142\u00f3wka prysznicowa Hansgrohe ShowerSelect i suwak<\/li>\n<li>Bateria termostatyczna, g\u0142\u00f3wka prysznicowa Hansgrohe ShowerSelect, dr\u0105\u017cek przesuwny i przy\u0142\u0105czeniowy prysznic dachowy. Do wyboru s\u0105 nast\u0119puj\u0105ce prysznice dachowe: Rainmaker, Raindance Select i Raindance Air.<\/li>\n<\/ul>","protected":false},"excerpt":{"rendered":"<p>BackWall Steam &amp; Shower to przyjazny w instalacji system, kt\u00f3ry umo\u017cliwia \u0142atwy monta\u017c generatora pary i odnowy biologicznej wraz z prysznicem w przestrzeni, kt\u00f3r\u0105 mo\u017cna wy\u0142o\u017cy\u0107 p\u0142ytkami.<\/p>","protected":false},"featured_media":3202,"template":"","format":"standard","meta":{"_acf_changed":false},"product_brand":[347],"product_cat":[99,71,80],"product_tag":[],"class_list":{"0":"post-3198","1":"product","2":"type-product","3":"status-publish","4":"format-standard","5":"has-post-thumbnail","7":"product_brand-cleopatra","8":"product_cat-stoomtechniek-stoomtechniek-prive","9":"product_cat-shop","10":"product_cat-stoomtechniek-prive","12":"first","13":"instock","14":"taxable","15":"shipping-taxable","16":"purchasable","17":"product-type-simple"},"acf":[],"_links":{"self":[{"href":"https:\/\/cleopatra.nl\/pl\/wp-json\/wp\/v2\/product\/3198","targetHints":{"allow":["GET"]}}],"collection":[{"href":"https:\/\/cleopatra.nl\/pl\/wp-json\/wp\/v2\/product"}],"about":[{"href":"https:\/\/cleopatra.nl\/pl\/wp-json\/wp\/v2\/types\/product"}],"wp:featuredmedia":[{"embeddable":true,"href":"https:\/\/cleopatra.nl\/pl\/wp-json\/wp\/v2\/media\/3202"}],"wp:attachment":[{"href":"https:\/\/cleopatra.nl\/pl\/wp-json\/wp\/v2\/media?parent=3198"}],"wp:term":[{"taxonomy":"product_brand","embeddable":true,"href":"https:\/\/cleopatra.nl\/pl\/wp-json\/wp\/v2\/product_brand?post=3198"},{"taxonomy":"product_cat","embeddable":true,"href":"https:\/\/cleopatra.nl\/pl\/wp-json\/wp\/v2\/product_cat?post=3198"},{"taxonomy":"product_tag","embeddable":true,"href":"https:\/\/cleopatra.nl\/pl\/wp-json\/wp\/v2\/product_tag?post=3198"}],"curies":[{"name":"wp","href":"https:\/\/api.w.org\/{rel}","templated":true}]}}