{"id":3203,"date":"2022-04-27T19:02:11","date_gmt":"2022-04-27T17:02:11","guid":{"rendered":"https:\/\/cleopatra.medialoods.com\/?post_type=product&#038;p=3203"},"modified":"2026-04-27T13:46:05","modified_gmt":"2026-04-27T11:46:05","slug":"backwall-steam-shower-deluxe","status":"publish","type":"product","link":"https:\/\/cleopatra.nl\/pl\/shop\/backwall-steam-shower-smart-plus\/","title":{"rendered":"Backwall Steam &#038; Shower Smart"},"content":{"rendered":"<h4>WEWN\u0118TRZNY GENERATOR PARY I ODNOWY BIOLOGICZNEJ Z PRYSZNICEM<\/h4>\n<p>BackWall Steam &amp; Shower to przyjazny w instalacji system, kt\u00f3ry umo\u017cliwia \u0142atwy monta\u017c generatora pary i odnowy biologicznej wraz z prysznicem w przestrzeni, kt\u00f3r\u0105 mo\u017cna wy\u0142o\u017cy\u0107 p\u0142ytkami. BackWall sk\u0142ada si\u0119 z regulowanej aluminiowej ramy, do kt\u00f3rej wst\u0119pnie zamontowane s\u0105 wszystkie elementy pary, wellness i prysznica. Po pod\u0142\u0105czeniu wody i energii elektrycznej \u015bciana BackWall jest gotowa do wy\u0142o\u017cenia p\u0142ytkami. \u015acian\u0119 BackWall mo\u017cna umie\u015bci\u0107 przy \u015bcianie lub r\u00f3wno z ni\u0105. W ten spos\u00f3b generator pary i prysznic s\u0105 w pe\u0142ni zintegrowane z pomieszczeniem.<\/p>\n<p>BackWall posiada atrakcyjny panel serwisowy z pokryw\u0105 wykonan\u0105 z bezpiecznego szk\u0142a.<\/p>\n<p>U kunt ervoor kiezen om een kraanwerk naar keuze door uw monteur te laten installeren. We bieden ook een bijzonder mooi en betrouwbaar kraanwerk met merknaam Hansgrohe aan.<\/p>\n<p>Czy chcia\u0142by\u015b mie\u0107 generator pary bez prysznica w swojej kabinie? W takim razie BackWall Steam jest idealny dla Ciebie. Kliknij\u00a0<a href=\"https:\/\/cleopatra.nl\/pl\/interne-stoom-generator-backwall.html\/\">tutaj<\/a>\u00a0wi\u0119cej informacji.<\/p>\n<h4><strong><br \/>\nOPIS<\/strong><\/h4>\n<p>- Dost\u0119pny w 5 r\u00f3\u017cnych pojemno\u015bciach.<br \/>\n- W pe\u0142ni wst\u0119pnie zamontowany na aluminiowej ramie.<br \/>\n\u2022 Uitvoering met Steam Smart<br \/>\n- Wlot pary i szklana pokrywa w kolorze bia\u0142ym, szarym lub czarnym.<br \/>\n- Wyposa\u017cona w bateri\u0119 termostatyczn\u0105 i prysznic r\u0119czny.<\/p>\n<h4><strong><br \/>\nSPECYFIKACJA<\/strong><\/h4>\n<ul>\n<li>Aluminiowa rama monta\u017cowa<\/li>\n<li>Generator<\/li>\n<li>Dawkowanie zapachu<\/li>\n<li>P\u0142yta budowlana<\/li>\n<li>Dawkowanie zapachu<\/li>\n<\/ul>\n<h4><strong><br \/>\nUWAGI<\/strong><\/h4>\n<p>Wymagana kW = wysoko\u015b\u0107 kabiny x szeroko\u015b\u0107 x d\u0142ugo\u015b\u0107 x 1,25 (wymiary w metrach). Nale\u017cy upewni\u0107 si\u0119, \u017ce kabina jest izolowana zgodnie z przepisami i ma maksymaln\u0105 wysoko\u015b\u0107 wewn\u0119trzn\u0105 220 cm. Dobra produkcja pary wymaga wentylacji<br \/>\nniezb\u0119dne.<\/p>\n<h4><strong><br \/>\nR\u0118CZNY<\/strong><\/h4>\n<p>Kliknij tutaj: <a href=\"https:\/\/cleopatra.nl\/wp-content\/uploads\/Backwall-installatie-handleiding-2022-r03-90548850.pdf\">Prysznic parowy i prysznic na tylnej \u015bcianie<\/a><\/p>","protected":false},"excerpt":{"rendered":"<p>BackWall Steam &amp; Shower to przyjazny w instalacji system, kt\u00f3ry umo\u017cliwia \u0142atwy monta\u017c generatora pary i odnowy biologicznej wraz z prysznicem w przestrzeni, kt\u00f3r\u0105 mo\u017cna wy\u0142o\u017cy\u0107 p\u0142ytkami.<\/p>","protected":false},"featured_media":5461,"template":"","format":"standard","meta":{"_acf_changed":false},"product_brand":[347],"product_cat":[71,99,80],"product_tag":[],"class_list":{"0":"post-3203","1":"product","2":"type-product","3":"status-publish","4":"format-standard","5":"has-post-thumbnail","7":"product_brand-cleopatra","8":"product_cat-shop","9":"product_cat-stoomtechniek-stoomtechniek-prive","10":"product_cat-stoomtechniek-prive","12":"first","13":"instock","14":"taxable","15":"shipping-taxable","16":"purchasable","17":"product-type-simple"},"acf":[],"_links":{"self":[{"href":"https:\/\/cleopatra.nl\/pl\/wp-json\/wp\/v2\/product\/3203","targetHints":{"allow":["GET"]}}],"collection":[{"href":"https:\/\/cleopatra.nl\/pl\/wp-json\/wp\/v2\/product"}],"about":[{"href":"https:\/\/cleopatra.nl\/pl\/wp-json\/wp\/v2\/types\/product"}],"wp:featuredmedia":[{"embeddable":true,"href":"https:\/\/cleopatra.nl\/pl\/wp-json\/wp\/v2\/media\/5461"}],"wp:attachment":[{"href":"https:\/\/cleopatra.nl\/pl\/wp-json\/wp\/v2\/media?parent=3203"}],"wp:term":[{"taxonomy":"product_brand","embeddable":true,"href":"https:\/\/cleopatra.nl\/pl\/wp-json\/wp\/v2\/product_brand?post=3203"},{"taxonomy":"product_cat","embeddable":true,"href":"https:\/\/cleopatra.nl\/pl\/wp-json\/wp\/v2\/product_cat?post=3203"},{"taxonomy":"product_tag","embeddable":true,"href":"https:\/\/cleopatra.nl\/pl\/wp-json\/wp\/v2\/product_tag?post=3203"}],"curies":[{"name":"wp","href":"https:\/\/api.w.org\/{rel}","templated":true}]}}