{"id":3204,"date":"2022-04-27T19:02:10","date_gmt":"2022-04-27T17:02:10","guid":{"rendered":"https:\/\/cleopatra.medialoods.com\/?post_type=product&#038;p=3204"},"modified":"2026-04-27T13:06:26","modified_gmt":"2026-04-27T11:06:26","slug":"cleo-steam-deluxe","status":"publish","type":"product","link":"https:\/\/cleopatra.nl\/pl\/shop\/stoomtechniek-prive\/stoomtechniek-stoomtechniek-prive-shop\/cleo-steam-deluxe\/","title":{"rendered":"Cleo Steam Deluxe"},"content":{"rendered":"<p>Cleo Steam Deluxe zapewnia ca\u0142kowit\u0105 <b>wellness w \u0142a\u017ani parowej<\/b>. Jest to nie tylko bardzo nowoczesny generator pary, kt\u00f3ry zapewnia stabiln\u0105 temperatur\u0119 w kabinie, ale tak\u017ce oferuje specjalne funkcje odnowy biologicznej, takie jak haloterapia (roztw\u00f3r soli w parze), aromaterapia (do 3 r\u00f3\u017cnych zapach\u00f3w|) i Ultrasteam (bardzo wysoka g\u0119sto\u015b\u0107 pary). Steam Deluxe ma r\u00f3wnie\u017c super nowoczesne i pi\u0119kne elementy steruj\u0105ce. Cleo Steam Deluxe to wyj\u0105tkowy generator przeznaczony dla os\u00f3b, kt\u00f3re chc\u0105 mie\u0107 dost\u0119p do wysokiej jako\u015bci i zr\u00f3\u017cnicowanych do\u015bwiadcze\u0144 wellness i kt\u00f3re kochaj\u0105 pi\u0119kne produkty.<\/p>\n<h4><b><br \/>\nGENERATOR WELLNESS<\/b><\/h4>\n<p>Cleo Steam Deluxe jest standardowo wyposa\u017cony w nast\u0119puj\u0105ce funkcje:<\/p>\n<ul>\n<li>W\u0142\u0105czanie\/wy\u0142\u0105czanie wytwarzania pary.<\/li>\n<li>P\u0142ynna regulacja temperatury.<\/li>\n<li>Regulacja, obracanie i przyciemnianie kolorowego \u015bwiat\u0142a (je\u015bli w kabinie znajduje si\u0119 kolorowe \u015bwiat\u0142o).<\/li>\n<\/ul>\n<div><\/div>\n<div>Nast\u0119puj\u0105ce funkcje wellness s\u0105 opcjami za dodatkow\u0105 op\u0142at\u0105:<\/div>\n<ul>\n<li>Aromaterapia (wyb\u00f3r od 1 do 3 zapach\u00f3w): Zapachy mog\u0105 wp\u0142ywa\u0107 na nastr\u00f3j. Steam Deluxe umo\u017cliwia wyb\u00f3r od jednego do nawet trzech r\u00f3\u017cnych zapach\u00f3w. Mo\u017cna r\u00f3wnie\u017c dostosowa\u0107 intensywno\u015b\u0107 ka\u017cdego zapachu.<\/li>\n<li>UltraSteam: ekskluzywno\u015b\u0107 Cleopatry, kt\u00f3ra maksymalnie zwi\u0119ksza grubo\u015b\u0107 pary. Raj dla entuzjast\u00f3w pary. UltraSteam to rozwi\u0105zanie par excellence do uzyskania pe\u0142nych chmur pary w wilgotnym \u015brodowisku, takim jak basen.<\/li>\n<li>HaloSteam: Niewielka dawka soli jest mieszana z par\u0105 wodn\u0105. Poczujesz to natychmiast: uczucie mieszania w nosie, drogi oddechowe s\u0105 jakby ponownie otwarte, a sk\u00f3ra jest wyj\u0105tkowo mi\u0119kka.<\/li>\n<li>Modu\u0142 d\u017awi\u0119kowy (g\u0142o\u015bniki musz\u0105 by\u0107 zamontowane w kabinie): S\u0142uchaj ulubionej muzyki w kabinie wellness. Steam Deluxe \u0142\u0105czy si\u0119 z urz\u0105dzeniem mobilnym przez Bluetooth i umo\u017cliwia wyszukiwanie ulubionych kana\u0142\u00f3w i list odtwarzania.<\/li>\n<\/ul>\n<p>Chcesz dowiedzie\u0107 si\u0119 wi\u0119cej o tym wyj\u0105tkowym generatorze? Zapoznaj si\u0119 z broszur\u0105 na dole tego opisu produktu i\u00a0<a href=\"https:\/\/cleopatra.nl\/pl\/contact-cleopatra\/\">kontakt<\/a>\u00a0z nami!<\/p>\n<p>&nbsp;<\/p>\n<h4><b>SPECYFIKACJA GENERATORA WELLNESS<\/b><\/h4>\n<p>Cleo Steam Deluxe to nowoczesny <strong>generator pary i wellness<\/strong> Wyposa\u017cony w Cleopatra Steam Logic<sup>\u00ae<\/sup>\u00a0System. Cleopatra Steam Logic<sup>\u00ae <\/sup>zapewnia sta\u0142y klimat w kabinie. Cleo Steam Deluxe jest dost\u0119pny w nast\u0119puj\u0105cych pojemno\u015bciach i mo\u017ce by\u0107 montowany wewn\u0105trz lub na zewn\u0105trz kabiny:<\/p>\n<ul>\n<li>3,0 kW 230V<\/li>\n<li>4,5 kW 400 V (opcjonalnie dost\u0119pne jako 2 x 230 V)<\/li>\n<li>6,0 kW 400 V (opcjonalnie dost\u0119pne jako 2 x 230 V)<\/li>\n<li>7,5 kW 400 V<\/li>\n<li>9,0 kW 400V<\/li>\n<\/ul>\n<p>&nbsp;<\/p>\n<h4><strong>UWAGI<\/strong><\/h4>\n<ul>\n<li>Wymagana moc jest obliczana w nast\u0119puj\u0105cy spos\u00f3b: D\u0142ugo\u015b\u0107 kabiny x szeroko\u015b\u0107 x wysoko\u015b\u0107 x 1,25 = wymagana kW(moc).<\/li>\n<li>Zak\u0142adamy tutaj, \u017ce kabina jest izolowana zgodnie z przepisami i ma wewn\u0119trzn\u0105 wysoko\u015b\u0107 maksymalnie 220 cm.<\/li>\n<li>Od 4,5 kW wzwy\u017c wymagany jest pr\u0105d zasilaj\u0105cy (400 V).<\/li>\n<li>Wymiary generatora s\u0105 nast\u0119puj\u0105ce: 591 (wys.) x 470 (szer.) x 209 (g\u0142.) mm<\/li>\n<li>Uwaga! W przypadku zam\u00f3wienia opcji UltraSteam wymagany jest oddzielny generator (230VA-1N-50Hz). Ten drugi generator ma wymiary 591 (wys.) x 470 (szer.) x 209 (g\u0142.) mm.<\/li>\n<li>Uwaga! Ka\u017cda dawka substancji zapachowej wymaga butelki o szeroko\u015bci i d\u0142ugo\u015bci 90 mm. Nale\u017cy zatem doda\u0107 90 mm do g\u0142\u0119boko\u015bci generatora dla ka\u017cdej dawki substancji zapachowej.<\/li>\n<li>W przypadku zam\u00f3wienia opcji HaloSteam wraz z generatorem nale\u017cy zainstalowa\u0107 dodatkow\u0105 pomp\u0119 z butl\u0105. Ponownie nale\u017cy doda\u0107 90 mm do g\u0142\u0119boko\u015bci generatora.<\/li>\n<li>Cleo Steam Deluxe jest obj\u0119ty 2-letni\u0105 gwarancj\u0105 na wady produkcyjne.<\/li>\n<\/ul>\n<p>&nbsp;<\/p>\n<h4><strong>R\u0118CZNY<\/strong><\/h4>\n<p>W instrukcji znajduj\u0105 si\u0119 wszystkie wa\u017cne informacje dotycz\u0105ce tego produktu. Mo\u017cna znale\u017a\u0107 instrukcj\u0119 instalacji:<\/p>\n<p>Kliknij tutaj: <a href=\"https:\/\/cleopatra.nl\/wp-content\/uploads\/Cleopatra-Steam-Deluxe-9017-99-90.pdf\">Przewodnik instalacji Steam Deluxe<\/a><\/p>\n<p>Kliknij tutaj: <a href=\"https:\/\/cleopatra.nl\/wp-content\/uploads\/Cleo-Steam-Deluxe-GHL-DE-EN-NL-90548880.pdf\">Instrukcja obs\u0142ugi Steam Deluxe<\/a><\/p>\n<h4><\/h4>\n<p>&nbsp;<\/p>\n<h4><strong>Lista kontrolna instalacji (przeczytaj instrukcj\u0119)<\/strong><\/h4>\n<p>PRZESTRZE\u0143 NAD KABIN\u0104<br \/>\nW celu pod\u0142\u0105czenia wentylacji i o\u015bwietlenia nale\u017cy doda\u0107 co najmniej 150 mm do wymiaru wysoko\u015bci netto.<\/p>\n<p>POD\u0141OGA I ODPROWADZANIE WODY<br \/>\nPod drzwiami \u0142a\u017ani parowej znajduje si\u0119 niewielka wn\u0119ka umo\u017cliwiaj\u0105ca zasysanie powietrza. Piel\u0119gnacja<br \/>\nczy pod\u0142oga odp\u0142ywa wystarczaj\u0105co, aby odprowadza\u0107 wod\u0119 z prysznica. Porada: zrobi\u0107 co\u015b niskiego pod szklanymi drzwiami<br \/>\nW ten spos\u00f3b woda kondensacyjna z drzwi sp\u0142ywa z powrotem do kabiny. Dla<br \/>\nKana\u0142 odwadniaj\u0105cy jest korzystnie umieszczony w dolnej cz\u0119\u015bci wlotu pary.<\/p>\n<p>NATURALNA WENTYLACJA<br \/>\nZapewnienie wentylacji w dachu lub wysoko w \u015bcianie kabiny. Wentylacja naturalna lub mechaniczna w niskiej<br \/>\npo\u0142o\u017cenie. Nie nale\u017cy umieszcza\u0107 odpowietrznika powy\u017cej wlotu pary.<\/p>\n<p>ELEKTRYCZNO\u015a\u0106 I WODA<br \/>\nObliczenie mocy generatora pary: d\u0142ugo\u015b\u0107 kabiny x szeroko\u015b\u0107 x wysoko\u015b\u0107 (maks. 220 cm) x 1,25, czyli<br \/>\ndo obj\u0119to\u015bci kabiny 7,2 m3. Powy\u017cej tej obj\u0119to\u015bci mo\u017cliwe jest zam\u00f3wienie generatora podrz\u0119dnego<br \/>\n(3 lub 6 kW). Wybieraj\u0105c moc w przypadku szklanego frontu, nale\u017cy pami\u0119ta\u0107, aby nie zaokr\u0105gla\u0107 w d\u00f3\u0142.<br \/>\nW przypadku generatora pary o mocy 3 kW wystarczaj\u0105ce jest pod\u0142\u0105czenie 230 V, od mocy 4,5 kW wymagane jest pod\u0142\u0105czenie 400 V lub 2x 230 V.<br \/>\npotrzebne. W zale\u017cno\u015bci od wybranego generatora i \u015bwiate\u0142 nale\u017cy okre\u015bli\u0107, czy \u015bwiat\u0142o b\u0119dzie przechodzi\u0107 przez generator<br \/>\nlub czy konieczne jest drugie \u017ar\u00f3d\u0142o zasilania dla \u015bwiate\u0142. Zalecamy<br \/>\nUwaga. Wymiary generator\u00f3w dotycz\u0105 wszystkich wyj\u015b\u0107; rura parowa i wbudowane cz\u0119\u015bci<br \/>\nwynosz\u0105 28 mm. W miejscu instalacji generatora wymagane s\u0105: woda, \u017caroodporny syfon, prze\u0142\u0105cznik roboczy i instalacja elektryczna.<br \/>\nzasilanie. Ci\u015bnienie wody powinno by\u0107 normalne. W przypadku twardej wody zalecane jest u\u017cycie zmi\u0119kczacza wody.<br \/>\ngenerator pary do umieszczenia.<\/p>\n<p>RURA OD GENERATORA<br \/>\nJe\u015bli u\u017cywana jest zewn\u0119trzna wytwornica pary, przew\u00f3d pary od wytwornicy do wlotu pary mo\u017ce by\u0107<br \/>\nmaks. 3,5 m. Od generatora pary rura powinna najpierw wznosi\u0107 si\u0119 (45 cm), a nast\u0119pnie opada\u0107 w kierunku<br \/>\nw d\u00f3\u0142 w kierunku wlotu pary. Rura parowa powinna by\u0107 izolowana, wygi\u0119ta w \u0142uk - nie u\u017cywaj<br \/>\nkolana i wykonywa\u0107 szerokie skr\u0119ty.<\/p>\n<p>ZAPACH PO\u0141\u0104CZENIA<br \/>\nJe\u015bli wybrano dozowanie zapachu: element \u0142\u0105cz\u0105cy powinien pozosta\u0107 dost\u0119pny w sekcji<br \/>\nrury parowej do zamontowania, kt\u00f3ra biegnie w d\u00f3\u0142 ze spadkiem. Pozwala to na<br \/>\nnigdy nie wchodzi\u0107 do generatora pary.<\/p>\n<p>GWARANCJA<br \/>\nWszystkie generatory Cleopatra s\u0105 standardowo obj\u0119te 2-letni\u0105 gwarancj\u0105 producenta.<\/p>\n<p>BUDYNKI<\/p>\n<p>Cleopatra zapewnia wbudowane cz\u0119\u015bci dla czujnik\u00f3w, element\u00f3w steruj\u0105cych i wlotu pary, kt\u00f3re strony trzecie musz\u0105 przetworzy\u0107 w \u015bcianach i p\u0142ytkach. Aby uzyska\u0107 informacje na temat wymiar\u00f3w i sposobu ich przetwarzania, przeczytaj instrukcj\u0119.<\/p>","protected":false},"excerpt":{"rendered":"<p>Cleo Steam Deluxe zapewnia ca\u0142kowit\u0105 <b>wellness w \u0142a\u017ani parowej<\/b>. Jest to nie tylko bardzo nowoczesny generator pary, kt\u00f3ry zapewnia stabiln\u0105 temperatur\u0119 w kabinie, ale tak\u017ce taki, kt\u00f3ry oferuje specjalne funkcje odnowy biologicznej, takie jak haloterapia (roztw\u00f3r soli w parze), aromaterapia (do 3 r\u00f3\u017cnych zapach\u00f3w|) i Ultrasteam (bardzo wysoka g\u0119sto\u015b\u0107 pary).<\/p>","protected":false},"featured_media":3205,"template":"","format":"standard","meta":{"_acf_changed":false},"product_brand":[347],"product_cat":[98,71,80],"product_tag":[],"class_list":{"0":"post-3204","1":"product","2":"type-product","3":"status-publish","4":"format-standard","5":"has-post-thumbnail","7":"product_brand-cleopatra","8":"product_cat-stoomtechniek-stoomtechniel-prive-shop","9":"product_cat-shop","10":"product_cat-stoomtechniek-prive","12":"first","13":"instock","14":"taxable","15":"shipping-taxable","16":"purchasable","17":"product-type-simple"},"acf":[],"_links":{"self":[{"href":"https:\/\/cleopatra.nl\/pl\/wp-json\/wp\/v2\/product\/3204","targetHints":{"allow":["GET"]}}],"collection":[{"href":"https:\/\/cleopatra.nl\/pl\/wp-json\/wp\/v2\/product"}],"about":[{"href":"https:\/\/cleopatra.nl\/pl\/wp-json\/wp\/v2\/types\/product"}],"wp:featuredmedia":[{"embeddable":true,"href":"https:\/\/cleopatra.nl\/pl\/wp-json\/wp\/v2\/media\/3205"}],"wp:attachment":[{"href":"https:\/\/cleopatra.nl\/pl\/wp-json\/wp\/v2\/media?parent=3204"}],"wp:term":[{"taxonomy":"product_brand","embeddable":true,"href":"https:\/\/cleopatra.nl\/pl\/wp-json\/wp\/v2\/product_brand?post=3204"},{"taxonomy":"product_cat","embeddable":true,"href":"https:\/\/cleopatra.nl\/pl\/wp-json\/wp\/v2\/product_cat?post=3204"},{"taxonomy":"product_tag","embeddable":true,"href":"https:\/\/cleopatra.nl\/pl\/wp-json\/wp\/v2\/product_tag?post=3204"}],"curies":[{"name":"wp","href":"https:\/\/api.w.org\/{rel}","templated":true}]}}