{"id":3209,"date":"2022-04-27T19:01:58","date_gmt":"2022-04-27T17:01:58","guid":{"rendered":"https:\/\/cleopatra.medialoods.com\/?post_type=product&#038;p=3209"},"modified":"2026-04-27T13:03:33","modified_gmt":"2026-04-27T11:03:33","slug":"cleo-steam-smart-2","status":"publish","type":"product","link":"https:\/\/cleopatra.nl\/pl\/shop\/stoomtechniek-prive\/stoomtechniek-stoomtechniel-prive-shop\/cleo-steam-smart\/","title":{"rendered":"Cleo Steam Smart"},"content":{"rendered":"<p>The\u00a0<b>generator pary<\/b>\u00a0Cleo Steam Smart to nowoczesny i niezawodny generator pary odpowiedni do u\u017cytku domowego lub p\u00f3\u0142profesjonalnego.<\/p>\n<h4>Co oferuje Cleo Steam Smart?<\/h4>\n<ul>\n<li><em>Ci\u0105g\u0142y proces parowy<\/em> dla optymalnej k\u0105pieli parowej. Cech\u0105 charakterystyczn\u0105 Cleo Steam Smart jest Steam Logic<sup>\u00ae <\/sup> oprogramowanie: poprzez bardzo precyzyjny pomiar klimatu w kabinie, Steam Logic<sup>\u00ae <\/sup>oprogramowanie idealnej krzywej pary dla Twojej kabiny. Rezultatem jest: (1) szybkie osi\u0105gni\u0119cie po\u017c\u0105danego klimatu, (2) klimat, kt\u00f3ry jest bardzo stabilny (w przeciwie\u0144stwie do wi\u0119kszo\u015bci generator\u00f3w pary na rynku, nie ma moment\u00f3w bez produkcji pary w kabinie) oraz (3) r\u00f3wnomierny proces pary.<\/li>\n<\/ul>\n<ul>\n<li><em>Estetyka.\u00a0<\/em>\u0141a\u017ania parowa Cleo Steam Smart jest sterowana za pomoc\u0105 eleganckiego sterownika Cleo Touch, p\u0142askiego sterownika wykonanego ze szk\u0142a z bia\u0142ymi pod\u015bwietlanymi symbolami. Sterownik mo\u017cna umie\u015bci\u0107 wewn\u0105trz lub na zewn\u0105trz \u0142a\u017ani parowej. Steruje on nast\u0119puj\u0105cymi funkcjami: (1) w\u0142\u0105czanie\/wy\u0142\u0105czanie pary, (2) w\u0142\u0105czanie\/wy\u0142\u0105czanie bia\u0142ego lub kolorowego \u015bwiat\u0142a, (3) w\u0142\u0105czanie\/wy\u0142\u0105czanie zapachu z trzystopniow\u0105 regulacj\u0105 oraz (4) trzystopniowa regulacja temperatury.<\/li>\n<\/ul>\n<ul>\n<li><em>Opcjonalna terapia \u015bwiat\u0142em<\/em>. Cleo Steam Smart umo\u017cliwia sterowanie opcjonalnymi kolorowymi \u015bwiat\u0142ami. Kolory mo\u017cna zmienia\u0107, wstrzymywa\u0107 lub wybra\u0107 konkretny kolor. Dzi\u0119ki temu mo\u017cesz cieszy\u0107 si\u0119 wieloma sprawdzonymi efektami fizycznymi i psychologicznymi r\u00f3\u017cnych kolor\u00f3w \u015bwiat\u0142a w domu....<\/li>\n<\/ul>\n<ul>\n<li><em>Dodatkowe zabezpieczenia<\/em> poprzez czujnik bezpiecze\u0144stwa (zgodnie z najnowszymi standardami); je\u015bli czujnik temperatury w kabinie zawiedzie, czujnik bezpiecze\u0144stwa wy\u0142\u0105czy technologi\u0119 parow\u0105.<\/li>\n<\/ul>\n<p>&nbsp;<\/p>\n<h4><b>SPECYFIKACJE TECHNOLOGII PAROWEJ<\/b><\/h4>\n<p>Technologia parowa Cleo Steam Smart jest dost\u0119pna w poni\u017cszych pojemno\u015bciach:<\/p>\n<ul>\n<li>3,0 kW 230V<\/li>\n<li>4,5 kW 400 V (ewentualnie dost\u0119pne jako 2 x 230 V)<\/li>\n<li>6,0 kW 400 V (opcjonalnie dost\u0119pne jako 2 x 230 V)<\/li>\n<li>7,5 kW 400 V<\/li>\n<li>9,0 kW 400V<\/li>\n<\/ul>\n<h4><strong><br \/>\nUWAGI<\/strong><\/h4>\n<ul>\n<li>Wymagana moc jest obliczana w nast\u0119puj\u0105cy spos\u00f3b: D\u0142ugo\u015b\u0107 kabiny X szeroko\u015b\u0107 x wysoko\u015b\u0107 x 1,25 = wymagana kW(moc).<\/li>\n<li>Zak\u0142adamy tutaj, \u017ce kabina jest izolowana zgodnie z przepisami i ma wewn\u0119trzn\u0105 wysoko\u015b\u0107 maksymalnie 220 cm.<\/li>\n<li>Od 4,5 kW wzwy\u017c wymagany jest pr\u0105d zasilania (3 x 400 V).<\/li>\n<li>Wymiary generatora s\u0105 nast\u0119puj\u0105ce: bez pomiaru zapachu: 591 (wys.) x 470 (szer.) x 209 (g\u0142.) mm<\/li>\n<\/ul>\n<p>&nbsp;<\/p>\n<h4><strong>OPCJE GENERATORA PARY<\/strong><\/h4>\n<p>Wraz z Cleo Steam Smart mo\u017cna zam\u00f3wi\u0107 nast\u0119puj\u0105ce opcje:<\/p>\n<ul>\n<li><em>Wlot pary:\u00a0<\/em>Ka\u017cdy generator pary jest wyposa\u017cony we wlot pary.<\/li>\n<li><em>Odkamieniacz<\/em>: Zalecany w celu wyd\u0142u\u017cenia \u017cywotno\u015bci generatora w obszarach, w kt\u00f3rych woda ma wysokie st\u0119\u017cenie wapna.<\/li>\n<li><em>Pojedyncza dawka zapachu<\/em>W\u0142\u0105czasz automatyczne dozowanie zapachu i kontrolujesz jego intensywno\u015b\u0107. To sprawia, \u017ce k\u0105piele parowe s\u0105 jeszcze przyjemniejsze i pozwalaj\u0105 w pe\u0142ni cieszy\u0107 si\u0119 aromaterapi\u0105!<\/li>\n<li><em>Zapachy<\/em>: w przypadku zakupu dawki zapachu. Wyb\u00f3r pysznych zapach\u00f3w!<\/li>\n<\/ul>\n<h4><strong><br \/>\nR\u0118CZNY<\/strong><\/h4>\n<p>W instrukcji znajduj\u0105 si\u0119 wszystkie wa\u017cne informacje dotycz\u0105ce tego produktu. Mo\u017cna znale\u017a\u0107 instrukcj\u0119 instalacji:<\/p>\n<p>Kliknij tutaj: <a href=\"https:\/\/cleopatra.nl\/wp-content\/uploads\/90187003-STEAM-SMART-MHL-2021-07-R02.pdf\">Instrukcja instalacji Steam Smart<\/a><\/p>\n<p>Kliknij tutaj: <a href=\"https:\/\/cleopatra.nl\/wp-content\/uploads\/90187001-STEAM-SMART-GHL-2021-07-R01.pdf\">Instrukcja obs\u0142ugi Steam Smart<\/a><\/p>\n<p>&nbsp;<\/p>\n<h4><strong>Lista kontrolna instalacji (przeczytaj instrukcj\u0119)<\/strong><\/h4>\n<p>PRZESTRZE\u0143 NAD KABIN\u0104<br \/>\nW celu pod\u0142\u0105czenia wentylacji i o\u015bwietlenia nale\u017cy doda\u0107 co najmniej 150 mm do wymiaru wysoko\u015bci netto.<\/p>\n<p>POD\u0141OGA I ODPROWADZANIE WODY<br \/>\nPod drzwiami \u0142a\u017ani parowej znajduje si\u0119 niewielka wn\u0119ka umo\u017cliwiaj\u0105ca zasysanie powietrza. Piel\u0119gnacja<br \/>\nczy pod\u0142oga odp\u0142ywa wystarczaj\u0105co, aby odprowadza\u0107 wod\u0119 z prysznica. Porada: zrobi\u0107 co\u015b niskiego pod szklanymi drzwiami<br \/>\nW ten spos\u00f3b woda kondensacyjna z drzwi sp\u0142ywa z powrotem do kabiny. Dla<br \/>\nKana\u0142 odwadniaj\u0105cy jest korzystnie umieszczony w dolnej cz\u0119\u015bci wlotu pary.<\/p>\n<p>NATURALNA WENTYLACJA<br \/>\nZapewnienie wentylacji w dachu lub wysoko w \u015bcianie kabiny. Wentylacja naturalna lub mechaniczna w niskiej<br \/>\npo\u0142o\u017cenie. Nie nale\u017cy umieszcza\u0107 odpowietrznika powy\u017cej wlotu pary.<\/p>\n<p>ELEKTRYCZNO\u015a\u0106 I WODA<br \/>\nObliczenie mocy generatora pary: d\u0142ugo\u015b\u0107 kabiny x szeroko\u015b\u0107 x wysoko\u015b\u0107 (maks. 220 cm) x 1,25, czyli<br \/>\ndo obj\u0119to\u015bci kabiny 7,2 m3. Powy\u017cej tej obj\u0119to\u015bci mo\u017cliwe jest zam\u00f3wienie generatora podrz\u0119dnego<br \/>\n(3 lub 6 kW). Wybieraj\u0105c moc w przypadku szklanego frontu, nale\u017cy pami\u0119ta\u0107, aby nie zaokr\u0105gla\u0107 w d\u00f3\u0142.<br \/>\nW przypadku generatora pary o mocy 3 kW wystarczaj\u0105ce jest pod\u0142\u0105czenie 230 V, od mocy 4,5 kW wymagane jest pod\u0142\u0105czenie 400 V lub 2x 230 V.<br \/>\npotrzebne. W zale\u017cno\u015bci od wybranego generatora i \u015bwiate\u0142 nale\u017cy okre\u015bli\u0107, czy \u015bwiat\u0142o b\u0119dzie przechodzi\u0107 przez generator<br \/>\nlub czy konieczne jest drugie \u017ar\u00f3d\u0142o zasilania dla \u015bwiate\u0142. Zalecamy<br \/>\nUwaga. Wymiary generator\u00f3w dotycz\u0105 wszystkich wyj\u015b\u0107; rura parowa i wbudowane cz\u0119\u015bci<br \/>\nwynosz\u0105 28 mm. W miejscu instalacji generatora wymagane s\u0105: woda, \u017caroodporny syfon, prze\u0142\u0105cznik roboczy i instalacja elektryczna.<br \/>\nzasilanie. Ci\u015bnienie wody powinno by\u0107 normalne. W przypadku twardej wody zalecane jest u\u017cycie zmi\u0119kczacza wody.<br \/>\ngenerator pary do umieszczenia.<\/p>\n<p>RURA OD GENERATORA<br \/>\nJe\u015bli u\u017cywana jest zewn\u0119trzna wytwornica pary, przew\u00f3d pary od wytwornicy do wlotu pary mo\u017ce by\u0107<br \/>\nmaks. 3,5 m. Od generatora pary rura powinna najpierw wznosi\u0107 si\u0119 (45 cm), a nast\u0119pnie opada\u0107 w kierunku<br \/>\nw d\u00f3\u0142 w kierunku wlotu pary. Rura parowa powinna by\u0107 izolowana, wygi\u0119ta w \u0142uk - nie u\u017cywaj<br \/>\nkolana i wykonywa\u0107 szerokie skr\u0119ty.<\/p>\n<p>ZAPACH PO\u0141\u0104CZENIA<br \/>\nJe\u015bli wybrano dozowanie zapachu: element \u0142\u0105cz\u0105cy powinien pozosta\u0107 dost\u0119pny w sekcji<br \/>\nrury parowej do zamontowania, kt\u00f3ra biegnie w d\u00f3\u0142 ze spadkiem. Pozwala to na<br \/>\nnigdy nie wchodzi\u0107 do generatora pary.<\/p>\n<p>GWARANCJA<br \/>\nWszystkie generatory Cleopatra s\u0105 standardowo obj\u0119te 2-letni\u0105 gwarancj\u0105 producenta.<\/p>\n<p>BUDYNKI<\/p>\n<p>Cleopatra zapewnia wbudowane cz\u0119\u015bci dla czujnik\u00f3w, element\u00f3w steruj\u0105cych i wlotu pary, kt\u00f3re strony trzecie musz\u0105 przetworzy\u0107 w \u015bcianach i p\u0142ytkach. Aby uzyska\u0107 informacje na temat wymiar\u00f3w i sposobu ich przetwarzania, przeczytaj instrukcj\u0119.<\/p>","protected":false},"excerpt":{"rendered":"<p>The\u00a0<b>generator pary<\/b>\u00a0Cleo Steam Smart to nowoczesny i niezawodny generator pary odpowiedni do u\u017cytku domowego lub p\u00f3\u0142profesjonalnego.<\/p>","protected":false},"featured_media":3205,"template":"","format":"standard","meta":{"_acf_changed":false},"product_brand":[347],"product_cat":[98,71,80],"product_tag":[],"class_list":{"0":"post-3209","1":"product","2":"type-product","3":"status-publish","4":"format-standard","5":"has-post-thumbnail","7":"product_brand-cleopatra","8":"product_cat-stoomtechniek-stoomtechniel-prive-shop","9":"product_cat-shop","10":"product_cat-stoomtechniek-prive","12":"first","13":"instock","14":"taxable","15":"shipping-taxable","16":"purchasable","17":"product-type-simple"},"acf":[],"_links":{"self":[{"href":"https:\/\/cleopatra.nl\/pl\/wp-json\/wp\/v2\/product\/3209","targetHints":{"allow":["GET"]}}],"collection":[{"href":"https:\/\/cleopatra.nl\/pl\/wp-json\/wp\/v2\/product"}],"about":[{"href":"https:\/\/cleopatra.nl\/pl\/wp-json\/wp\/v2\/types\/product"}],"wp:featuredmedia":[{"embeddable":true,"href":"https:\/\/cleopatra.nl\/pl\/wp-json\/wp\/v2\/media\/3205"}],"wp:attachment":[{"href":"https:\/\/cleopatra.nl\/pl\/wp-json\/wp\/v2\/media?parent=3209"}],"wp:term":[{"taxonomy":"product_brand","embeddable":true,"href":"https:\/\/cleopatra.nl\/pl\/wp-json\/wp\/v2\/product_brand?post=3209"},{"taxonomy":"product_cat","embeddable":true,"href":"https:\/\/cleopatra.nl\/pl\/wp-json\/wp\/v2\/product_cat?post=3209"},{"taxonomy":"product_tag","embeddable":true,"href":"https:\/\/cleopatra.nl\/pl\/wp-json\/wp\/v2\/product_tag?post=3209"}],"curies":[{"name":"wp","href":"https:\/\/api.w.org\/{rel}","templated":true}]}}