{"id":3213,"date":"2022-04-25T16:46:22","date_gmt":"2022-04-25T14:46:22","guid":{"rendered":"https:\/\/cleopatra.medialoods.com\/?post_type=product&#038;p=3213"},"modified":"2026-04-27T17:27:11","modified_gmt":"2026-04-27T15:27:11","slug":"acryl-bank-hoek-1500x1225mm","status":"publish","type":"product","link":"https:\/\/cleopatra.nl\/pl\/shop\/modulair-stoom\/acryl-betegelbare-banken\/acryl-bank-hoek\/","title":{"rendered":"Akrylowy naro\u017cnik \u0142awki | 1500x1225mm"},"content":{"rendered":"<p>Ta akrylowa \u0142awka naro\u017cna dla 2 os\u00f3b jest \u0142atwa w czyszczeniu i doskonale nadaje si\u0119 do \u0142a\u017ani parowej.<\/p>\n<ul>\n<li><span data-contrast=\"auto\">Najwy\u017csza jako\u015b\u0107<\/span><b><span data-contrast=\"auto\">\u0141awka naro\u017cna do \u0142a\u017ani parowej<\/span><\/b><span data-contrast=\"auto\">z akrylu. <\/span><\/li>\n<li><span data-contrast=\"auto\">\u0141atwo\u015b\u0107 czyszczenia.<\/span><\/li>\n<li><span data-contrast=\"auto\">Naro\u017cnik ma nast\u0119puj\u0105ce wymiary i jest dost\u0119pny z naro\u017cnikiem po lewej (jak pokazano na zdj\u0119ciu) lub po prawej stronie.<\/span><\/li>\n<li>Zawiera elementy mocuj\u0105ce do bezpo\u015bredniego monta\u017cu na \u015bcianie.<\/li>\n<li>Dost\u0119pne dla prawego lub lewego naro\u017cnika<\/li>\n<\/ul>\n<h4><strong><\/p>\n<p>WYMIARY<\/strong><\/h4>\n<ul>\n<li><span data-contrast=\"auto\">1500 mm (d\u0142ugi bok) x 1125 mm (kr\u00f3tki bok)<\/span><span data-ccp-props=\"{&quot;201341983&quot;:0,&quot;335559738&quot;:100,&quot;335559739&quot;:200,&quot;335559740&quot;:276}\">\u00a0<\/span><\/li>\n<li><span data-contrast=\"auto\">Wysoko\u015b\u0107: 905 mm<\/span><span data-ccp-props=\"{&quot;201341983&quot;:0,&quot;335559738&quot;:100,&quot;335559739&quot;:200,&quot;335559740&quot;:276}\">\u00a0<\/span><\/li>\n<li><span data-contrast=\"auto\">G\u0142\u0119boko\u015b\u0107: 480 mm<\/span><span data-ccp-props=\"{&quot;201341983&quot;:0,&quot;335559738&quot;:100,&quot;335559739&quot;:200,&quot;335559740&quot;:276}\">\u00a0<\/span><\/li>\n<\/ul>\n<h4>\nR\u0118CZNY<\/h4>\n<p>Pobierz <a href=\"https:\/\/cleopatra.nl\/wp-content\/uploads\/Montage-handleiding-Acryl-banken-DE-ENG-NL-90156901.pdf\">instrukcja tutaj.<\/a><\/p>","protected":false},"excerpt":{"rendered":"<p>Ta akrylowa \u0142awka naro\u017cna dla 2 os\u00f3b jest \u0142atwa w czyszczeniu i doskonale nadaje si\u0119 do \u0142a\u017ani parowej.<\/p>","protected":false},"featured_media":3217,"template":"","format":"standard","meta":{"_acf_changed":false},"product_brand":[347],"product_cat":[88,78,71],"product_tag":[],"class_list":{"0":"post-3213","1":"product","2":"type-product","3":"status-publish","4":"format-standard","5":"has-post-thumbnail","7":"product_brand-cleopatra","8":"product_cat-acryl-betegelbare-banken","9":"product_cat-modulair-stoom","10":"product_cat-shop","12":"first","13":"instock","14":"taxable","15":"shipping-taxable","16":"purchasable","17":"product-type-simple"},"acf":[],"_links":{"self":[{"href":"https:\/\/cleopatra.nl\/pl\/wp-json\/wp\/v2\/product\/3213","targetHints":{"allow":["GET"]}}],"collection":[{"href":"https:\/\/cleopatra.nl\/pl\/wp-json\/wp\/v2\/product"}],"about":[{"href":"https:\/\/cleopatra.nl\/pl\/wp-json\/wp\/v2\/types\/product"}],"wp:featuredmedia":[{"embeddable":true,"href":"https:\/\/cleopatra.nl\/pl\/wp-json\/wp\/v2\/media\/3217"}],"wp:attachment":[{"href":"https:\/\/cleopatra.nl\/pl\/wp-json\/wp\/v2\/media?parent=3213"}],"wp:term":[{"taxonomy":"product_brand","embeddable":true,"href":"https:\/\/cleopatra.nl\/pl\/wp-json\/wp\/v2\/product_brand?post=3213"},{"taxonomy":"product_cat","embeddable":true,"href":"https:\/\/cleopatra.nl\/pl\/wp-json\/wp\/v2\/product_cat?post=3213"},{"taxonomy":"product_tag","embeddable":true,"href":"https:\/\/cleopatra.nl\/pl\/wp-json\/wp\/v2\/product_tag?post=3213"}],"curies":[{"name":"wp","href":"https:\/\/api.w.org\/{rel}","templated":true}]}}