{"id":3214,"date":"2022-04-27T19:01:57","date_gmt":"2022-04-27T17:01:57","guid":{"rendered":"https:\/\/cleopatra.medialoods.com\/?post_type=product&#038;p=3214"},"modified":"2026-04-27T13:09:28","modified_gmt":"2026-04-27T11:09:28","slug":"ultrasteam-2","status":"publish","type":"product","link":"https:\/\/cleopatra.nl\/pl\/shop\/stoomtechniek-prive\/stoomtechniek-stoomtechniel-prive-shop\/ultrasteam\/","title":{"rendered":"Ultrasteam"},"content":{"rendered":"<h4><strong>OPIS<\/strong><\/h4>\n<p>Ultrateam<sup>\u00ae<\/sup>\u00a0 zosta\u0142 stworzony i zaprojektowany z my\u015bl\u0105 o osi\u0105gni\u0119ciu najwy\u017cszych dozna\u0144 parowych: g\u0119stych ob\u0142ok\u00f3w pary i wspania\u0142ej temperatury oko\u0142o 48 stopni Celsjusza. Ultrasteam<sup>\u00ae<\/sup> mo\u017ce wsp\u00f3\u0142pracowa\u0107 z r\u00f3\u017cnymi generatorami pary Cleopatra, umo\u017cliwiaj\u0105c r\u00f3wnie\u017c korzystanie z Ultrasteam<sup>\u00ae<\/sup> do istniej\u0105cych instalacji. Idealny proces parowy sk\u0142ada si\u0119 z dw\u00f3ch czynnik\u00f3w: temperatury i wilgotno\u015bci. Przy niewystarczaj\u0105cej wilgotno\u015bci, z powodu s\u0142abej wentylacji lub zbyt gor\u0105cego klimatu, para nie jest widoczna. Ultrasteam<sup>\u00ae<\/sup> uzupe\u0142nia niedob\u00f3r wilgoci i w ten spos\u00f3b tworzy wspania\u0142\u0105 \u0142a\u017ani\u0119 parow\u0105, jakiej nigdy wcze\u015bniej nie widzia\u0142e\u015b. To opatentowane rozwi\u0105zanie sprawdzi\u0142o si\u0119 ju\u017c w r\u00f3\u017cnych renomowanych o\u015brodkach odnowy biologicznej w kraju i za granic\u0105.<\/p>\n<p>&nbsp;<\/p>\n<p><strong>OSZCZ\u0118DNO\u015a\u0106 ENERGII<\/strong><\/p>\n<p>W przypadku hoteli, basen\u00f3w publicznych i miejsc publicznych mo\u017cna znacznie zaoszcz\u0119dzi\u0107 na kosztach energii dzi\u0119ki sterowaniu w trybie gotowo\u015bci za pomoc\u0105 g\u0142owicy ci\u015bnieniowej. Ultrasteam<sup>\u00ae<\/sup> a generatory pary Cleopatra mo\u017cna dostosowa\u0107 tak, aby wytwarza\u0142y kr\u00f3tki czas nagrzewania i pe\u0142ne chmury pary. Eliminuje to potrzeb\u0119 uruchamiania instalacji przez ca\u0142y dzie\u0144. Pozwala to zaoszcz\u0119dzi\u0107 na kosztach konserwacji i energii.<\/p>\n<p>&nbsp;<\/p>\n<p><strong>DZIA\u0141ANIE<\/strong><\/p>\n<p>Ultrateam<sup>\u00ae<\/sup> Generator wytwarza bardzo drobne kropelki zimnej wody, kt\u00f3re s\u0105 wdmuchiwane do kabiny przez wentylator. W momencie, gdy te kropelki wody wejd\u0105 w kontakt z gor\u0105c\u0105 par\u0105, natychmiast rozpoczyna si\u0119 przyspieszony proces kondensacji: powoduje to<br \/>\nTworzone s\u0105 g\u0119ste chmury pary. W zale\u017cno\u015bci od wybranego sterowania i generatora pary, mo\u017cliwe jest u\u017cycie Ultrasteam<sup>\u00ae<\/sup> w spos\u00f3b ci\u0105g\u0142y lub cz\u0119\u015bciowo wraz z procesem parowym. Ultrasteam wykorzystuje filtry wody, aby zapewni\u0107 optymaln\u0105 higien\u0119 wody. Po u\u017cyciu Ultrasteam opr\u00f3\u017cnia si\u0119<sup>\u00ae<\/sup> sam generator, tak aby nie pozosta\u0142y \u017cadne resztki wody.<\/p>\n<p>&nbsp;<\/p>\n<p><strong>ADRESY<\/strong><\/p>\n<p>Do pod\u0142\u0105czania Ultrasteam<sup>\u00ae<\/sup> Generator wymaga jedynie przy\u0142\u0105cza zimnej wody, odp\u0142ywu i przy\u0142\u0105cza elektrycznego (230 V - 1N). Ultrasteam<sup>\u00ae<\/sup> jest opcjonalny w przypadku Steam Deluxe i profesjonalnego generatora Vital &amp; Elite pro. Oto przyk\u0142ad dzia\u0142ania urz\u0105dzenia Ultrasteam<sup>\u00ae<\/sup>.<\/p>\n<p>&nbsp;<\/p>\n<p><strong>R\u0118CZNY<\/strong><\/p>\n<p>W instrukcji znajduj\u0105 si\u0119 wszystkie wa\u017cne informacje dotycz\u0105ce tego produktu. Mo\u017cna znale\u017a\u0107 instrukcj\u0119 instalacji:<\/p>\n<p>Kliknij tutaj: Ultrasteam<a href=\"https:\/\/cleopatra.nl\/wp-content\/uploads\/ULTRASTEAM-MHL-2023-90179007.pdf\">\u00a0instrukcja instalacji<\/a><\/p>\n<p>&nbsp;<\/p>","protected":false},"excerpt":{"rendered":"<p>OMSCHRIJVING De Ultrasteam\u00ae\u00a0 generator is bedacht en ontworpen om de ultieme stoombeleving te realiseren: dikke wolken stoom en een heerlijke temperatuur van rond de 48 graden Celsius. De Ultrasteam\u00ae generator kan met diverse Cleopatra stoom generatoren samenwerken waardoor het ook mogelijk is om de Ultrasteam\u00ae op bestaande installaties aan te sluiten. Het ideale stoomproces bestaat [&hellip;]<\/p>\n","protected":false},"featured_media":3215,"template":"","format":"standard","meta":{"_acf_changed":false},"product_brand":[347],"product_cat":[98,71,80,81],"product_tag":[],"class_list":{"0":"post-3214","1":"product","2":"type-product","3":"status-publish","4":"format-standard","5":"has-post-thumbnail","7":"product_brand-cleopatra","8":"product_cat-stoomtechniek-stoomtechniel-prive-shop","9":"product_cat-shop","10":"product_cat-stoomtechniek-prive","11":"product_cat-stoomtechniek-professioneel","13":"first","14":"instock","15":"taxable","16":"shipping-taxable","17":"purchasable","18":"product-type-simple"},"acf":[],"_links":{"self":[{"href":"https:\/\/cleopatra.nl\/pl\/wp-json\/wp\/v2\/product\/3214","targetHints":{"allow":["GET"]}}],"collection":[{"href":"https:\/\/cleopatra.nl\/pl\/wp-json\/wp\/v2\/product"}],"about":[{"href":"https:\/\/cleopatra.nl\/pl\/wp-json\/wp\/v2\/types\/product"}],"wp:featuredmedia":[{"embeddable":true,"href":"https:\/\/cleopatra.nl\/pl\/wp-json\/wp\/v2\/media\/3215"}],"wp:attachment":[{"href":"https:\/\/cleopatra.nl\/pl\/wp-json\/wp\/v2\/media?parent=3214"}],"wp:term":[{"taxonomy":"product_brand","embeddable":true,"href":"https:\/\/cleopatra.nl\/pl\/wp-json\/wp\/v2\/product_brand?post=3214"},{"taxonomy":"product_cat","embeddable":true,"href":"https:\/\/cleopatra.nl\/pl\/wp-json\/wp\/v2\/product_cat?post=3214"},{"taxonomy":"product_tag","embeddable":true,"href":"https:\/\/cleopatra.nl\/pl\/wp-json\/wp\/v2\/product_tag?post=3214"}],"curies":[{"name":"wp","href":"https:\/\/api.w.org\/{rel}","templated":true}]}}