{"id":3220,"date":"2022-04-25T16:59:19","date_gmt":"2022-04-25T14:59:19","guid":{"rendered":"https:\/\/cleopatra.medialoods.com\/?post_type=product&#038;p=3220"},"modified":"2025-01-02T11:30:44","modified_gmt":"2025-01-02T10:30:44","slug":"betegelbare-bank-model-10","status":"publish","type":"product","link":"https:\/\/cleopatra.nl\/pl\/shop\/modulair-stoom\/acryl-betegelbare-banken\/betegelbare-bank-model-2\/","title":{"rendered":"Szczelna \u0142awka model 2"},"content":{"rendered":"<ul>\n<li><span data-contrast=\"auto\">\u0141awki do \u0142a\u017ani parowej Cleopatra s\u0105 wodoodporne i gotowe do bezpo\u015bredniego wy\u0142o\u017cenia p\u0142ytkami.<\/span><span data-ccp-props=\"{&quot;201341983&quot;:0,&quot;335559738&quot;:100,&quot;335559739&quot;:200,&quot;335559740&quot;:276}\">\u00a0<\/span><\/li>\n<li><span data-contrast=\"auto\">To<\/span><b><span data-contrast=\"auto\">\u0142awka do \u0142a\u017ani parowej<\/span><\/b><span data-contrast=\"auto\">mo\u017ce by\u0107 wyko\u0144czona nie tylko mozaik\u0105, ale tak\u017ce p\u0142ytkami formatowymi. Idealne do wyboru wyko\u0144czenia, kt\u00f3re najlepiej pasuje do \u0142a\u017ani parowej!<\/span><span data-ccp-props=\"{&quot;201341983&quot;:0,&quot;335559738&quot;:100,&quot;335559739&quot;:200,&quot;335559740&quot;:276}\">\u00a0<\/span><\/li>\n<li><span data-contrast=\"auto\">\u0141awka jest wykonywana na wymiar; okre\u015blasz i zamawiasz rozmiar \u0142awki w metrach.<\/span><span data-ccp-props=\"{&quot;201341983&quot;:0,&quot;335559738&quot;:100,&quot;335559739&quot;:200,&quot;335559740&quot;:276}\">\u00a0<\/span><\/li>\n<li><span data-contrast=\"auto\">Na zdj\u0119ciu z opcjonaln\u0105 szyn\u0105 LED.<\/span><span data-ccp-props=\"{&quot;201341983&quot;:0,&quot;335559738&quot;:100,&quot;335559739&quot;:200,&quot;335559740&quot;:276}\">\u00a0<\/span><\/li>\n<li><span data-contrast=\"auto\">Naro\u017cniki \u0142awki s\u0105 dostarczane ze skosem.<\/span><span data-ccp-props=\"{&quot;201341983&quot;:0,&quot;335559738&quot;:100,&quot;335559739&quot;:200,&quot;335559740&quot;:276}\">\u00a0<\/span><\/li>\n<\/ul>\n<p>&nbsp;<\/p>\n<h4><strong>WYMIARY<\/strong><\/h4>\n<p>500 x 1000 mm<\/p>\n<h4><strong>R\u0118CZNY<\/strong><\/h4>\n<p>Pobierz <a href=\"https:\/\/cleopatra.nl\/wp-content\/uploads\/Handleiding-betegelbare-banken-90212305-R02.pdf\">instrukcje dotycz\u0105ce \u0142awki z p\u0142ytkami<\/a><\/p>","protected":false},"excerpt":{"rendered":"<p><span data-contrast=\"auto\">\u0141awki do \u0142a\u017ani parowej Cleopatra s\u0105 wodoodporne i gotowe do bezpo\u015bredniego wy\u0142o\u017cenia p\u0142ytkami.<\/span><span data-ccp-props=\"{&quot;201341983&quot;:0,&quot;335559738&quot;:100,&quot;335559739&quot;:200,&quot;335559740&quot;:276}\">\u00a0<\/span><\/p>","protected":false},"featured_media":3221,"template":"","format":"standard","meta":{"_acf_changed":false},"product_brand":[],"product_cat":[276,78,71],"product_tag":[],"class_list":{"0":"post-3220","1":"product","2":"type-product","3":"status-publish","4":"format-standard","5":"has-post-thumbnail","7":"product_cat-betegelbare-banken","8":"product_cat-modulair-stoom","9":"product_cat-shop","11":"first","12":"instock","13":"taxable","14":"shipping-taxable","15":"purchasable","16":"product-type-simple"},"acf":[],"_links":{"self":[{"href":"https:\/\/cleopatra.nl\/pl\/wp-json\/wp\/v2\/product\/3220","targetHints":{"allow":["GET"]}}],"collection":[{"href":"https:\/\/cleopatra.nl\/pl\/wp-json\/wp\/v2\/product"}],"about":[{"href":"https:\/\/cleopatra.nl\/pl\/wp-json\/wp\/v2\/types\/product"}],"wp:featuredmedia":[{"embeddable":true,"href":"https:\/\/cleopatra.nl\/pl\/wp-json\/wp\/v2\/media\/3221"}],"wp:attachment":[{"href":"https:\/\/cleopatra.nl\/pl\/wp-json\/wp\/v2\/media?parent=3220"}],"wp:term":[{"taxonomy":"product_brand","embeddable":true,"href":"https:\/\/cleopatra.nl\/pl\/wp-json\/wp\/v2\/product_brand?post=3220"},{"taxonomy":"product_cat","embeddable":true,"href":"https:\/\/cleopatra.nl\/pl\/wp-json\/wp\/v2\/product_cat?post=3220"},{"taxonomy":"product_tag","embeddable":true,"href":"https:\/\/cleopatra.nl\/pl\/wp-json\/wp\/v2\/product_tag?post=3220"}],"curies":[{"name":"wp","href":"https:\/\/api.w.org\/{rel}","templated":true}]}}