{"id":3224,"date":"2022-04-25T17:09:11","date_gmt":"2022-04-25T15:09:11","guid":{"rendered":"https:\/\/cleopatra.medialoods.com\/?post_type=product&#038;p=3224"},"modified":"2026-04-27T17:26:07","modified_gmt":"2026-04-27T15:26:07","slug":"betegelbare-bank-model-8","status":"publish","type":"product","link":"https:\/\/cleopatra.nl\/pl\/shop\/modulair-stoom\/acryl-betegelbare-banken\/betegelbare-bank-model-6\/","title":{"rendered":"Szczelna \u0142awka model 6"},"content":{"rendered":"<ul>\n<li><span data-contrast=\"auto\">\u0141awki do \u0142a\u017ani parowej Cleopatra s\u0105 wodoodporne i gotowe do bezpo\u015bredniego wy\u0142o\u017cenia p\u0142ytkami.<\/span><\/li>\n<li><span data-contrast=\"auto\">To<\/span><b><span data-contrast=\"auto\">\u0142awka do \u0142a\u017ani parowej<\/span><\/b><span data-contrast=\"auto\">mo\u017cna wyko\u0144czy\u0107 tylko mozaik\u0105.<\/span><span data-ccp-props=\"{&quot;201341983&quot;:0,&quot;335559738&quot;:100,&quot;335559739&quot;:200,&quot;335559740&quot;:276}\">\u00a0<\/span><\/li>\n<li><span data-contrast=\"auto\">\u0141awka jest wykonywana na wymiar; okre\u015blasz i zamawiasz rozmiar \u0142awki w metrach.<\/span><span data-ccp-props=\"{&quot;201341983&quot;:0,&quot;335559738&quot;:100,&quot;335559739&quot;:200,&quot;335559740&quot;:276}\">\u00a0<\/span><\/li>\n<li><span data-contrast=\"auto\">Naro\u017cniki \u0142awki s\u0105 dostarczane ze skosem.<\/span><span data-ccp-props=\"{&quot;201341983&quot;:0,&quot;335559738&quot;:100,&quot;335559739&quot;:200,&quot;335559740&quot;:276}\">\u00a0<\/span><\/li>\n<\/ul>\n<p>&nbsp;<\/p>\n<h4><strong>WYMIARY<\/strong><\/h4>\n<p>800 x 1070 mm<\/p>\n<h4><strong>R\u0118CZNY<\/strong><\/h4>\n<p>Pobierz <a href=\"https:\/\/cleopatra.nl\/wp-content\/uploads\/Handleiding-betegelbare-banken-90212305-R02.pdf\">instrukcje dotycz\u0105ce \u0142awki z p\u0142ytkami<\/a><\/p>","protected":false},"excerpt":{"rendered":"<p><span data-contrast=\"auto\">\u0141awki do \u0142a\u017ani parowej Cleopatra s\u0105 wodoodporne i gotowe do bezpo\u015bredniego wy\u0142o\u017cenia p\u0142ytkami.<\/span><\/p>","protected":false},"featured_media":3225,"template":"","format":"standard","meta":{"_acf_changed":false},"product_brand":[347],"product_cat":[276,78,71],"product_tag":[],"class_list":{"0":"post-3224","1":"product","2":"type-product","3":"status-publish","4":"format-standard","5":"has-post-thumbnail","7":"product_brand-cleopatra","8":"product_cat-betegelbare-banken","9":"product_cat-modulair-stoom","10":"product_cat-shop","12":"first","13":"instock","14":"taxable","15":"shipping-taxable","16":"purchasable","17":"product-type-simple"},"acf":[],"_links":{"self":[{"href":"https:\/\/cleopatra.nl\/pl\/wp-json\/wp\/v2\/product\/3224","targetHints":{"allow":["GET"]}}],"collection":[{"href":"https:\/\/cleopatra.nl\/pl\/wp-json\/wp\/v2\/product"}],"about":[{"href":"https:\/\/cleopatra.nl\/pl\/wp-json\/wp\/v2\/types\/product"}],"wp:featuredmedia":[{"embeddable":true,"href":"https:\/\/cleopatra.nl\/pl\/wp-json\/wp\/v2\/media\/3225"}],"wp:attachment":[{"href":"https:\/\/cleopatra.nl\/pl\/wp-json\/wp\/v2\/media?parent=3224"}],"wp:term":[{"taxonomy":"product_brand","embeddable":true,"href":"https:\/\/cleopatra.nl\/pl\/wp-json\/wp\/v2\/product_brand?post=3224"},{"taxonomy":"product_cat","embeddable":true,"href":"https:\/\/cleopatra.nl\/pl\/wp-json\/wp\/v2\/product_cat?post=3224"},{"taxonomy":"product_tag","embeddable":true,"href":"https:\/\/cleopatra.nl\/pl\/wp-json\/wp\/v2\/product_tag?post=3224"}],"curies":[{"name":"wp","href":"https:\/\/api.w.org\/{rel}","templated":true}]}}