{"id":3226,"date":"2022-04-27T19:02:07","date_gmt":"2022-04-27T17:02:07","guid":{"rendered":"https:\/\/cleopatra.medialoods.com\/?post_type=product&#038;p=3226"},"modified":"2026-04-27T15:50:20","modified_gmt":"2026-04-27T13:50:20","slug":"i-shape-glass-cabine-2","status":"publish","type":"product","link":"https:\/\/cleopatra.nl\/pl\/shop\/modulair-stoom\/glass-shapes-cabines\/i-shape-glass-cabine\/","title":{"rendered":"Szklana kabina w kszta\u0142cie litery I"},"content":{"rendered":"<p><span data-contrast=\"auto\">Okulary Cleopatra w kszta\u0142cie litery I<\/span><b><span data-contrast=\"auto\">\u0142a\u017ania parowa<\/span><\/b><span data-contrast=\"auto\">i<\/span><b><span data-contrast=\"auto\">kabina wellness<\/span><\/b><span data-contrast=\"auto\">to nowoczesne pomieszczenie prysznicowe, parowe i wellness z du\u017c\u0105 ilo\u015bci\u0105 szk\u0142a i minimalistycznym designem. Kszta\u0142t litery I jest umieszczony w niszy.<\/span><span data-ccp-props=\"{&quot;201341983&quot;:0,&quot;335559738&quot;:100,&quot;335559739&quot;:200,&quot;335559740&quot;:276}\"> Take <a href=\"https:\/\/cleopatra.nl\/pl\/contact\/\" target=\"_blank\" rel=\"noopener\">kontakt<\/a> aby uzyska\u0107 wi\u0119cej informacji.<\/span><\/p>\n<h4><strong><br \/>\nOPCJE<\/strong><\/h4>\n<p>Elementy dost\u0119pne w kolorze chromu, stali nierdzewnej lub matowej czerni (standardowy kolor to\u00a0<strong>Chrom<\/strong>)<\/p>\n<p>Kolor dachu dost\u0119pny w kolorze bia\u0142ym lub RAL (standardowy kolor to\u00a0<strong>Bia\u0142y<\/strong>)<\/p>\n<p>Szk\u0142o dost\u0119pne w kolorze przezroczystym, br\u0105zowym lub szarym (standardowy kolor to\u00a0<strong>Jasny<\/strong>)<\/p>\n<p><strong>(Kolory inne ni\u017c standardowe mo\u017cna zam\u00f3wi\u0107 na \u017cyczenie).<\/strong><\/p>\n<p>(cena\u00a0<strong>z wy\u0142.<\/strong>\u00a0po\u015brednictwo i doradztwo na miejscu).<\/p>\n<p>CECHY<\/p>\n<p>- Wariant naro\u017cny (w kszta\u0142cie litery I).<br \/>\n- Panele szklane z w\u0105skimi profilami \u015bciennymi, chromowane w standardzie.<br \/>\n- Luksusowy uchwyt, zawiasy i klipsy pod\u0142ogowe chromowane w standardzie.<br \/>\n- Cz\u0119\u015bci kolorowe dost\u0119pne za dodatkow\u0105 op\u0142at\u0105 w kolorze stali nierdzewnej lub matowej czerni.<br \/>\n- Konstrukcja kabiny: po\u0142\u0105czony dach i szyba.<br \/>\n- Kolory szk\u0142a do wyboru: przezroczysty, br\u0105zowy lub szary.<br \/>\n- P\u0142aski dach \u0142a\u017ani parowej wykonany z materia\u0142u izolacyjnego. Standardowy bia\u0142y (RAL 9016) - mo\u017cliwe inne kolory z palety RAL.<\/p>\n<p><span data-contrast=\"auto\">Ty wybierasz<strong>\u202f<a href=\"https:\/\/cleopatra.nl\/pl\/shop\/?_product_categorieen=stoomtechniek-stoomtechniel-prive-shop\" target=\"_blank\" rel=\"noopener\">generator pary <\/a><\/strong><\/span><span data-contrast=\"auto\"><strong>\u202f<\/strong>(z powi\u0105zanymi funkcjami odnowy biologicznej), \u0142awki, prysznic, o\u015bwietlenie i wszystkie inne opcje, dzi\u0119ki czemu mo\u017cesz zaprojektowa\u0107 kabin\u0119, kt\u00f3ra ca\u0142kowicie odpowiada Twoim potrzebom.<\/span><span data-ccp-props=\"{&quot;201341983&quot;:0,&quot;335559738&quot;:100,&quot;335559739&quot;:200,&quot;335559740&quot;:276}\">\u00a0<\/span><\/p>\n<p><span data-contrast=\"auto\">Chcesz zobaczy\u0107 szklan\u0105 kabin\u0119 Cleopatra I-shape? Mo\u017cesz to zrobi\u0107 w naszym<\/span><a href=\"https:\/\/cleopatra.nl\/pl\/contact\/\" target=\"_blank\" rel=\"noopener\"><span data-contrast=\"none\">showroom<\/span><\/a><span data-contrast=\"auto\">w Zaandam.<\/span><\/p>\n<p>WYMIARY I WERSJE KABIN PAROWYCH I WELLNESS<\/p>\n<p><span data-contrast=\"auto\">Szklana kabina jest dost\u0119pna w wymaganych wymiarach do maksymalnie 1800 x 1200 mm. Wysoko\u015b\u0107 zewn\u0119trzna kabiny wynosi standardowo 2250 mm; inne wymiary mog\u0105 by\u0107 dost\u0119pne na \u017cyczenie.<\/span><span data-ccp-props=\"{&quot;201341983&quot;:0,&quot;335559738&quot;:100,&quot;335559739&quot;:200,&quot;335559740&quot;:276}\"> Istniej\u0105 dwie wersje kabin w kszta\u0142cie litery I; pierwsza wersja jest otwarta u g\u00f3ry (dach jest bezpo\u015brednio po\u0142\u0105czony z szyb\u0105), druga wersja ma dach i szyb\u0119, kt\u00f3re nie s\u0105 po\u0142\u0105czone. W tej drugiej wersji nad szyb\u0105 nale\u017cy umie\u015bci\u0107 rygiel (patrz ilustracja produktu).<\/span><\/p>\n<p>GENERATOR PARY I WELLNESS<\/p>\n<p><span data-contrast=\"auto\">Cleopatra produkuje w\u0142asne generatory w swojej fabryce w Holandii. Dla u\u017cytkownik\u00f3w prywatnych oferujemy trzy modele generator\u00f3w zewn\u0119trznych: <a href=\"https:\/\/cleopatra.nl\/pl\/shop\/?_product_categorieen=stoomtechniek-stoomtechniel-prive-shop\" target=\"_blank\" rel=\"noopener\">kliknij tutaj<\/a>\u00a0<\/span><\/p>\n<p><span data-contrast=\"auto\">Opr\u00f3cz zewn\u0119trznego generatora, Cleopatra posiada r\u00f3wnie\u017c wewn\u0119trzny generator pary Backwall. Jest to <\/span>estetyczny system umo\u017cliwiaj\u0105cy umieszczenie generatora wewn\u0105trz lub przy \u015bcianie kabiny. Generator na zewn\u0105trz kabiny oszcz\u0119dza miejsce wewn\u0105trz kabiny, ale wymaga ma\u0142ego pomieszczenia technicznego w pobli\u017cu kabiny. <a href=\"https:\/\/cleopatra.nl\/pl\/shop\/?_product_categorieen=stoomtechniek-stoomtechniek-prive\" target=\"_blank\" rel=\"noopener\">Kliknij tutaj<\/a> aby uzyska\u0107 wi\u0119cej informacji na temat Backwall.<\/p>\n<p>INSTALACJA KABINY PAROWEJ I WELLNESS<\/p>\n<p><span data-contrast=\"auto\">Aby zapewni\u0107 bezproblemow\u0105 instalacj\u0119, Cleopatra mo\u017ce zmierzy\u0107 kabin\u0119 i dokona\u0107 inwentaryzacji przestrzeni. Mo\u017cemy r\u00f3wnie\u017c zainstalowa\u0107 szklan\u0105 kabin\u0119 za dodatkow\u0105 op\u0142at\u0105.<\/span><span data-ccp-props=\"{&quot;201341983&quot;:0,&quot;335559738&quot;:100,&quot;335559739&quot;:200,&quot;335559740&quot;:276}\">\u00a0<\/span><\/p>\n<p><span data-contrast=\"auto\">Us\u0142ugi te s\u0105 dost\u0119pne tylko w krajach Beneluksu.<\/span><span data-ccp-props=\"{&quot;201341983&quot;:0,&quot;335559738&quot;:100,&quot;335559739&quot;:200,&quot;335559740&quot;:276}\">\u00a0<\/span><\/p>\n<p><span data-contrast=\"auto\">Chcesz dowiedzie\u0107 si\u0119 wi\u0119cej?W takim razie we\u017a<a href=\"https:\/\/cleopatra.nl\/pl\/contact\/\" target=\"_blank\" rel=\"noopener\"><em>\u202f<\/em><\/a><\/span><a href=\"https:\/\/cleopatra.nl\/pl\/contact\/\" target=\"_blank\" rel=\"noopener\"><strong><em>kontakt<\/em><\/strong><\/a><span data-contrast=\"auto\"><strong>\u202f<\/strong>z nami.<\/span><span data-ccp-props=\"{&quot;201341983&quot;:0,&quot;335559738&quot;:100,&quot;335559739&quot;:200,&quot;335559740&quot;:276}\">\u00a0<\/span><\/p>\n<p>\u0141AWKI I SIEDZISKA<\/p>\n<h4><span data-ccp-props=\"{&quot;201341983&quot;:0,&quot;335559738&quot;:100,&quot;335559739&quot;:200,&quot;335559740&quot;:276}\">\u00a0<\/span><\/h4>\n<p><span data-contrast=\"auto\">W przypadku szklanej kabiny mo\u017cna wybiera\u0107 spo\u015br\u00f3d mi\u0119kkich \u0142awek do siedzenia, \u0142awek wy\u0142o\u017conych p\u0142ytkami lub \u0142awek akrylowych.\u00a0<\/span><\/p>\n<p>&nbsp;<\/p>\n<h4><strong>INNE OPCJE KABINY<\/strong><\/h4>\n<p>Zaw\u00f3r odpowietrzaj\u0105cy.Niezb\u0119dny do uzyskania dobrej jako\u015bci pary.<\/p>\n<p>O\u015bwietlenie na dachu \u0142a\u017ani parowej: do wyboru \u015bwiat\u0142o bia\u0142e lub kolorowe.<\/p>\n<p>G\u0142owica prysznicowa: to b\u0119dzie wspania\u0142y prysznic! G\u0142owica prysznicowa marki Hansgrohe jest montowana bezpo\u015brednio na dachu prysznica parowego.<\/p>\n<p>G\u0142o\u015bniki w \u0142a\u017ani parowej: zamontowane w dachu \u0142a\u017ani parowej; zabierz swoj\u0105 muzyk\u0119 do \u0142a\u017ani parowej!<\/p>\n<p>Istnieje wiele mo\u017cliwo\u015bci dostosowania kabiny do w\u0142asnych upodoba\u0144. Dlatego ch\u0119tnie doradzimy w naszym salonie wystawowym w Zaandam. Mo\u017cesz r\u00f3wnie\u017c do nas zadzwoni\u0107: +31 (0)75 647 8200 lub wys\u0142a\u0107 e-mail:<strong><em>\u202f<a href=\"mailto:sa***@*******ra.nl\" data-original-string=\"Gk4mBq\/25vNspdlzZeVjuw==9f1niboEXh+\/AF4PNIt9vNate2O2r8eLpda29c3TnSQOwo=\" title=\"Ten kontakt zosta\u0142 zakodowany przez Anti-Spam by CleanTalk. Kliknij, aby zdekodowa\u0107. Aby zako\u0144czy\u0107 dekodowanie, upewnij si\u0119, \u017ce w przegl\u0105darce w\u0142\u0105czona jest obs\u0142uga JavaScript.\"><span \n                data-original-string='Hjgbrj3jS\/rGkTHh\/UTXjQ==9f1q1ZeOXkz4SuTo+2Nyr\/evScwhLHbBd+Q+W8aDWcx0Ck='\n                class='apbct-email-encoder'\n                title='Ten kontakt zosta\u0142 zakodowany przez Anti-Spam by CleanTalk. Kliknij, aby zdekodowa\u0107. Aby zako\u0144czy\u0107 dekodowanie, upewnij si\u0119, \u017ce w przegl\u0105darce w\u0142\u0105czona jest obs\u0142uga JavaScript.'>sa<span class=\"apbct-blur\">***<\/span>@<span class=\"apbct-blur\">*******<\/span>ra.co.uk<\/span><\/a>\u00a0<\/em><\/strong><\/p>","protected":false},"excerpt":{"rendered":"<p><span data-contrast=\"auto\">Okulary Cleopatra w kszta\u0142cie litery I<\/span><b><span data-contrast=\"auto\">\u0142a\u017ania parowa<\/span><\/b><span data-contrast=\"auto\">i<\/span><b><span data-contrast=\"auto\">kabina wellness<\/span><\/b><span data-contrast=\"auto\">to nowoczesne pomieszczenie prysznicowe, parowe i wellness z du\u017c\u0105 ilo\u015bci\u0105 szk\u0142a i minimalistycznym designem. Kszta\u0142t litery I jest umieszczony w niszy.<\/span><span data-ccp-props=\"{&quot;201341983&quot;:0,&quot;335559738&quot;:100,&quot;335559739&quot;:200,&quot;335559740&quot;:276}\"> Take <a href=\"https:\/\/cleopatra.nl\/pl\/contact\/\" target=\"_blank\" rel=\"noopener\">kontakt<\/a> aby uzyska\u0107 wi\u0119cej informacji.<\/span><\/p>","protected":false},"featured_media":10734,"template":"","format":"standard","meta":{"_acf_changed":false},"product_brand":[347],"product_cat":[89,78,71],"product_tag":[],"class_list":{"0":"post-3226","1":"product","2":"type-product","3":"status-publish","4":"format-standard","5":"has-post-thumbnail","7":"product_brand-cleopatra","8":"product_cat-glass-shapes-cabines","9":"product_cat-modulair-stoom","10":"product_cat-shop","12":"first","13":"onbackorder","14":"taxable","15":"shipping-taxable","16":"purchasable","17":"product-type-simple"},"acf":[],"_links":{"self":[{"href":"https:\/\/cleopatra.nl\/pl\/wp-json\/wp\/v2\/product\/3226","targetHints":{"allow":["GET"]}}],"collection":[{"href":"https:\/\/cleopatra.nl\/pl\/wp-json\/wp\/v2\/product"}],"about":[{"href":"https:\/\/cleopatra.nl\/pl\/wp-json\/wp\/v2\/types\/product"}],"wp:featuredmedia":[{"embeddable":true,"href":"https:\/\/cleopatra.nl\/pl\/wp-json\/wp\/v2\/media\/10734"}],"wp:attachment":[{"href":"https:\/\/cleopatra.nl\/pl\/wp-json\/wp\/v2\/media?parent=3226"}],"wp:term":[{"taxonomy":"product_brand","embeddable":true,"href":"https:\/\/cleopatra.nl\/pl\/wp-json\/wp\/v2\/product_brand?post=3226"},{"taxonomy":"product_cat","embeddable":true,"href":"https:\/\/cleopatra.nl\/pl\/wp-json\/wp\/v2\/product_cat?post=3226"},{"taxonomy":"product_tag","embeddable":true,"href":"https:\/\/cleopatra.nl\/pl\/wp-json\/wp\/v2\/product_tag?post=3226"}],"curies":[{"name":"wp","href":"https:\/\/api.w.org\/{rel}","templated":true}]}}