{"id":3237,"date":"2022-04-27T19:02:06","date_gmt":"2022-04-27T17:02:06","guid":{"rendered":"https:\/\/cleopatra.medialoods.com\/?post_type=product&#038;p=3237"},"modified":"2026-04-26T21:18:55","modified_gmt":"2026-04-26T19:18:55","slug":"lounge-bed-porto-2","status":"publish","type":"product","link":"https:\/\/cleopatra.nl\/pl\/shop\/spa-furniture\/lounge-bed-porto\/","title":{"rendered":"\u0141\u00f3\u017cko do salonu Porto"},"content":{"rendered":"<h4>\u0141\u00d3\u017bKO WYPOCZYNKOWE PORTO<\/h4>\n<h4><a name=\"_Toc69125836\"><\/a>SPA LIGBED<\/h4>\n<p>Kleopatra<strong>\u00a0\u0142\u00f3\u017cko do salonu spa<\/strong>\u00a0Porto to bardzo wygodna le\u017canka odpowiednia do u\u017cytku w (profesjonalnej) \u0142a\u017ani tureckiej, spa, si\u0142owni lub na przyk\u0142ad na basenie. Le\u017canka ta jest ca\u0142kowicie wodoodporna i wytrzymuje r\u00f3\u017cnice temperatur.<\/p>\n<p>Mocny strumie\u0144 letniej\/gor\u0105cej wody z r\u0119cznego prysznica to dobry spos\u00f3b na czyszczenie. W razie potrzeby u\u017cyj mokrej szmatki do usuni\u0119cia plam. Sp\u0142ucz czyst\u0105 letni\u0105\/gor\u0105c\u0105 wod\u0105.<\/p>\n<h4><a name=\"_Toc69125837\"><\/a>CECHY LE\u017bAKA<\/h4>\n<p>Wymiary \u0142\u00f3\u017cka do salonu spa Porto wynosz\u0105: 1191 (d\u0142.) x 600 (szer.) x 654 (wys.) mm<\/p>\n<p>W dokumentacji znajduje si\u0119 za\u0142\u0105cznik z rysunkami i wszystkimi wymiarami tego produktu.<\/p>\n<p>To \u0142\u00f3\u017cko jest dost\u0119pne w a\u017c 3 r\u00f3\u017cnych kolorach:<\/p>\n<p>Bia\u0142y: RAL 9016<\/p>\n<p>Szary: RAL 7042<\/p>\n<p>Antracyt: RAL 7021<\/p>\n<p>&nbsp;<\/p>\n<p><strong>PORADY DOTYCZ\u0104CE CZYSZCZENIA<\/strong><\/p>\n<p>Kliknij tutaj: <a href=\"https:\/\/cleopatra.nl\/wp-content\/uploads\/Spa-furniture-GHL-90549020-DE-EN-NL.pdf\">Porady dotycz\u0105ce konserwacji mebli spa<\/a><\/p>\n<p>&nbsp;<\/p>\n<p><strong>KOLOR<\/strong><\/p>\n<p>Dost\u0119pne w innych kolorach RAL na zam\u00f3wienie; czy chcia\u0142by\u015b otrzyma\u0107 t\u0119 poduszk\u0119 w innym rozmiarze? Prosimy o kontakt.<\/p>\n<p>&nbsp;<\/p>\n<p><strong>W\u0141A\u015aCIWO\u015aCI MATERIA\u0141U<\/strong><\/p>\n<p>Pow\u0142oka Spa Furniture ma kilka wspania\u0142ych funkcji, takich jak:<br \/>\n- Bardzo niewiele substancji chemicznych ma wp\u0142yw na wi\u0105zania chemiczne cz\u0105steczek krzemu. Oznacza to, \u017ce prawie \u017caden materia\u0142 nie przywiera do krzemu. Nawet oznaczenia d\u0142ugopisem mo\u017cna \u0142atwo usun\u0105\u0107 z pow\u0142oki.<br \/>\n- Odporno\u015b\u0107 na zimno i ciep\u0142o. Cz\u0105steczki krzemu s\u0105 stabilne w temperaturach od -50 do +300 stopni Celsjusza.<br \/>\n- Krzem jest produktem bardzo przyjaznym dla sk\u00f3ry. Wi\u0119kszo\u015b\u0107 kosmetyk\u00f3w, takich jak kremy do sk\u00f3ry, szminki itp. zawiera krzem<br \/>\n- Krzem jest odporny na promieniowanie UV<br \/>\n- Krzem nadaje si\u0119 do recyklingu<br \/>\n- Produkty Spa Furniture s\u0105 bardzo przyjemne w dotyku, mi\u0119kkie i bardzo elastyczne.<br \/>\n- W procesie powlekania nie stosuje si\u0119 lotnych zwi\u0105zk\u00f3w organicznych.<br \/>\n- Drobne uszkodzenia mog\u0105 zosta\u0107 naprawione na miejscu.<\/p>\n<p>&nbsp;<\/p>\n<p><strong>ZR\u00d3WNOWA\u017bONY<\/strong><br \/>\nPow\u0142oka mebli spa sk\u0142ada si\u0119 z krzemu; surowcem do produkcji krzemu jest piasek. Piasek jest \u0142atwo dost\u0119pny<br \/>\nna powierzchni ziemi, wi\u0119c nie trzeba wierci\u0107 g\u0142\u0119boko w ziemi, aby go uzyska\u0107, jak<br \/>\nna przyk\u0142ad w pow\u0142okach petrochemicznych, takich jak poliuretan. Krzem wydobywczy jest mniej<br \/>\nopodatkowanie zasob\u00f3w naturalnych. Oznacza to, \u017ce do produkcji krzemu potrzeba mniej wody,<br \/>\nsurowc\u00f3w i energii w por\u00f3wnaniu z produktami PU i PVC.<\/p>\n<p>&nbsp;<\/p>\n<p><strong>PRACA NA ZAM\u00d3WIENIE<\/strong><br \/>\nOpr\u00f3cz produkt\u00f3w z katalogu, mo\u017cliwe jest wytwarzanie produkt\u00f3w niestandardowych; zar\u00f3wno pod wzgl\u0119dem kszta\u0142tu, jak i wygl\u0105du.<br \/>\njak kolor. W tym zakresie \u015bci\u015ble wsp\u00f3\u0142pracujemy z klientami, architektami i projektantami. Razem z nimi<br \/>\nstrony kszta\u0142tujemy pomys\u0142y projektowe w produkt, kt\u00f3ry mo\u017ce zosta\u0107 wyci\u0119ty przez sterowan\u0105 numerycznie maszyn\u0119 CNC.<br \/>\nmaszyna do ci\u0119cia pianki.<br \/>\nPo przyci\u0119ciu pianki zgodnie z ustalonymi specyfikacjami mo\u017cemy rozpocz\u0105\u0107 powlekanie.<br \/>\nW tym procesie pow\u0142oka jest r\u0119cznie nak\u0142adana na piank\u0119 o otwartej strukturze, aby utworzy\u0107 pow\u0142ok\u0119.<br \/>\ntworzy mechaniczn\u0105 przyczepno\u015b\u0107 do pianki. Pow\u0142oka ta uszczelnia piank\u0119 i zapewnia<br \/>\nelastyczna i mi\u0119kka sk\u00f3ra.<\/p>\n<p>&nbsp;<\/p>\n<p><strong>UNIKALNE CECHY<\/strong><br \/>\n- Zr\u00f3wnowa\u017cony<br \/>\n- Proces produkcji bez lotnych zwi\u0105zk\u00f3w organicznych<br \/>\n- Odporno\u015b\u0107 na wod\u0119 i par\u0119<br \/>\n- Odporno\u015b\u0107 na zimno i gor\u0105co<br \/>\n- \u0141atwy do czyszczenia<br \/>\n- Soft Touch<br \/>\n- Odporno\u015b\u0107 na promieniowanie UV<br \/>\n- Wysoka spr\u0119\u017cysto\u015b\u0107 i trwa\u0142a elastyczno\u015b\u0107<br \/>\n- Nadaje si\u0119 do recyklingu<br \/>\n- Niestandardowy kszta\u0142t i kolor (RAL)<\/p>\n<p>&nbsp;<\/p>\n<p>&nbsp;<\/p>","protected":false},"excerpt":{"rendered":"<p>Kleopatra<strong>\u00a0\u0142\u00f3\u017cko do salonu spa<\/strong>\u00a0Porto to bardzo wygodna le\u017canka odpowiednia do u\u017cytku w (profesjonalnej) \u0142a\u017ani tureckiej, spa, si\u0142owni lub na przyk\u0142ad na basenie. Le\u017canka ta jest ca\u0142kowicie wodoodporna i wytrzymuje r\u00f3\u017cnice temperatur.<\/p>","protected":false},"featured_media":3906,"template":"","format":"standard","meta":{"_acf_changed":false},"product_brand":[347],"product_cat":[91,78,71],"product_tag":[],"class_list":{"0":"post-3237","1":"product","2":"type-product","3":"status-publish","4":"format-standard","5":"has-post-thumbnail","7":"product_brand-cleopatra","8":"product_cat-spa-furniture","9":"product_cat-modulair-stoom","10":"product_cat-shop","12":"first","13":"instock","14":"taxable","15":"shipping-taxable","16":"purchasable","17":"product-type-simple"},"acf":[],"_links":{"self":[{"href":"https:\/\/cleopatra.nl\/pl\/wp-json\/wp\/v2\/product\/3237","targetHints":{"allow":["GET"]}}],"collection":[{"href":"https:\/\/cleopatra.nl\/pl\/wp-json\/wp\/v2\/product"}],"about":[{"href":"https:\/\/cleopatra.nl\/pl\/wp-json\/wp\/v2\/types\/product"}],"wp:featuredmedia":[{"embeddable":true,"href":"https:\/\/cleopatra.nl\/pl\/wp-json\/wp\/v2\/media\/3906"}],"wp:attachment":[{"href":"https:\/\/cleopatra.nl\/pl\/wp-json\/wp\/v2\/media?parent=3237"}],"wp:term":[{"taxonomy":"product_brand","embeddable":true,"href":"https:\/\/cleopatra.nl\/pl\/wp-json\/wp\/v2\/product_brand?post=3237"},{"taxonomy":"product_cat","embeddable":true,"href":"https:\/\/cleopatra.nl\/pl\/wp-json\/wp\/v2\/product_cat?post=3237"},{"taxonomy":"product_tag","embeddable":true,"href":"https:\/\/cleopatra.nl\/pl\/wp-json\/wp\/v2\/product_tag?post=3237"}],"curies":[{"name":"wp","href":"https:\/\/api.w.org\/{rel}","templated":true}]}}