{"id":3245,"date":"2022-04-27T19:02:05","date_gmt":"2022-04-27T17:02:05","guid":{"rendered":"https:\/\/cleopatra.medialoods.com\/?post_type=product&#038;p=3245"},"modified":"2026-04-27T17:44:31","modified_gmt":"2026-04-27T15:44:31","slug":"raindance-air-chroom","status":"publish","type":"product","link":"https:\/\/cleopatra.nl\/pl\/shop\/modulair-stoom\/opties-specificaties\/raindance-air\/","title":{"rendered":"Raindance Air180 | chroom"},"content":{"rendered":"<p>Raindance Air firmy Hansgrohe to wysokiej jako\u015bci g\u0142owica prysznicowa, kt\u00f3r\u0105 mo\u017cna \u0142atwo zamontowa\u0107 na dachu \u0142a\u017ani parowej Cleopatra.<\/p>\n<p>The\u00a0<strong>\u0141a\u017ania parowa z g\u0142owic\u0105 prysznicow\u0105<\/strong>\u00a0jest dost\u0119pny w nast\u0119puj\u0105cych 2 rozmiarach:<\/p>\n<ul>\n<li>180 mm<\/li>\n<\/ul>\n<h4>SPECYFIKACJA PRODUKTU:<\/h4>\n<div class=\"productInformation\">\n<div class=\"text\">\n<ul>\n<li>Tworzy pot\u0119\u017cny strumie\u0144 deszczu<\/li>\n<li>Pokrywa jest wykonana z metalu i w pe\u0142ni chromowana<\/li>\n<li>System antywapienny QuickClean zapewnia d\u0142ug\u0105 \u017cywotno\u015b\u0107 tego produktu<\/li>\n<\/ul>\n<h4><code>\t\t\t<div class=\"gmwcp_button\">\n\t\t\t\t\t<a href=\"https:\/\/cleopatra.nl\/pl\/shop\/modulair-stoom\/opties-specificaties\/raindance-air\/?action=catelog_single&#038;product_id=3245\" class=\"button\">\n\t\t\t\t    Download Catalog\t\t\t\t<\/a>\n\t\t\t<\/div>\n\t\t\t<\/code><\/h4>\n<p>&nbsp;<\/p>\n<\/div>\n<\/div>","protected":false},"excerpt":{"rendered":"<p>Raindance Air firmy Hansgrohe to wysokiej jako\u015bci g\u0142owica prysznicowa, kt\u00f3r\u0105 mo\u017cna \u0142atwo zamontowa\u0107 na dachu \u0142a\u017ani parowej Cleopatra.<\/p>","protected":false},"featured_media":3246,"template":"","format":"standard","meta":{"_acf_changed":false},"product_brand":[347],"product_cat":[90,350,78,71],"product_tag":[],"class_list":{"0":"post-3245","1":"product","2":"type-product","3":"status-publish","4":"format-standard","5":"has-post-thumbnail","7":"product_brand-cleopatra","8":"product_cat-opties-specificaties","9":"product_cat-dakdouches","10":"product_cat-modulair-stoom","11":"product_cat-shop","13":"first","14":"instock","15":"taxable","16":"shipping-taxable","17":"purchasable","18":"product-type-simple"},"acf":[],"_links":{"self":[{"href":"https:\/\/cleopatra.nl\/pl\/wp-json\/wp\/v2\/product\/3245","targetHints":{"allow":["GET"]}}],"collection":[{"href":"https:\/\/cleopatra.nl\/pl\/wp-json\/wp\/v2\/product"}],"about":[{"href":"https:\/\/cleopatra.nl\/pl\/wp-json\/wp\/v2\/types\/product"}],"wp:featuredmedia":[{"embeddable":true,"href":"https:\/\/cleopatra.nl\/pl\/wp-json\/wp\/v2\/media\/3246"}],"wp:attachment":[{"href":"https:\/\/cleopatra.nl\/pl\/wp-json\/wp\/v2\/media?parent=3245"}],"wp:term":[{"taxonomy":"product_brand","embeddable":true,"href":"https:\/\/cleopatra.nl\/pl\/wp-json\/wp\/v2\/product_brand?post=3245"},{"taxonomy":"product_cat","embeddable":true,"href":"https:\/\/cleopatra.nl\/pl\/wp-json\/wp\/v2\/product_cat?post=3245"},{"taxonomy":"product_tag","embeddable":true,"href":"https:\/\/cleopatra.nl\/pl\/wp-json\/wp\/v2\/product_tag?post=3245"}],"curies":[{"name":"wp","href":"https:\/\/api.w.org\/{rel}","templated":true}]}}