{"id":3247,"date":"2022-04-27T19:02:05","date_gmt":"2022-04-27T17:02:05","guid":{"rendered":"https:\/\/cleopatra.medialoods.com\/?post_type=product&#038;p=3247"},"modified":"2026-04-27T17:45:27","modified_gmt":"2026-04-27T15:45:27","slug":"raindance-select-chroom","status":"publish","type":"product","link":"https:\/\/cleopatra.nl\/pl\/shop\/modulair-stoom\/opties-specificaties\/raindance-select\/","title":{"rendered":"Raindance Select 300 | chroom"},"content":{"rendered":"<p>Raindance Select firmy Hansgrohe jest<strong>\u00a0Wysokiej jako\u015bci g\u0142owica prysznicowa<\/strong>\u00a0kt\u00f3ry mo\u017cna zamontowa\u0107 we wszystkich dachach Cleopatra.<\/p>\n<p>Przycisk Select u\u0142atwia prze\u0142\u0105czanie mi\u0119dzy dwoma rodzajami strumienia:<\/p>\n<p>Deszcz: silny strumie\u0144 deszczu<\/p>\n<p>RainAir: pe\u0142ny, delikatny strumie\u0144 deszczu<\/p>\n<p>&nbsp;<\/p>\n<h4>WYKONANIE<\/h4>\n<ul>\n<li>300 mm chrom<\/li>\n<\/ul>\n<p>Andere kleuren, special finishes op aanvraag<\/p>\n<p>&nbsp;<\/p>\n<h4><code>\t\t\t<div class=\"gmwcp_button\">\n\t\t\t\t\t<a href=\"https:\/\/cleopatra.nl\/pl\/shop\/modulair-stoom\/opties-specificaties\/raindance-select\/?action=catelog_single&#038;product_id=3247\" class=\"button\">\n\t\t\t\t    Download Catalog\t\t\t\t<\/a>\n\t\t\t<\/div>\n\t\t\t<\/code><\/h4>","protected":false},"excerpt":{"rendered":"<p>Raindance Select firmy Hansgrohe jest<strong>\u00a0Wysokiej jako\u015bci g\u0142owica prysznicowa<\/strong>\u00a0kt\u00f3ry mo\u017cna zamontowa\u0107 we wszystkich dachach Cleopatra.<\/p>","protected":false},"featured_media":3248,"template":"","format":"standard","meta":{"_acf_changed":false},"product_brand":[347],"product_cat":[90,350,78,71],"product_tag":[],"class_list":{"0":"post-3247","1":"product","2":"type-product","3":"status-publish","4":"format-standard","5":"has-post-thumbnail","7":"product_brand-cleopatra","8":"product_cat-opties-specificaties","9":"product_cat-dakdouches","10":"product_cat-modulair-stoom","11":"product_cat-shop","13":"first","14":"instock","15":"taxable","16":"shipping-taxable","17":"purchasable","18":"product-type-simple"},"acf":[],"_links":{"self":[{"href":"https:\/\/cleopatra.nl\/pl\/wp-json\/wp\/v2\/product\/3247","targetHints":{"allow":["GET"]}}],"collection":[{"href":"https:\/\/cleopatra.nl\/pl\/wp-json\/wp\/v2\/product"}],"about":[{"href":"https:\/\/cleopatra.nl\/pl\/wp-json\/wp\/v2\/types\/product"}],"wp:featuredmedia":[{"embeddable":true,"href":"https:\/\/cleopatra.nl\/pl\/wp-json\/wp\/v2\/media\/3248"}],"wp:attachment":[{"href":"https:\/\/cleopatra.nl\/pl\/wp-json\/wp\/v2\/media?parent=3247"}],"wp:term":[{"taxonomy":"product_brand","embeddable":true,"href":"https:\/\/cleopatra.nl\/pl\/wp-json\/wp\/v2\/product_brand?post=3247"},{"taxonomy":"product_cat","embeddable":true,"href":"https:\/\/cleopatra.nl\/pl\/wp-json\/wp\/v2\/product_cat?post=3247"},{"taxonomy":"product_tag","embeddable":true,"href":"https:\/\/cleopatra.nl\/pl\/wp-json\/wp\/v2\/product_tag?post=3247"}],"curies":[{"name":"wp","href":"https:\/\/api.w.org\/{rel}","templated":true}]}}