{"id":3249,"date":"2022-04-26T09:11:49","date_gmt":"2022-04-26T07:11:49","guid":{"rendered":"https:\/\/cleopatra.medialoods.com\/?post_type=product&#038;p=3249"},"modified":"2025-01-02T11:30:37","modified_gmt":"2025-01-02T10:30:37","slug":"spa-soft-seat","status":"publish","type":"product","link":"https:\/\/cleopatra.nl\/pl\/shop\/modulair-stoom\/acryl-betegelbare-banken\/softseat-voor-model-1-bank\/","title":{"rendered":"Mi\u0119kki fotel spa"},"content":{"rendered":"<h4><a name=\"_Toc69125842\"><\/a>MI\u0118KKI FOTEL SPA<\/h4>\n<p>Wygodny\u00a0<strong>mi\u0119kkie siedzisko spa <\/strong>mo\u017cna umie\u015bci\u0107 na \u0142awce o g\u0142\u0119boko\u015bci 50 cm. Idealne pod prysznic lub do \u0142a\u017ani parowej. To mi\u0119kkie siedzisko zapewnia niespotykany komfort; materia\u0142 jest mi\u0119kki i ciep\u0142y w dotyku.<\/p>\n<p>Siedzisko jest ca\u0142kowicie wodoodporne, wytrzymuje r\u00f3\u017cnice temperatur i dlatego jest przeznaczone do u\u017cytku w \u0142a\u017ani parowej, pod prysznicem oraz w \u0142azience lub spa.<\/p>\n<p>Powierzchnia siedziska jest \u0142atwa do czyszczenia za pomoc\u0105 szmatki i p\u0142ynu do mycia naczy\u0144.<\/p>\n<p>&nbsp;<\/p>\n<h4><a name=\"_Toc69125843\"><\/a>FUNKCJE MI\u0118KKIEGO FOTELA SPA<\/h4>\n<p>Wymiary\u00a0<strong>mi\u0119kkie siedzisko spa <\/strong>wynosz\u0105: 600 (szer.) x 610 (d\u0142.) x 600 (wys.) mm<\/p>\n<p>Fotel jest dost\u0119pny w a\u017c trzech r\u00f3\u017cnych kolorach: bia\u0142ym: RAL 9016, szarym: RAL 7042, antracytowym: RAL 7021<\/p>\n<p>&nbsp;<\/p>\n<p><strong>PORADY DOTYCZ\u0104CE CZYSZCZENIA<\/strong><\/p>\n<p>Kliknij tutaj: <a href=\"https:\/\/cleopatra.nl\/wp-content\/uploads\/Spa-furniture-GHL-90549020-DE-EN-NL.pdf\">Porady dotycz\u0105ce konserwacji mebli spa<\/a><\/p>\n<p>&nbsp;<\/p>\n<p><strong>KOLOR<\/strong><\/p>\n<p>Dost\u0119pne w innych kolorach RAL na zam\u00f3wienie; czy chcia\u0142by\u015b otrzyma\u0107 t\u0119 poduszk\u0119 w innym rozmiarze? Prosimy o kontakt.<\/p>\n<p>&nbsp;<\/p>\n<p><strong>W\u0141A\u015aCIWO\u015aCI MATERIA\u0141U<\/strong><\/p>\n<p>Pow\u0142oka Spa Furniture ma kilka wspania\u0142ych funkcji, takich jak:<br \/>\n- Bardzo niewiele substancji chemicznych ma wp\u0142yw na wi\u0105zania chemiczne cz\u0105steczek krzemu. Oznacza to, \u017ce prawie \u017caden materia\u0142 nie przywiera do krzemu. Nawet oznaczenia d\u0142ugopisem mo\u017cna \u0142atwo usun\u0105\u0107 z pow\u0142oki.<br \/>\n- Odporno\u015b\u0107 na zimno i ciep\u0142o. Cz\u0105steczki krzemu s\u0105 stabilne w temperaturach od -50 do +300 stopni Celsjusza.<br \/>\n- Krzem jest produktem bardzo przyjaznym dla sk\u00f3ry. Wi\u0119kszo\u015b\u0107 kosmetyk\u00f3w, takich jak kremy do sk\u00f3ry, szminki itp. zawiera krzem<br \/>\n- Krzem jest odporny na promieniowanie UV<br \/>\n- Krzem nadaje si\u0119 do recyklingu<br \/>\n- Produkty Spa Furniture s\u0105 bardzo przyjemne w dotyku, mi\u0119kkie i bardzo elastyczne.<br \/>\n- W procesie powlekania nie stosuje si\u0119 lotnych zwi\u0105zk\u00f3w organicznych.<br \/>\n- Drobne uszkodzenia mog\u0105 zosta\u0107 naprawione na miejscu.<\/p>\n<p>&nbsp;<\/p>\n<p><strong>ZR\u00d3WNOWA\u017bONY<\/strong><br \/>\nPow\u0142oka mebli spa sk\u0142ada si\u0119 z krzemu; surowcem do produkcji krzemu jest piasek. Piasek jest \u0142atwo dost\u0119pny<br \/>\nna powierzchni ziemi, wi\u0119c nie trzeba wierci\u0107 g\u0142\u0119boko w ziemi, aby go uzyska\u0107, jak<br \/>\nna przyk\u0142ad w pow\u0142okach petrochemicznych, takich jak poliuretan. Krzem wydobywczy jest mniej<br \/>\nopodatkowanie zasob\u00f3w naturalnych. Oznacza to, \u017ce do produkcji krzemu potrzeba mniej wody,<br \/>\nsurowc\u00f3w i energii w por\u00f3wnaniu z produktami PU i PVC.<\/p>\n<p>&nbsp;<\/p>\n<p><strong>PRACA NA ZAM\u00d3WIENIE<\/strong><br \/>\nOpr\u00f3cz produkt\u00f3w z katalogu, mo\u017cliwe jest wytwarzanie produkt\u00f3w niestandardowych; zar\u00f3wno pod wzgl\u0119dem kszta\u0142tu, jak i wygl\u0105du.<br \/>\njak kolor. W tym zakresie \u015bci\u015ble wsp\u00f3\u0142pracujemy z klientami, architektami i projektantami. Razem z nimi<br \/>\nstrony kszta\u0142tujemy pomys\u0142y projektowe w produkt, kt\u00f3ry mo\u017ce zosta\u0107 wyci\u0119ty przez sterowan\u0105 numerycznie maszyn\u0119 CNC.<br \/>\nmaszyna do ci\u0119cia pianki.<br \/>\nPo przyci\u0119ciu pianki zgodnie z ustalonymi specyfikacjami mo\u017cemy rozpocz\u0105\u0107 powlekanie.<br \/>\nW tym procesie pow\u0142oka jest r\u0119cznie nak\u0142adana na piank\u0119 o otwartej strukturze, aby utworzy\u0107 pow\u0142ok\u0119.<br \/>\ntworzy mechaniczn\u0105 przyczepno\u015b\u0107 do pianki. Pow\u0142oka ta uszczelnia piank\u0119 i zapewnia<br \/>\nelastyczna i mi\u0119kka sk\u00f3ra.<\/p>\n<p>&nbsp;<\/p>\n<p><strong>UNIKALNE CECHY<\/strong><br \/>\n- Zr\u00f3wnowa\u017cony<br \/>\n- Proces produkcji bez lotnych zwi\u0105zk\u00f3w organicznych<br \/>\n- Odporno\u015b\u0107 na wod\u0119 i par\u0119<br \/>\n- Odporno\u015b\u0107 na zimno i gor\u0105co<br \/>\n- \u0141atwy do czyszczenia<br \/>\n- Soft Touch<br \/>\n- Odporno\u015b\u0107 na promieniowanie UV<br \/>\n- Wysoka spr\u0119\u017cysto\u015b\u0107 i trwa\u0142a elastyczno\u015b\u0107<br \/>\n- Nadaje si\u0119 do recyklingu<br \/>\n- Niestandardowy kszta\u0142t i kolor (RAL)<\/p>\n<p>&nbsp;<\/p>","protected":false},"excerpt":{"rendered":"<p>Wygodny\u00a0<strong>mi\u0119kkie siedzisko spa <\/strong>mo\u017cna umie\u015bci\u0107 na \u0142awce o g\u0142\u0119boko\u015bci 50 cm. Idealne pod prysznic lub do \u0142a\u017ani parowej. To mi\u0119kkie siedzisko zapewnia niespotykany komfort; materia\u0142 jest mi\u0119kki i ciep\u0142y w dotyku.<\/p>","protected":false},"featured_media":3907,"template":"","format":"standard","meta":{"_acf_changed":false},"product_brand":[],"product_cat":[276,78,71,91],"product_tag":[],"class_list":{"0":"post-3249","1":"product","2":"type-product","3":"status-publish","4":"format-standard","5":"has-post-thumbnail","7":"product_cat-betegelbare-banken","8":"product_cat-modulair-stoom","9":"product_cat-shop","10":"product_cat-spa-furniture","12":"first","13":"instock","14":"taxable","15":"shipping-taxable","16":"purchasable","17":"product-type-simple"},"acf":[],"_links":{"self":[{"href":"https:\/\/cleopatra.nl\/pl\/wp-json\/wp\/v2\/product\/3249","targetHints":{"allow":["GET"]}}],"collection":[{"href":"https:\/\/cleopatra.nl\/pl\/wp-json\/wp\/v2\/product"}],"about":[{"href":"https:\/\/cleopatra.nl\/pl\/wp-json\/wp\/v2\/types\/product"}],"wp:featuredmedia":[{"embeddable":true,"href":"https:\/\/cleopatra.nl\/pl\/wp-json\/wp\/v2\/media\/3907"}],"wp:attachment":[{"href":"https:\/\/cleopatra.nl\/pl\/wp-json\/wp\/v2\/media?parent=3249"}],"wp:term":[{"taxonomy":"product_brand","embeddable":true,"href":"https:\/\/cleopatra.nl\/pl\/wp-json\/wp\/v2\/product_brand?post=3249"},{"taxonomy":"product_cat","embeddable":true,"href":"https:\/\/cleopatra.nl\/pl\/wp-json\/wp\/v2\/product_cat?post=3249"},{"taxonomy":"product_tag","embeddable":true,"href":"https:\/\/cleopatra.nl\/pl\/wp-json\/wp\/v2\/product_tag?post=3249"}],"curies":[{"name":"wp","href":"https:\/\/api.w.org\/{rel}","templated":true}]}}