{"id":3255,"date":"2022-04-27T19:02:04","date_gmt":"2022-04-27T17:02:04","guid":{"rendered":"https:\/\/cleopatra.medialoods.com\/?post_type=product&#038;p=3255"},"modified":"2026-04-26T21:18:53","modified_gmt":"2026-04-26T19:18:53","slug":"geluidsmodule-bluetooth","status":"publish","type":"product","link":"https:\/\/cleopatra.nl\/pl\/shop\/stoomtechniek-prive\/stoomtechniek-opties-stoomtechniek-prive\/geluidsmodule-bluetooth-2-speakers-voor-cleo-steam\/","title":{"rendered":"Modu\u0142 d\u017awi\u0119kowy Bluetooth"},"content":{"rendered":"<h4><strong>MODU\u0141 D\u0179WI\u0118KOWY BLUETOOTH Z 2 G\u0141O\u015aNIKAMI<\/strong><\/h4>\n<p>Ten modu\u0142 d\u017awi\u0119kowy dzia\u0142a przez Bluetooth i zapewnia przyjemny i czysty d\u017awi\u0119k w \u0142azience lub \u0142a\u017ani parowej. 2 g\u0142o\u015bniki s\u0105 przewodowe i mo\u017cna je zamontowa\u0107 na suficie lub \u015bcianie. Modu\u0142 d\u017awi\u0119kowy mo\u017ce by\u0107 u\u017cywany wy\u0142\u0105cznie w po\u0142\u0105czeniu z Steam Deluxe.<\/p>\n<p>G\u0142o\u015bniki s\u0105 wodoodporne i mog\u0105 by\u0107 pomalowane na kolor z palety RAL za dodatkow\u0105 op\u0142at\u0105.<\/p>\n<p>&nbsp;<\/p>\n<h4><strong>SPECYFIKACJA<\/strong><\/h4>\n<ul>\n<li>4 Ohm<\/li>\n<li>Moc znamionowa 60 W<\/li>\n<li>Maksymalna moc 80 W<\/li>\n<\/ul>","protected":false},"excerpt":{"rendered":"<p>Ten modu\u0142 d\u017awi\u0119kowy dzia\u0142a przez Bluetooth i zapewnia przyjemny i czysty d\u017awi\u0119k w \u0142azience lub \u0142a\u017ani parowej. 2 g\u0142o\u015bniki s\u0105 przewodowe i mo\u017cna je zamontowa\u0107 na suficie lub \u015bcianie. Modu\u0142 d\u017awi\u0119kowy mo\u017ce by\u0107 u\u017cywany wy\u0142\u0105cznie w po\u0142\u0105czeniu z Steam Deluxe.<\/p>","protected":false},"featured_media":3256,"template":"","format":"standard","meta":{"_acf_changed":false},"product_brand":[347],"product_cat":[100,71,80],"product_tag":[],"class_list":{"0":"post-3255","1":"product","2":"type-product","3":"status-publish","4":"format-standard","5":"has-post-thumbnail","7":"product_brand-cleopatra","8":"product_cat-stoomtechniek-opties-stoomtechniek-prive","9":"product_cat-shop","10":"product_cat-stoomtechniek-prive","12":"first","13":"instock","14":"taxable","15":"shipping-taxable","16":"purchasable","17":"product-type-simple"},"acf":[],"_links":{"self":[{"href":"https:\/\/cleopatra.nl\/pl\/wp-json\/wp\/v2\/product\/3255","targetHints":{"allow":["GET"]}}],"collection":[{"href":"https:\/\/cleopatra.nl\/pl\/wp-json\/wp\/v2\/product"}],"about":[{"href":"https:\/\/cleopatra.nl\/pl\/wp-json\/wp\/v2\/types\/product"}],"wp:featuredmedia":[{"embeddable":true,"href":"https:\/\/cleopatra.nl\/pl\/wp-json\/wp\/v2\/media\/3256"}],"wp:attachment":[{"href":"https:\/\/cleopatra.nl\/pl\/wp-json\/wp\/v2\/media?parent=3255"}],"wp:term":[{"taxonomy":"product_brand","embeddable":true,"href":"https:\/\/cleopatra.nl\/pl\/wp-json\/wp\/v2\/product_brand?post=3255"},{"taxonomy":"product_cat","embeddable":true,"href":"https:\/\/cleopatra.nl\/pl\/wp-json\/wp\/v2\/product_cat?post=3255"},{"taxonomy":"product_tag","embeddable":true,"href":"https:\/\/cleopatra.nl\/pl\/wp-json\/wp\/v2\/product_tag?post=3255"}],"curies":[{"name":"wp","href":"https:\/\/api.w.org\/{rel}","templated":true}]}}