{"id":3257,"date":"2022-04-27T19:02:04","date_gmt":"2022-04-27T17:02:04","guid":{"rendered":"https:\/\/cleopatra.medialoods.com\/?post_type=product&#038;p=3257"},"modified":"2026-04-27T13:10:08","modified_gmt":"2026-04-27T11:10:08","slug":"halosteam-zoutoplossing","status":"publish","type":"product","link":"https:\/\/cleopatra.nl\/pl\/shop\/stoomtechniek-prive\/stoomtechniek-opties-stoomtechniek-prive\/halosteam-stomen-in-zoutoplossing\/","title":{"rendered":"S\u00f3l fizjologiczna Halosteam"},"content":{"rendered":"<h4><strong>HALOSTEAM<\/strong><\/h4>\n<p>Gotowanie na parze w roztworze soli fizjologicznej; wspania\u0142e do\u015bwiadczenie. S\u00f3l sprawia, \u017ce sk\u00f3ra staje si\u0119 mi\u0119kka i g\u0142adka oraz u\u0142atwia oddychanie. Wdychanie roztworu soli dzia\u0142a dobrze mi\u0119dzy innymi na przezi\u0119bienia. Technika ta dzia\u0142a z pomp\u0105 dozuj\u0105c\u0105, kt\u00f3ra podaje roztw\u00f3r soli do rury parowej przed wej\u015bciem do kabiny. W momencie, gdy para przechodzi przez roztw\u00f3r soli, ca\u0142kowicie zamienia si\u0119 w par\u0119. W ten spos\u00f3b zapach i s\u00f3l s\u0105 przenoszone w chmurze pary i mog\u0105 by\u0107 \u0142atwo wdychane.<\/p>\n<p>&nbsp;<\/p>\n<h4><strong>UWAGI<\/strong><\/h4>\n<ul>\n<li>Halosteam mo\u017cna \u0142atwo uzupe\u0142nia\u0107 za pomoc\u0105 5-litrowych pojemnik\u00f3w.<\/li>\n<li>W po\u0142\u0105czeniu z py\u0142em wielofunkcyjnym mo\u017cna u\u017cywa\u0107 do 3 pomp dozuj\u0105cych.<\/li>\n<\/ul>","protected":false},"excerpt":{"rendered":"<p>Gotowanie na parze w roztworze soli fizjologicznej; wspania\u0142e do\u015bwiadczenie. S\u00f3l sprawia, \u017ce sk\u00f3ra staje si\u0119 mi\u0119kka i g\u0142adka oraz u\u0142atwia oddychanie. Wdychanie roztworu soli dzia\u0142a dobrze mi\u0119dzy innymi na przezi\u0119bienia. Technika ta dzia\u0142a z pomp\u0105 dozuj\u0105c\u0105, kt\u00f3ra podaje roztw\u00f3r soli do rury parowej przed wej\u015bciem do kabiny. W momencie, gdy para przechodzi przez roztw\u00f3r soli, ca\u0142kowicie zamienia si\u0119 w par\u0119. W ten spos\u00f3b zapach i s\u00f3l s\u0105 przenoszone w chmurze pary i mog\u0105 by\u0107 \u0142atwo wdychane.<\/p>","protected":false},"featured_media":3258,"template":"","format":"standard","meta":{"_acf_changed":false},"product_brand":[347],"product_cat":[100,71,80],"product_tag":[],"class_list":{"0":"post-3257","1":"product","2":"type-product","3":"status-publish","4":"format-standard","5":"has-post-thumbnail","7":"product_brand-cleopatra","8":"product_cat-stoomtechniek-opties-stoomtechniek-prive","9":"product_cat-shop","10":"product_cat-stoomtechniek-prive","12":"first","13":"instock","14":"taxable","15":"shipping-taxable","16":"purchasable","17":"product-type-simple"},"acf":[],"_links":{"self":[{"href":"https:\/\/cleopatra.nl\/pl\/wp-json\/wp\/v2\/product\/3257","targetHints":{"allow":["GET"]}}],"collection":[{"href":"https:\/\/cleopatra.nl\/pl\/wp-json\/wp\/v2\/product"}],"about":[{"href":"https:\/\/cleopatra.nl\/pl\/wp-json\/wp\/v2\/types\/product"}],"wp:featuredmedia":[{"embeddable":true,"href":"https:\/\/cleopatra.nl\/pl\/wp-json\/wp\/v2\/media\/3258"}],"wp:attachment":[{"href":"https:\/\/cleopatra.nl\/pl\/wp-json\/wp\/v2\/media?parent=3257"}],"wp:term":[{"taxonomy":"product_brand","embeddable":true,"href":"https:\/\/cleopatra.nl\/pl\/wp-json\/wp\/v2\/product_brand?post=3257"},{"taxonomy":"product_cat","embeddable":true,"href":"https:\/\/cleopatra.nl\/pl\/wp-json\/wp\/v2\/product_cat?post=3257"},{"taxonomy":"product_tag","embeddable":true,"href":"https:\/\/cleopatra.nl\/pl\/wp-json\/wp\/v2\/product_tag?post=3257"}],"curies":[{"name":"wp","href":"https:\/\/api.w.org\/{rel}","templated":true}]}}