{"id":3261,"date":"2022-04-27T19:02:04","date_gmt":"2022-04-27T17:02:04","guid":{"rendered":"https:\/\/cleopatra.medialoods.com\/?post_type=product&#038;p=3261"},"modified":"2026-04-27T13:08:31","modified_gmt":"2026-04-27T11:08:31","slug":"kleurlicht-led-strip","status":"publish","type":"product","link":"https:\/\/cleopatra.nl\/pl\/shop\/stoomtechniek-prive\/stoomtechniek-opties-stoomtechniek-prive\/kleurlicht-led-strip-rgb-5-meter\/","title":{"rendered":"Kolorowe \u015bwiat\u0142o | Ta\u015bma LED"},"content":{"rendered":"<h4><strong>KOLOROWA TA\u015aMA LED RGB (MAKS. 5 METR\u00d3W)<\/strong><\/h4>\n<p>Chcesz stworzy\u0107 pi\u0119kne, r\u00f3wnomierne o\u015bwietlenie w swojej \u0142a\u017ani parowej, na przyk\u0142ad pod \u0142awk\u0105? W takim razie ta\u015bma LED Cleopatra jest idealn\u0105 opcj\u0105; dostarczana w aluminiowym profilu z uszczelk\u0105, jest \u0142atwa w obr\u00f3bce.<\/p>\n<p>&nbsp;<\/p>\n<p><strong>SPECYFIKACJA<\/strong><\/p>\n<ul>\n<li>W tym profil aluminiowy z opalizuj\u0105c\u0105 uszczelk\u0105<\/li>\n<li>Do u\u017cytku z urz\u0105dzeniami Steam One, Smart, Deluxe<\/li>\n<li>Zawiera oddzieln\u0105 skrzynk\u0119 przy\u0142\u0105czeniow\u0105 230V<\/li>\n<\/ul>","protected":false},"excerpt":{"rendered":"<p>Chcesz stworzy\u0107 pi\u0119kne, r\u00f3wnomierne o\u015bwietlenie w swojej \u0142a\u017ani parowej, na przyk\u0142ad pod \u0142awk\u0105? W takim razie ta\u015bma LED Cleopatra jest idealn\u0105 opcj\u0105; dostarczana w aluminiowym profilu z uszczelk\u0105, jest \u0142atwa w obr\u00f3bce.<\/p>","protected":false},"featured_media":3262,"template":"","format":"standard","meta":{"_acf_changed":false},"product_brand":[347],"product_cat":[100,71,80],"product_tag":[],"class_list":{"0":"post-3261","1":"product","2":"type-product","3":"status-publish","4":"format-standard","5":"has-post-thumbnail","7":"product_brand-cleopatra","8":"product_cat-stoomtechniek-opties-stoomtechniek-prive","9":"product_cat-shop","10":"product_cat-stoomtechniek-prive","12":"first","13":"instock","14":"taxable","15":"shipping-taxable","16":"purchasable","17":"product-type-simple"},"acf":[],"_links":{"self":[{"href":"https:\/\/cleopatra.nl\/pl\/wp-json\/wp\/v2\/product\/3261","targetHints":{"allow":["GET"]}}],"collection":[{"href":"https:\/\/cleopatra.nl\/pl\/wp-json\/wp\/v2\/product"}],"about":[{"href":"https:\/\/cleopatra.nl\/pl\/wp-json\/wp\/v2\/types\/product"}],"wp:featuredmedia":[{"embeddable":true,"href":"https:\/\/cleopatra.nl\/pl\/wp-json\/wp\/v2\/media\/3262"}],"wp:attachment":[{"href":"https:\/\/cleopatra.nl\/pl\/wp-json\/wp\/v2\/media?parent=3261"}],"wp:term":[{"taxonomy":"product_brand","embeddable":true,"href":"https:\/\/cleopatra.nl\/pl\/wp-json\/wp\/v2\/product_brand?post=3261"},{"taxonomy":"product_cat","embeddable":true,"href":"https:\/\/cleopatra.nl\/pl\/wp-json\/wp\/v2\/product_cat?post=3261"},{"taxonomy":"product_tag","embeddable":true,"href":"https:\/\/cleopatra.nl\/pl\/wp-json\/wp\/v2\/product_tag?post=3261"}],"curies":[{"name":"wp","href":"https:\/\/api.w.org\/{rel}","templated":true}]}}