{"id":3263,"date":"2022-04-27T19:02:03","date_gmt":"2022-04-27T17:02:03","guid":{"rendered":"https:\/\/cleopatra.medialoods.com\/?post_type=product&#038;p=3263"},"modified":"2026-04-27T13:09:54","modified_gmt":"2026-04-27T11:09:54","slug":"multigeurstof-3-geuren","status":"publish","type":"product","link":"https:\/\/cleopatra.nl\/pl\/shop\/stoomtechniek-prive\/stoomtechniek-opties-stoomtechniek-prive\/multigeurstof-3-geuren\/","title":{"rendered":"Py\u0142 o wielu zapachach | 3 zapachy"},"content":{"rendered":"<h4><strong>MULTIGUARD<\/strong><\/h4>\n<p>Modu\u0142 wielozapachowy umo\u017cliwia \u0142atwe prze\u0142\u0105czanie mi\u0119dzy r\u00f3\u017cnymi zapachami; za pomoc\u0105 wy\u015bwietlacza Deluxe wystarczy wybra\u0107 \u017c\u0105dany zapach.<\/p>\n<p>&nbsp;<\/p>\n<p><strong>SPECYFIKACJA<\/strong><\/p>\n<ul>\n<li>Dzia\u0142a tylko w po\u0142\u0105czeniu ze Steam Deluxe<\/li>\n<li>Do 3 dawek zapachowych<\/li>\n<li>Mo\u017cliwe w po\u0142\u0105czeniu z Halosteam.<\/li>\n<\/ul>","protected":false},"excerpt":{"rendered":"<p>Modu\u0142 wielozapachowy umo\u017cliwia \u0142atwe prze\u0142\u0105czanie mi\u0119dzy r\u00f3\u017cnymi zapachami; za pomoc\u0105 wy\u015bwietlacza Deluxe wystarczy wybra\u0107 \u017c\u0105dany zapach.<\/p>","protected":false},"featured_media":3264,"template":"","format":"standard","meta":{"_acf_changed":false},"product_brand":[347],"product_cat":[100,71,80],"product_tag":[],"class_list":{"0":"post-3263","1":"product","2":"type-product","3":"status-publish","4":"format-standard","5":"has-post-thumbnail","7":"product_brand-cleopatra","8":"product_cat-stoomtechniek-opties-stoomtechniek-prive","9":"product_cat-shop","10":"product_cat-stoomtechniek-prive","12":"first","13":"instock","14":"taxable","15":"shipping-taxable","16":"purchasable","17":"product-type-simple"},"acf":[],"_links":{"self":[{"href":"https:\/\/cleopatra.nl\/pl\/wp-json\/wp\/v2\/product\/3263","targetHints":{"allow":["GET"]}}],"collection":[{"href":"https:\/\/cleopatra.nl\/pl\/wp-json\/wp\/v2\/product"}],"about":[{"href":"https:\/\/cleopatra.nl\/pl\/wp-json\/wp\/v2\/types\/product"}],"wp:featuredmedia":[{"embeddable":true,"href":"https:\/\/cleopatra.nl\/pl\/wp-json\/wp\/v2\/media\/3264"}],"wp:attachment":[{"href":"https:\/\/cleopatra.nl\/pl\/wp-json\/wp\/v2\/media?parent=3263"}],"wp:term":[{"taxonomy":"product_brand","embeddable":true,"href":"https:\/\/cleopatra.nl\/pl\/wp-json\/wp\/v2\/product_brand?post=3263"},{"taxonomy":"product_cat","embeddable":true,"href":"https:\/\/cleopatra.nl\/pl\/wp-json\/wp\/v2\/product_cat?post=3263"},{"taxonomy":"product_tag","embeddable":true,"href":"https:\/\/cleopatra.nl\/pl\/wp-json\/wp\/v2\/product_tag?post=3263"}],"curies":[{"name":"wp","href":"https:\/\/api.w.org\/{rel}","templated":true}]}}