{"id":3267,"date":"2022-04-27T19:02:03","date_gmt":"2022-04-27T17:02:03","guid":{"rendered":"https:\/\/cleopatra.medialoods.com\/?post_type=product&#038;p=3267"},"modified":"2026-04-26T21:19:00","modified_gmt":"2026-04-26T19:19:00","slug":"wit-licht-led-spots-2","status":"publish","type":"product","link":"https:\/\/cleopatra.nl\/pl\/shop\/stoomtechniek-prive\/stoomtechniek-opties-stoomtechniek-prive\/wit-licht-led-sport-2-stuks\/","title":{"rendered":"\u015awiat\u0142o bia\u0142e | Reflektory LED"},"content":{"rendered":"<h4><strong>BIA\u0141E \u015aWIAT\u0141O REFLEKTORY LED 2 SZT.<\/strong><\/h4>\n<p>Te bia\u0142e punkty \u015bwietlne emituj\u0105 przyjemne, jasne i ciep\u0142e \u015bwiat\u0142o. Sprzedawane s\u0105 na 2 sztuki i mo\u017cna je \u0142atwo rozszerzy\u0107 za pomoc\u0105 dodatkowych skrzynek przed\u0142u\u017caj\u0105cych. Reflektory te mog\u0105 by\u0107 sterowane przez generatory pary Cleopatra za pomoc\u0105 element\u00f3w steruj\u0105cych. Reflektory LED mo\u017cna dodatkowo przyciemni\u0107 do \u017c\u0105danej intensywno\u015bci.<\/p>\n<p>&nbsp;<\/p>\n<h4><strong>SPECYFIKACJA<\/strong><\/h4>\n<ul>\n<li>4 W - 12 V<\/li>\n<li>Mo\u017cliwo\u015b\u0107 rozbudowy przez RS485.<\/li>\n<li>Nale\u017cy pami\u0119ta\u0107, \u017ce te reflektory, je\u015bli s\u0105 zamawiane osobno, zawsze wymagaj\u0105 osobnego transformatora. Nie jest on do\u0142\u0105czony do zestawu.<\/li>\n<\/ul>","protected":false},"excerpt":{"rendered":"<p>Te bia\u0142e punkty \u015bwietlne emituj\u0105 przyjemne, jasne i ciep\u0142e \u015bwiat\u0142o. S\u0105 one sprzedawane po 2 sztuki i mo\u017cna je \u0142atwo rozszerzy\u0107 za pomoc\u0105 dodatkowych skrzynek przed\u0142u\u017caj\u0105cych. Reflektory te mog\u0105 by\u0107 sterowane przez generatory pary Cleopatra.<\/p>","protected":false},"featured_media":3268,"template":"","format":"standard","meta":{"_acf_changed":false},"product_brand":[347],"product_cat":[100,71,80],"product_tag":[],"class_list":{"0":"post-3267","1":"product","2":"type-product","3":"status-publish","4":"format-standard","5":"has-post-thumbnail","7":"product_brand-cleopatra","8":"product_cat-stoomtechniek-opties-stoomtechniek-prive","9":"product_cat-shop","10":"product_cat-stoomtechniek-prive","12":"first","13":"instock","14":"taxable","15":"shipping-taxable","16":"purchasable","17":"product-type-simple"},"acf":[],"_links":{"self":[{"href":"https:\/\/cleopatra.nl\/pl\/wp-json\/wp\/v2\/product\/3267","targetHints":{"allow":["GET"]}}],"collection":[{"href":"https:\/\/cleopatra.nl\/pl\/wp-json\/wp\/v2\/product"}],"about":[{"href":"https:\/\/cleopatra.nl\/pl\/wp-json\/wp\/v2\/types\/product"}],"wp:featuredmedia":[{"embeddable":true,"href":"https:\/\/cleopatra.nl\/pl\/wp-json\/wp\/v2\/media\/3268"}],"wp:attachment":[{"href":"https:\/\/cleopatra.nl\/pl\/wp-json\/wp\/v2\/media?parent=3267"}],"wp:term":[{"taxonomy":"product_brand","embeddable":true,"href":"https:\/\/cleopatra.nl\/pl\/wp-json\/wp\/v2\/product_brand?post=3267"},{"taxonomy":"product_cat","embeddable":true,"href":"https:\/\/cleopatra.nl\/pl\/wp-json\/wp\/v2\/product_cat?post=3267"},{"taxonomy":"product_tag","embeddable":true,"href":"https:\/\/cleopatra.nl\/pl\/wp-json\/wp\/v2\/product_tag?post=3267"}],"curies":[{"name":"wp","href":"https:\/\/api.w.org\/{rel}","templated":true}]}}