{"id":3281,"date":"2022-04-27T19:01:56","date_gmt":"2022-04-27T17:01:56","guid":{"rendered":"https:\/\/cleopatra.medialoods.com\/?post_type=product&#038;p=3281"},"modified":"2025-01-02T11:30:31","modified_gmt":"2025-01-02T10:30:31","slug":"backwall-steam-smart-2","status":"publish","type":"product","link":"https:\/\/cleopatra.nl\/pl\/shop\/backwall-steam-smart\/","title":{"rendered":"Backwall Steam Smart"},"content":{"rendered":"<h4><strong>TECHNOLOGIA PARY WEWN\u0118TRZNEJ<\/strong><\/h4>\n<p>Cleopatra BackWall Steam Smart to przyjazny w monta\u017cu system, kt\u00f3ry umo\u017cliwia \u0142atw\u0105 instalacj\u0119 w \u0142azience. <strong>generator pary lub odnowy biologicznej w \u0142a\u017ani parowej<\/strong>\u00a0mo\u017cna zamontowa\u0107.<\/p>\n<p>BackWall sk\u0142ada si\u0119 z regulowanej aluminiowej ramy, w kt\u00f3rej wst\u0119pnie zamontowane s\u0105 wszystkie komponenty parowe. Po pod\u0142\u0105czeniu do wody i elektryczno\u015bci \u015bciana BackWall jest gotowa do wy\u0142o\u017cenia p\u0142ytkami. BackWall mo\u017cna umie\u015bci\u0107 przy \u015bcianie lub r\u00f3wno z ni\u0105. W ten spos\u00f3b generator pary jest w pe\u0142ni zintegrowany z \u0142a\u017ani\u0105 parow\u0105. BackWall jest wyposa\u017cony w atrakcyjny panel serwisowy zapewniaj\u0105cy optymalne uszczelnienie; jest on r\u00f3wnie\u017c wyko\u0144czony szklan\u0105 pokryw\u0105. Ten szklany panel jest dost\u0119pny w kolorze bia\u0142ym, szarym lub antracytowym.<\/p>\n<p>Rysunki i wi\u0119cej informacji na temat Cleopatra BackWall Steam mo\u017cna znale\u017a\u0107 w broszurze BackWall na dole tego opisu produktu.<\/p>\n<p>Czy chcia\u0142by\u015b mie\u0107 r\u00f3wnie\u017c prysznic w swojej kabinie? W takim razie BackWall Steam &amp; Shower jest idealny dla Ciebie. Kliknij\u00a0<a href=\"https:\/\/cleopatra.nl\/pl\/stoomtechniek\/backwall-steam\/\">tutaj<\/a>\u00a0wi\u0119cej informacji.<\/p>\n<h4><strong><br \/>\nGENERATOR PARY<\/strong><\/h4>\n<p>W przypadku BackWall u\u017cytkownik ma do wyboru trzy wysokiej jako\u015bci rozwi\u0105zania\u00a0<strong>generatory pary\u00a0<\/strong>poni\u017cej. Nale\u017cy pami\u0119ta\u0107, \u017ce na \u015bcianie BackWall mo\u017cna umieszcza\u0107 tylko generatory o mocy do 9,0 kW.<\/p>\n<p>The\u00a0<a href=\"https:\/\/cleopatra.nl\/pl\/cleopatra-stoom-generator-cleo-steam-smart.html\/\">Cleo Steam Smart <\/a>to nowoczesny i niezawodny generator pary odpowiedni do u\u017cytku domowego lub p\u00f3\u0142profesjonalnego. Co oferuje Cleo Steam Smart?<\/p>\n<ul>\n<li><em>Ci\u0105g\u0142y proces parowy<\/em>\u00a0dla optymalnej k\u0105pieli parowej. Cech\u0105 charakterystyczn\u0105 Cleo Steam Smart jest oprogramowanie SteamLogic: poprzez bardzo precyzyjny pomiar klimatu w kabinie, oprogramowanie SteamLogic wyszukuje idealn\u0105 krzyw\u0105 pary dla Twojej kabiny. Rezultatem jest: (1) szybkie osi\u0105gni\u0119cie po\u017c\u0105danego klimatu, (2) bardzo stabilny klimat (w przeciwie\u0144stwie do wi\u0119kszo\u015bci generator\u00f3w pary na rynku, nie ma moment\u00f3w bez produkcji pary w kabinie) oraz (3) r\u00f3wnomierny proces parowania.<\/li>\n<li><em>Estetyka.\u00a0<\/em>\u0141a\u017ania parowa Cleo Steam Smart jest sterowana za pomoc\u0105 eleganckiego sterownika Cleo Touch, p\u0142askiego sterownika wykonanego ze szk\u0142a z bia\u0142ymi pod\u015bwietlanymi symbolami. Sterownik mo\u017cna umie\u015bci\u0107 wewn\u0105trz lub na zewn\u0105trz \u0142a\u017ani parowej. Steruje on nast\u0119puj\u0105cymi funkcjami: (1) w\u0142\u0105czanie\/wy\u0142\u0105czanie pary, (2) w\u0142\u0105czanie\/wy\u0142\u0105czanie bia\u0142ego lub kolorowego \u015bwiat\u0142a, (3) w\u0142\u0105czanie\/wy\u0142\u0105czanie zapachu z trzystopniow\u0105 regulacj\u0105 oraz (4) trzystopniowa regulacja temperatury.<\/li>\n<li><em>Opcjonalna terapia \u015bwiat\u0142em<\/em>. Cleo Steam Smart umo\u017cliwia sterowanie opcjonalnymi kolorowymi \u015bwiat\u0142ami. Kolory mo\u017cna zmienia\u0107, wstrzymywa\u0107 lub wybra\u0107 konkretny kolor. Dzi\u0119ki temu mo\u017cesz cieszy\u0107 si\u0119 wieloma sprawdzonymi efektami fizycznymi i psychologicznymi r\u00f3\u017cnych kolor\u00f3w \u015bwiat\u0142a w domu.<\/li>\n<li><em>Dodatkowe zabezpieczenia<\/em>\u00a0poprzez czujnik bezpiecze\u0144stwa (zgodnie z najnowszymi standardami); je\u015bli czujnik temperatury w kabinie zawiedzie, czujnik bezpiecze\u0144stwa wy\u0142\u0105czy technologi\u0119 parow\u0105.<\/li>\n<\/ul>\n<h4><strong><br \/>\nUWAGI<\/strong><\/h4>\n<ul>\n<li>Wymagana moc jest obliczana w nast\u0119puj\u0105cy spos\u00f3b: D\u0142ugo\u015b\u0107 kabiny X szeroko\u015b\u0107 x wysoko\u015b\u0107 x 1,25 = wymagana kW(moc).<\/li>\n<li>Zak\u0142adamy tutaj, \u017ce kabina jest izolowana zgodnie z przepisami i ma wewn\u0119trzn\u0105 wysoko\u015b\u0107 maksymalnie 220 cm.<\/li>\n<li>Od 4,5 kW wzwy\u017c wymagany jest pr\u0105d zasilaj\u0105cy (400 V).<\/li>\n<\/ul>\n<h4><strong><br \/>\nR\u0118CZNY<\/strong><\/h4>\n<p>Kliknij tutaj: <a href=\"https:\/\/cleopatra.nl\/wp-content\/uploads\/Backwall-installatie-handleiding-2022-r03-90548850-web.pdf\">Backwall Steam\u00a0<\/a><\/p>","protected":false},"excerpt":{"rendered":"<p>Cleopatra BackWall Steam Smart to przyjazny w monta\u017cu system, kt\u00f3ry umo\u017cliwia \u0142atw\u0105 instalacj\u0119 w \u0142azience. <strong>generator pary lub odnowy biologicznej w \u0142a\u017ani parowej<\/strong>\u00a0mo\u017cna zamontowa\u0107.<\/p>","protected":false},"featured_media":5466,"template":"","format":"standard","meta":{"_acf_changed":false},"product_brand":[],"product_cat":[71,99,80],"product_tag":[],"class_list":{"0":"post-3281","1":"product","2":"type-product","3":"status-publish","4":"format-standard","5":"has-post-thumbnail","7":"product_cat-shop","8":"product_cat-stoomtechniek-stoomtechniek-prive","9":"product_cat-stoomtechniek-prive","11":"first","12":"instock","13":"taxable","14":"shipping-taxable","15":"purchasable","16":"product-type-simple"},"acf":[],"_links":{"self":[{"href":"https:\/\/cleopatra.nl\/pl\/wp-json\/wp\/v2\/product\/3281","targetHints":{"allow":["GET"]}}],"collection":[{"href":"https:\/\/cleopatra.nl\/pl\/wp-json\/wp\/v2\/product"}],"about":[{"href":"https:\/\/cleopatra.nl\/pl\/wp-json\/wp\/v2\/types\/product"}],"wp:featuredmedia":[{"embeddable":true,"href":"https:\/\/cleopatra.nl\/pl\/wp-json\/wp\/v2\/media\/5466"}],"wp:attachment":[{"href":"https:\/\/cleopatra.nl\/pl\/wp-json\/wp\/v2\/media?parent=3281"}],"wp:term":[{"taxonomy":"product_brand","embeddable":true,"href":"https:\/\/cleopatra.nl\/pl\/wp-json\/wp\/v2\/product_brand?post=3281"},{"taxonomy":"product_cat","embeddable":true,"href":"https:\/\/cleopatra.nl\/pl\/wp-json\/wp\/v2\/product_cat?post=3281"},{"taxonomy":"product_tag","embeddable":true,"href":"https:\/\/cleopatra.nl\/pl\/wp-json\/wp\/v2\/product_tag?post=3281"}],"curies":[{"name":"wp","href":"https:\/\/api.w.org\/{rel}","templated":true}]}}