{"id":3295,"date":"2022-04-27T19:01:54","date_gmt":"2022-04-27T17:01:54","guid":{"rendered":"https:\/\/cleopatra.medialoods.com\/?post_type=product&#038;p=3295"},"modified":"2026-04-26T21:18:54","modified_gmt":"2026-04-26T19:18:54","slug":"hansgrohe-rainmaker-chroom","status":"publish","type":"product","link":"https:\/\/cleopatra.nl\/pl\/shop\/modulair-stoom\/opties-specificaties\/rainmaker\/","title":{"rendered":"Hansgrohe Rainmaker | chrom"},"content":{"rendered":"<ul>\n<li>Dost\u0119pne z o\u015bwietleniem lub bez.<\/li>\n<li>Chrom<\/li>\n<li>Do wbudowania w niestandardowy dach Cleopatra<\/li>\n<\/ul>\n<p>*Nale\u017cy pami\u0119ta\u0107, \u017ce jest to produkt wycofany z produkcji.<\/p>","protected":false},"excerpt":{"rendered":"<p>Dost\u0119pny w wersji z o\u015bwietleniem lub bez. Chrom Do wbudowania w niestandardowy dach Cleopatra *Uwaga: jest to produkt wycofany z produkcji.<\/p>","protected":false},"featured_media":3296,"template":"","format":"standard","meta":{"_acf_changed":false},"product_brand":[347],"product_cat":[78,90,71],"product_tag":[],"class_list":{"0":"post-3295","1":"product","2":"type-product","3":"status-publish","4":"format-standard","5":"has-post-thumbnail","7":"product_brand-cleopatra","8":"product_cat-modulair-stoom","9":"product_cat-opties-specificaties","10":"product_cat-shop","12":"first","13":"instock","14":"taxable","15":"shipping-taxable","16":"purchasable","17":"product-type-simple"},"acf":[],"_links":{"self":[{"href":"https:\/\/cleopatra.nl\/pl\/wp-json\/wp\/v2\/product\/3295","targetHints":{"allow":["GET"]}}],"collection":[{"href":"https:\/\/cleopatra.nl\/pl\/wp-json\/wp\/v2\/product"}],"about":[{"href":"https:\/\/cleopatra.nl\/pl\/wp-json\/wp\/v2\/types\/product"}],"wp:featuredmedia":[{"embeddable":true,"href":"https:\/\/cleopatra.nl\/pl\/wp-json\/wp\/v2\/media\/3296"}],"wp:attachment":[{"href":"https:\/\/cleopatra.nl\/pl\/wp-json\/wp\/v2\/media?parent=3295"}],"wp:term":[{"taxonomy":"product_brand","embeddable":true,"href":"https:\/\/cleopatra.nl\/pl\/wp-json\/wp\/v2\/product_brand?post=3295"},{"taxonomy":"product_cat","embeddable":true,"href":"https:\/\/cleopatra.nl\/pl\/wp-json\/wp\/v2\/product_cat?post=3295"},{"taxonomy":"product_tag","embeddable":true,"href":"https:\/\/cleopatra.nl\/pl\/wp-json\/wp\/v2\/product_tag?post=3295"}],"curies":[{"name":"wp","href":"https:\/\/api.w.org\/{rel}","templated":true}]}}