{"id":3297,"date":"2022-04-27T19:01:54","date_gmt":"2022-04-27T17:01:54","guid":{"rendered":"https:\/\/cleopatra.medialoods.com\/?post_type=product&#038;p=3297"},"modified":"2026-04-27T10:09:33","modified_gmt":"2026-04-27T08:09:33","slug":"reunion-290-180x80cm","status":"publish","type":"product","link":"https:\/\/cleopatra.nl\/pl\/shop\/ligbaden-whirlpools\/vrijstaande-baden\/reunion-290\/","title":{"rendered":"Reunion 290 | 180x80cm"},"content":{"rendered":"<h4>WANNA WOLNOSTOJ\u0104CA PRZY\u015aCIENNA<\/h4>\n<p>The\u00a0<b>wanna wolnostoj\u0105ca<\/b>\u00a0Reunion to wysokiej jako\u015bci wanna wolnostoj\u0105ca, kt\u00f3r\u0105 mo\u017cna ustawi\u0107 przy \u015bcianie. Dzi\u0119ki du\u017cym wymiarom wanna jest wygodna zar\u00f3wno dla ni\u017cszych, jak i wy\u017cszych os\u00f3b. Wanna ma elegancki wygl\u0105d, cz\u0119\u015bciowo dzi\u0119ki g\u0142adkim, zaokr\u0105glonym liniom.<\/p>\n<p>Wymiary zewn\u0119trzne wanny wynosz\u0105: 1800 x 800 x 425 mm, a d\u0142ugo\u015b\u0107 dna wynosi 1290 mm.<\/p>\n<div>Na dole tego opisu produktu znajduj\u0105 si\u0119 rysunki ka\u017cdej wersji wanny.<\/div>\n<p>Wanna jest dostarczana wraz z zestawem wanien i kombinacj\u0105 przelew\/puste.<\/p>\n<p>Chcesz zobaczy\u0107 t\u0119 k\u0105piel? Zapraszamy do odwiedzenia Cleopatra\u00a0<a href=\"https:\/\/cleopatra.nl\/pl\/contact\/\" target=\"_blank\" rel=\"noopener\">showroom<\/a> w Zaandam!<\/p>\n<p>&nbsp;<\/p>\n<h4>BADRAND TAPE<\/h4>\n<p>Istnieje mo\u017cliwo\u015b\u0107 zamontowania pi\u0119knej kombinacji kraw\u0119dzi wanny na kraw\u0119dzi wanny Madeira.<\/p>\n<p><strong>Uwaga! Nie jest mo\u017cliwe zamontowanie EasyFill S lub E na urz\u0105dzeniu Madeira.<\/strong><\/p>\n<p>&nbsp;<\/p>\n<h4>WOLNOSTOJ\u0104CA WANNA Z HYDROMASA\u017bEM<\/h4>\n<p>Wanna Reunion jest r\u00f3wnie\u017c dost\u0119pna jako\u00a0<strong>wolnostoj\u0105ca wanna z hydromasa\u017cem<\/strong>! Do wyboru s\u0105 4 systemy hydromasa\u017cu:<\/p>\n<ul>\n<li>Wellness Spa Mini: 24 mini dysze emituj\u0105 du\u017c\u0105 ilo\u015b\u0107 mini b\u0105belk\u00f3w z dna wanny, kt\u00f3re pobudzaj\u0105 cia\u0142o jeszcze delikatniej ni\u017c b\u0105belki spa. Efekt mrowienia na sk\u00f3rze i mi\u0119\u015bniach.<\/li>\n<\/ul>\n<ul>\n<li>Wi\u0119cej informacji na temat r\u00f3\u017cnych system\u00f3w hydromasa\u017cu z t\u0105 wann\u0105 mo\u017cna znale\u017a\u0107 na stronie <strong><em><a title=\"wolnostoj\u0105ca wanna z hydromasa\u017cem\" href=\"https:\/\/cleopatra.nl\/pl\/bubbelbaden\/\" target=\"_blank\" rel=\"noopener noreferrer\">tutaj<\/a><\/em><\/strong>.<\/li>\n<\/ul>\n<p>&nbsp;<\/p>\n<h4>\u015aWIAT\u0141O W WANNIE<\/h4>\n<p>Wanna Reunion jest dost\u0119pna z o\u015bwietleniem: prosty spos\u00f3b na stworzenie lepszej atmosfery w \u0142azience. Do wyboru s\u0105 <a title=\"Kolorowe o\u015bwietlenie wanny\" href=\"https:\/\/cleopatra.nl\/pl\/catalog\/product\/view\/id\/43\/s\/ligbad-kleurverlichting\/\" target=\"_blank\" rel=\"noopener noreferrer\">kolorowe pod\u015bwietlenie<\/a>\u00a0z czterema r\u00f3\u017cnymi kolorami.<\/p>","protected":false},"excerpt":{"rendered":"<p>The\u00a0<b>wanna wolnostoj\u0105ca<\/b>\u00a0Reunion to wysokiej jako\u015bci wanna wolnostoj\u0105ca, kt\u00f3r\u0105 mo\u017cna ustawi\u0107 przy \u015bcianie. Dzi\u0119ki du\u017cym wymiarom wanna jest wygodna zar\u00f3wno dla ni\u017cszych, jak i wy\u017cszych os\u00f3b. Wanna ma elegancki wygl\u0105d, cz\u0119\u015bciowo dzi\u0119ki g\u0142adkim, zaokr\u0105glonym liniom.<\/p>","protected":false},"featured_media":3298,"template":"","format":"standard","meta":{"_acf_changed":false},"product_brand":[347],"product_cat":[87,76,71],"product_tag":[],"class_list":{"0":"post-3297","1":"product","2":"type-product","3":"status-publish","4":"format-standard","5":"has-post-thumbnail","7":"product_brand-cleopatra","8":"product_cat-vrijstaande-baden","9":"product_cat-ligbaden-whirlpools","10":"product_cat-shop","12":"first","13":"instock","14":"taxable","15":"shipping-taxable","16":"purchasable","17":"product-type-simple"},"acf":[],"_links":{"self":[{"href":"https:\/\/cleopatra.nl\/pl\/wp-json\/wp\/v2\/product\/3297","targetHints":{"allow":["GET"]}}],"collection":[{"href":"https:\/\/cleopatra.nl\/pl\/wp-json\/wp\/v2\/product"}],"about":[{"href":"https:\/\/cleopatra.nl\/pl\/wp-json\/wp\/v2\/types\/product"}],"wp:featuredmedia":[{"embeddable":true,"href":"https:\/\/cleopatra.nl\/pl\/wp-json\/wp\/v2\/media\/3298"}],"wp:attachment":[{"href":"https:\/\/cleopatra.nl\/pl\/wp-json\/wp\/v2\/media?parent=3297"}],"wp:term":[{"taxonomy":"product_brand","embeddable":true,"href":"https:\/\/cleopatra.nl\/pl\/wp-json\/wp\/v2\/product_brand?post=3297"},{"taxonomy":"product_cat","embeddable":true,"href":"https:\/\/cleopatra.nl\/pl\/wp-json\/wp\/v2\/product_cat?post=3297"},{"taxonomy":"product_tag","embeddable":true,"href":"https:\/\/cleopatra.nl\/pl\/wp-json\/wp\/v2\/product_tag?post=3297"}],"curies":[{"name":"wp","href":"https:\/\/api.w.org\/{rel}","templated":true}]}}