{"id":3318,"date":"2022-04-27T19:53:42","date_gmt":"2022-04-27T17:53:42","guid":{"rendered":"https:\/\/cleopatra.medialoods.com\/?post_type=product&#038;p=3318"},"modified":"2026-04-27T09:58:41","modified_gmt":"2026-04-27T07:58:41","slug":"malawi-370-185x85cm","status":"publish","type":"product","link":"https:\/\/cleopatra.nl\/pl\/shop\/ligbaden-whirlpools\/premium-ligbaden\/cleopatra-ligbad-malawi\/","title":{"rendered":"Malawi 370 | 185x85cm"},"content":{"rendered":"<h4><strong>CLEOATRA LIGBAD MALAWI 185x85cm<br \/>\n<\/strong><\/h4>\n<p>The<strong>\u00a0Kleopatra<\/strong>\u00a0<b>k\u0105piel<\/b>\u00a0Malawi to bardzo wygodna wanna wykonana z bia\u0142ego akrylu o pi\u0119knych zaokr\u0105glonych liniach. G\u0142\u0119boko\u015b\u0107 i szeroko\u015b\u0107 wanny s\u0105 wi\u0119ksze ni\u017c w przypadku standardowych wanien i zapewniaj\u0105 dobre zanurzenie cia\u0142a. Oparcia zosta\u0142y zaprojektowane tak, aby umo\u017cliwi\u0107 prawdziwy relaks w wannie.<\/p>\n<p>Wymiary wanny to: 1850 x 850 mm przy g\u0142\u0119boko\u015bci nie mniejszej ni\u017c 500 mm! Rysunek i instrukcja monta\u017cu wanny znajduj\u0105 si\u0119 na dole tego opisu produktu.<\/p>\n<p>Zobaczy\u0107 lub prze\u017cy\u0107 k\u0105piel w Malawi?  Zapraszamy do odwiedzenia Cleopatra\u00a0<a href=\"https:\/\/cleopatra.nl\/pl\/cleopatra-showroom\/\" target=\"_blank\" rel=\"noopener noreferrer\">showroom<\/a>\u00a0w Zaandam lub w\u00a0<a href=\"https:\/\/cleopatra.nl\/pl\/verkooppunten\/\" target=\"_blank\" rel=\"noopener noreferrer\">sklep sanitarny<\/a>\u00a0w Twojej okolicy!<\/p>\n<p>Wanna jest dostarczana wraz z zestawem wanien.<\/p>\n<p>Odp\u0142yw przelewowy nale\u017cy zam\u00f3wi\u0107 osobno (patrz Odpowiednie produkty).<\/p>\n<p>Na tej wysokiej jako\u015bci wannie mo\u017cna zainstalowa\u0107 bateri\u0119 wannowo-prysznicow\u0105; estetyczna i zapobiega instalacji w \u015bcianach.<\/p>\n<h4><\/h4>\n<h4><strong>JAKO\u015a\u0106 K\u0104PIELI<\/strong><\/h4>\n<p>Jako\u015b\u0107 naszych wanien jest najwa\u017cniejsza w Cleopatra. Twoja wanna pozostanie pi\u0119kna i bia\u0142a przez lata dzi\u0119ki 6 mm warstwie akrylu, r\u00f3wnie\u017c na kraw\u0119dziach wanny i solidnemu wzmocnieniu dna wanny.<\/p>\n<h4><\/h4>\n<h4>AKCESORIA DO K\u0104PIELI<\/h4>\n<ul>\n<li><em>Po\u0142\u0105czenie przelewu i odp\u0142ywu Cleoplus.<\/em> Wysokiej jako\u015bci produkt w chromowanym wyko\u0144czeniu.<\/li>\n<\/ul>\n<ul>\n<li><em>Po\u0142\u0105czenie Cleofill.<\/em> Wysokiej jako\u015bci produkt w chromowanym wyko\u0144czeniu. Zamiast wylewki wanna jest nape\u0142niana za pomoc\u0105 przelewu.<\/li>\n<\/ul>\n<ul>\n<li><em>Baterie wannowe.<\/em>\u00a0Najwy\u017cszej jako\u015bci baterie wannowe Hansgrohe do wyboru w kilku modelach. Standardowym wyko\u0144czeniem jest chrom, ale mo\u017cliwe s\u0105 r\u00f3wnie\u017c inne wyko\u0144czenia. Baterie wannowe s\u0105 montowane na wannie w naszej fabryce, dzi\u0119ki czemu wanna jest gotowa do instalacji!<\/li>\n<\/ul>\n<ul>\n<li><em>Uchwyt.<\/em>\u00a0Chromowany uchwyt o pi\u0119knym kszta\u0142cie. Sprawia, \u017ce wchodzenie i wychodzenie z wanny jest \u0142atwiejsze i bezpieczniejsze!<\/li>\n<\/ul>\n<ul>\n<li><em>Kolorowe \u015bwiat\u0142o.<\/em>\u00a0Wysokiej jako\u015bci o\u015bwietlenie wanny, w tym dwa \u015bwiat\u0142a LED i sterowanie montowane na kraw\u0119dzi wanny.<\/li>\n<\/ul>\n<ul>\n<li><em>Poduszka pod szyj\u0119.<\/em>\u00a0Wygodna poduszka, kt\u00f3ra dopasowuje si\u0119 do kszta\u0142tu g\u0142owy. Niezast\u0105piona dla przyjemno\u015bci k\u0105pieli.<\/li>\n<\/ul>\n<ul>\n<li><em>Olejki do k\u0105pieli.<\/em>\u00a0Piel\u0119gnuj\u0105cy sk\u00f3r\u0119, bezpieczny dla akrylu k\u0105pielowego i dost\u0119pny w 7 pysznych zapachach.<\/li>\n<\/ul>\n<h4><\/h4>\n<h4>SYSTEM HYDROMASA\u017bU<\/h4>\n<p>Dzi\u0119ki wysokiej jako\u015bci systemowi hydromasa\u017cu k\u0105piel w wannie staje si\u0119 jeszcze przyjemniejsza.<\/p>","protected":false},"excerpt":{"rendered":"<p>The<strong>\u00a0Kleopatra<\/strong>\u00a0<b>k\u0105piel<\/b>\u00a0Malawi to bardzo wygodna wanna wykonana z bia\u0142ego akrylu o pi\u0119knych zaokr\u0105glonych liniach. G\u0142\u0119boko\u015b\u0107 i szeroko\u015b\u0107 wanny s\u0105 wi\u0119ksze ni\u017c w przypadku standardowych wanien i zapewniaj\u0105 dobre zanurzenie cia\u0142a. Oparcia zosta\u0142y zaprojektowane tak, aby umo\u017cliwi\u0107 prawdziwy relaks w wannie.<\/p>","protected":false},"featured_media":3522,"template":"","format":"standard","meta":{"_acf_changed":false},"product_brand":[347],"product_cat":[84,76,71],"product_tag":[],"class_list":{"0":"post-3318","1":"product","2":"type-product","3":"status-publish","4":"format-standard","5":"has-post-thumbnail","7":"product_brand-cleopatra","8":"product_cat-premium-ligbaden","9":"product_cat-ligbaden-whirlpools","10":"product_cat-shop","12":"first","13":"instock","14":"taxable","15":"shipping-taxable","16":"purchasable","17":"product-type-simple"},"acf":[],"_links":{"self":[{"href":"https:\/\/cleopatra.nl\/pl\/wp-json\/wp\/v2\/product\/3318","targetHints":{"allow":["GET"]}}],"collection":[{"href":"https:\/\/cleopatra.nl\/pl\/wp-json\/wp\/v2\/product"}],"about":[{"href":"https:\/\/cleopatra.nl\/pl\/wp-json\/wp\/v2\/types\/product"}],"wp:featuredmedia":[{"embeddable":true,"href":"https:\/\/cleopatra.nl\/pl\/wp-json\/wp\/v2\/media\/3522"}],"wp:attachment":[{"href":"https:\/\/cleopatra.nl\/pl\/wp-json\/wp\/v2\/media?parent=3318"}],"wp:term":[{"taxonomy":"product_brand","embeddable":true,"href":"https:\/\/cleopatra.nl\/pl\/wp-json\/wp\/v2\/product_brand?post=3318"},{"taxonomy":"product_cat","embeddable":true,"href":"https:\/\/cleopatra.nl\/pl\/wp-json\/wp\/v2\/product_cat?post=3318"},{"taxonomy":"product_tag","embeddable":true,"href":"https:\/\/cleopatra.nl\/pl\/wp-json\/wp\/v2\/product_tag?post=3318"}],"curies":[{"name":"wp","href":"https:\/\/api.w.org\/{rel}","templated":true}]}}