{"id":3320,"date":"2022-04-27T19:56:32","date_gmt":"2022-04-27T17:56:32","guid":{"rendered":"https:\/\/cleopatra.medialoods.com\/?post_type=product&#038;p=3320"},"modified":"2025-01-02T11:30:16","modified_gmt":"2025-01-02T10:30:16","slug":"almeda-780-150x150cm","status":"publish","type":"product","link":"https:\/\/cleopatra.nl\/pl\/shop\/ligbaden-whirlpools\/ergonomische-ligbaden-luxus\/cleopatra-ligbad-almeda-780\/","title":{"rendered":"Almeda 780 | 150x150cm"},"content":{"rendered":"<div class=\"data item content\">\n<div class=\"product attribute description\">\n<div class=\"value\">\n<h4>Ergonomiczna wanna Almeda<\/h4>\n<p>The\u00a0<strong>ergonomiczna wanna<\/strong> Almeda zosta\u0142a zaprojektowana z my\u015bl\u0105 o komforcie le\u017cenia w wannie. Rozmiar i kszta\u0142t wanny pozwalaj\u0105 2 lub 3 osobom le\u017ce\u0107 zanurzonym po ramiona. Do\u015bwiadcz wyj\u0105tkowego komfortu, jakby\u015b le\u017ca\u0142 w podw\u00f3jnym fotelu!<\/p>\n<p>W pi\u0119knej wannie Almeda:<\/p>\n<ul>\n<li>Czy ca\u0142e cia\u0142o (w tym wysokie osoby) le\u017cy pod wod\u0105?<\/li>\n<li>Plecy s\u0105 dobrze podparte dzi\u0119ki specjalnie wyprofilowanemu i pochylonemu oparciu;<\/li>\n<li>Ramiona i nogi s\u0105 podparte;<\/li>\n<li>Dzi\u0119ki kszta\u0142towi siedziska nie mo\u017cna si\u0119 ju\u017c zsuwa\u0107;<\/li>\n<li>\u0141atwe wstawanie z wanny dzi\u0119ki podniesionej podstawie.<\/li>\n<\/ul>\n<p>Wymiary wanny to: 1500 x 1500 mm przy g\u0142\u0119boko\u015bci nie mniejszej ni\u017c 600 mm! Rysunki i instrukcje monta\u017cu wanny znajduj\u0105 si\u0119 w dolnej cz\u0119\u015bci opisu produktu.<\/p>\n<p>Zobaczy\u0107 lub do\u015bwiadczy\u0107 wanny Almeda?  Zapraszamy do odwiedzenia wanny Kleopatra\u00a0<a href=\"https:\/\/cleopatra.nl\/pl\/cleopatra-showroom\/\" target=\"_self\" rel=\"noopener noreferrer\">showroom<\/a>\u00a0w Zaandam lub w\u00a0<a href=\"https:\/\/cleopatra.nl\/pl\/verkooppunten\/\" target=\"_blank\" rel=\"noopener noreferrer\">sklep sanitarny<\/a>\u00a0w Twojej okolicy!<\/p>\n<p>Wanna jest dostarczana wraz z zestawem wanien i zestawem przelewowo-pustym.<\/p>\n<p>Mo\u017cliwe jest zainstalowanie baterii wannowej i prysznica. Estetyczny i zapobiega instalacji w \u015bcianach.<\/p>\n<p>&nbsp;<\/p>\n<h4>Jako\u015b\u0107 k\u0105pieli<\/h4>\n<p>Jako\u015b\u0107 naszych wanien jest najwa\u017cniejsza w Cleopatra. Twoja wanna pozostanie pi\u0119kna i bia\u0142a przez lata dzi\u0119ki 6 mm warstwie akrylu, r\u00f3wnie\u017c na brzegach wanny, solidnemu wzmocnieniu dna wanny.<\/p>\n<p>&nbsp;<\/p>\n<h4>Akcesoria do k\u0105pieli<\/h4>\n<ul>\n<li><em>Po\u0142\u0105czenie Cleofill.<\/em> Wysokiej jako\u015bci produkt z chromowanym wyko\u0144czeniem. Zamiast wylewki, wanna jest nape\u0142niana za pomoc\u0105 przelewu.<\/li>\n<\/ul>\n<ul>\n<li><em>Baterie wannowe.<\/em>\u00a0Najwy\u017cszej jako\u015bci baterie wannowe Hansgrohe do wyboru w kilku modelach. Standardowym wyko\u0144czeniem jest chrom, ale mo\u017cliwe s\u0105 r\u00f3wnie\u017c inne wyko\u0144czenia. Baterie wannowe s\u0105 montowane na wannie w naszej fabryce, dzi\u0119ki czemu wanna jest gotowa do instalacji!<\/li>\n<\/ul>\n<ul>\n<li><em>Uchwyt.<\/em>\u00a0Pi\u0119knie ukszta\u0142towany uchwyt wykonany z chromu. Sprawia, \u017ce wchodzenie i wychodzenie z wanny jest \u0142atwiejsze i bezpieczniejsze!<\/li>\n<\/ul>\n<ul>\n<li><em>Kolorowe \u015bwiat\u0142o.<\/em>\u00a0Wysokiej jako\u015bci o\u015bwietlenie wanny, w tym dwa \u015bwiat\u0142a LED i sterowanie montowane na kraw\u0119dzi wanny.<\/li>\n<\/ul>\n<ul>\n<li><em>Poduszka pod szyj\u0119.<\/em>\u00a0Wygodna poduszka, kt\u00f3ra dopasowuje si\u0119 do kszta\u0142tu g\u0142owy. Niezast\u0105piona dla przyjemno\u015bci k\u0105pieli.<\/li>\n<\/ul>\n<ul>\n<li><em>Olejki do k\u0105pieli.<\/em>\u00a0Piel\u0119gnuj\u0105cy sk\u00f3r\u0119, bezpieczny dla akrylu k\u0105pielowego i dost\u0119pny w 7 pysznych zapachach.<\/li>\n<\/ul>\n<p>&nbsp;<\/p>\n<h4>System Whirlpool<\/h4>\n<p>Dzi\u0119ki wysokiej jako\u015bci systemowi hydromasa\u017cu k\u0105piel w wannie staje si\u0119 jeszcze przyjemniejsza.<\/p>\n<\/div>\n<\/div>\n<\/div>","protected":false},"excerpt":{"rendered":"<p>The\u00a0<strong>ergonomiczna wanna<\/strong> Almeda zosta\u0142a zaprojektowana z my\u015bl\u0105 o komforcie le\u017cenia w wannie. Rozmiar i kszta\u0142t wanny pozwalaj\u0105 2 lub 3 osobom le\u017ce\u0107 zanurzonym po ramiona. Do\u015bwiadcz wyj\u0105tkowego komfortu, jakby\u015b le\u017ca\u0142 w podw\u00f3jnym fotelu!<\/p>","protected":false},"featured_media":3486,"template":"","format":"standard","meta":{"_acf_changed":false},"product_brand":[],"product_cat":[85,76,71],"product_tag":[],"class_list":{"0":"post-3320","1":"product","2":"type-product","3":"status-publish","4":"format-standard","5":"has-post-thumbnail","7":"product_cat-trendy-ergonomische-ligbaden","8":"product_cat-ligbaden-whirlpools","9":"product_cat-shop","11":"first","12":"instock","13":"taxable","14":"shipping-taxable","15":"purchasable","16":"product-type-simple"},"acf":[],"_links":{"self":[{"href":"https:\/\/cleopatra.nl\/pl\/wp-json\/wp\/v2\/product\/3320","targetHints":{"allow":["GET"]}}],"collection":[{"href":"https:\/\/cleopatra.nl\/pl\/wp-json\/wp\/v2\/product"}],"about":[{"href":"https:\/\/cleopatra.nl\/pl\/wp-json\/wp\/v2\/types\/product"}],"wp:featuredmedia":[{"embeddable":true,"href":"https:\/\/cleopatra.nl\/pl\/wp-json\/wp\/v2\/media\/3486"}],"wp:attachment":[{"href":"https:\/\/cleopatra.nl\/pl\/wp-json\/wp\/v2\/media?parent=3320"}],"wp:term":[{"taxonomy":"product_brand","embeddable":true,"href":"https:\/\/cleopatra.nl\/pl\/wp-json\/wp\/v2\/product_brand?post=3320"},{"taxonomy":"product_cat","embeddable":true,"href":"https:\/\/cleopatra.nl\/pl\/wp-json\/wp\/v2\/product_cat?post=3320"},{"taxonomy":"product_tag","embeddable":true,"href":"https:\/\/cleopatra.nl\/pl\/wp-json\/wp\/v2\/product_tag?post=3320"}],"curies":[{"name":"wp","href":"https:\/\/api.w.org\/{rel}","templated":true}]}}