{"id":3321,"date":"2022-04-27T19:56:59","date_gmt":"2022-04-27T17:56:59","guid":{"rendered":"https:\/\/cleopatra.medialoods.com\/?post_type=product&#038;p=3321"},"modified":"2026-04-27T10:02:09","modified_gmt":"2026-04-27T08:02:09","slug":"imaza-750-180x80cm","status":"publish","type":"product","link":"https:\/\/cleopatra.nl\/pl\/shop\/ligbaden-whirlpools\/ergonomische-ligbaden-luxus\/cleopatra-ligbad-imaza-750\/","title":{"rendered":"Imaza 750 | 180x80cm"},"content":{"rendered":"<p>The\u00a0<strong>ergonomiczna wanna<\/strong> Imaza zosta\u0142a zaprojektowana tak, aby le\u017cenie w wannie by\u0142o wygodne. Ca\u0142kowicie zrelaksowany i zanurzony po szyj\u0119, jest to z pewno\u015bci\u0105 mo\u017cliwe w wannie Imaza! Przeczytaj wi\u0119cej o zaletach wanny <a href=\"https:\/\/cleopatra.nl\/pl\/ligbaden\/kracht-van-ergonomie\/?_gl=1*1dktufp*_up*MQ..*_ga*Njk2NTkzMDguMTcxMjUxNTI2Mg..*_ga_GNYGLDV3HQ*MTcxMjUxNTI1OS4xLjEuMTcxMjUxNTMxMC4wLjAuMA..\">ergonomiczna wanna<\/a><\/p>\n<p>W pi\u0119knej wannie Imaza:<\/p>\n<ul>\n<li>Czy ca\u0142e cia\u0142o (w tym du\u017cych ludzi) znajduje si\u0119 pod wod\u0105?<\/li>\n<li>Plecy s\u0105 dobrze podparte dzi\u0119ki specjalnie wyprofilowanemu i pochylonemu oparciu;<\/li>\n<li>Ramiona i nogi s\u0105 podparte;<\/li>\n<li>Dzi\u0119ki kszta\u0142towi siedziska nie mo\u017cna si\u0119 ju\u017c zsuwa\u0107;<\/li>\n<li>\u0141atwe wstawanie z wanny dzi\u0119ki podniesionej podstawie.<\/li>\n<\/ul>\n<p>Wymiary wanny to: 1800 x 800 mm przy g\u0142\u0119boko\u015bci nie mniejszej ni\u017c 600 mm! Rysunki i instrukcje monta\u017cu wanny znajduj\u0105 si\u0119 w dolnej cz\u0119\u015bci opisu produktu.<\/p>\n<p>Chcesz zobaczy\u0107 lub do\u015bwiadczy\u0107 wanny Imaza?  Zapraszamy do Cleopatry\u00a0<a href=\"https:\/\/cleopatra.nl\/pl\/cleopatra-showroom\/\" target=\"_blank\" rel=\"noopener noreferrer\">showroom<\/a>\u00a0w Zaandam lub w\u00a0<a href=\"https:\/\/cleopatra.nl\/pl\/verkooppunten\/\" target=\"_blank\" rel=\"noopener noreferrer\">sklep sanitarny<\/a>\u00a0w Twojej okolicy!<\/p>\n<p>Wanna jest dostarczana wraz z zestawem wanien i zestawem przelewowo-pustym.<\/p>\n<p>Mo\u017cliwe jest zainstalowanie baterii wannowej i prysznica. Estetyczny i zapobiega instalacji w \u015bcianach.<\/p>\n<p>&nbsp;<\/p>\n<h4>JAKO\u015a\u0106 K\u0104PIELI<\/h4>\n<p>Jako\u015b\u0107 naszych wanien jest najwa\u017cniejsza w Cleopatra. Twoja wanna pozostanie pi\u0119kna i bia\u0142a przez lata dzi\u0119ki 6 mm warstwie bia\u0142ego akrylu, r\u00f3wnie\u017c na kraw\u0119dziach wanny, solidnemu wzmocnieniu dna wanny.<\/p>\n<p>&nbsp;<\/p>\n<h4>AKCESORIA DO K\u0104PIELI<\/h4>\n<ul>\n<li><em>Po\u0142\u0105czenie Cleofill.<\/em> Wysokiej jako\u015bci produkt z chromowanym wyko\u0144czeniem. Zamiast wylewki, wanna jest nape\u0142niana za pomoc\u0105 przelewu.<\/li>\n<\/ul>\n<ul>\n<li><em>Baterie wannowe.<\/em>\u00a0Najwy\u017cszej jako\u015bci baterie wannowe Hansgrohe do wyboru w kilku modelach. Standardowym wyko\u0144czeniem jest chrom, ale mo\u017cliwe s\u0105 r\u00f3wnie\u017c inne wyko\u0144czenia. Baterie wannowe s\u0105 montowane na wannie w naszej fabryce, dzi\u0119ki czemu wanna jest gotowa do instalacji!<\/li>\n<\/ul>\n<ul>\n<li><em>Uchwyt.<\/em>\u00a0Pi\u0119knie ukszta\u0142towany uchwyt wykonany z chromu. Sprawia, \u017ce wchodzenie i wychodzenie z wanny jest \u0142atwiejsze i bezpieczniejsze!<\/li>\n<\/ul>\n<ul>\n<li><em>Kolorowe \u015bwiat\u0142o.<\/em>\u00a0Wysokiej jako\u015bci o\u015bwietlenie wanny, w tym dwa \u015bwiat\u0142a LED i sterowanie montowane na kraw\u0119dzi wanny.<\/li>\n<\/ul>\n<ul>\n<li><em>Poduszka pod szyj\u0119.<\/em>\u00a0Wygodna poduszka, kt\u00f3ra dopasowuje si\u0119 do kszta\u0142tu g\u0142owy. Niezast\u0105piona dla przyjemno\u015bci k\u0105pieli.<\/li>\n<\/ul>\n<ul>\n<li><em>Olejki do k\u0105pieli.<\/em>\u00a0Piel\u0119gnuj\u0105cy sk\u00f3r\u0119, bezpieczny dla akrylu k\u0105pielowego i dost\u0119pny w 7 pysznych zapachach.<\/li>\n<\/ul>\n<p>&nbsp;<\/p>\n<h4>SYSTEM HYDROMASA\u017bU<\/h4>\n<p>Dzi\u0119ki wysokiej jako\u015bci systemowi hydromasa\u017cu k\u0105piel w wannie staje si\u0119 jeszcze przyjemniejsza.<\/p>\n<p>Wi\u0119cej informacji <a href=\"https:\/\/cleopatra.nl\/pl\/bubbelbaden\/comfort-whirlpool\/?_gl=1*1ilqqo9*_up*MQ..*_ga*MTM4OTU1NjMzMi4xNzEyNTExMzEy*_ga_GNYGLDV3HQ*MTcxMjUxMTMxMC4xLjEuMTcxMjUxMTM0MC4wLjAuMA..\">Komfortowe wanny z hydromasa\u017cem<\/a><\/p>\n<p>Wi\u0119cej informacji <a href=\"https:\/\/cleopatra.nl\/pl\/bubbelbaden\/relax-whirlpool\/?_gl=1*1qubcqs*_up*MQ..*_ga*MTM4OTU1NjMzMi4xNzEyNTExMzEy*_ga_GNYGLDV3HQ*MTcxMjUxNTE0MC4yLjAuMTcxMjUxNTE0MC4wLjAuMA..\">Relaksuj\u0105ce wanny z hydromasa\u017cem<\/a><\/p>\n<p>Wi\u0119cej informacji <a href=\"https:\/\/cleopatra.nl\/pl\/bubbelbaden\/deluxe-whirlpool\/?_gl=1*1q7agnu*_up*MQ..*_ga*Njk2NTkzMDguMTcxMjUxNTI2Mg..*_ga_GNYGLDV3HQ*MTcxMjUxNTI1OS4xLjAuMTcxMjUxNTI1OS4wLjAuMA..\">Wanny z hydromasa\u017cem<\/a><\/p>\n<p>Wi\u0119cej informacji <a href=\"https:\/\/cleopatra.nl\/pl\/bubbelbaden\/extreme-whirlpool\/?_gl=1*1tpnl45*_up*MQ..*_ga*Njk2NTkzMDguMTcxMjUxNTI2Mg..*_ga_GNYGLDV3HQ*MTcxMjUxNTI1OS4xLjEuMTcxMjUxNTI2NS4wLjAuMA..\">Wanny z hydromasa\u017cem ca\u0142ego cia\u0142a<\/a><\/p>\n<p>&nbsp;<\/p>\n<p><strong>SPECJALNE WYKO\u0143CZENIA<\/strong><\/p>\n<p>Czy potrzebujesz innego koloru dla kolorowych cz\u0119\u015bci w wannie? Nast\u0119pnie przeczytaj stron\u0119 <a href=\"https:\/\/cleopatra.nl\/pl\/bubbelbaden\/special-finishes\/?_gl=1*14vhu54*_up*MQ..*_ga*Njk2NTkzMDguMTcxMjUxNTI2Mg..*_ga_GNYGLDV3HQ*MTcxMjUxNTI1OS4xLjEuMTcxMjUxNTM2MS4wLjAuMA..\">Specjalne wyko\u0144czenia<\/a> i odwied\u017a nasz\u0105 stron\u0119 <a href=\"https:\/\/cleopatra.nl\/pl\/configurator\/special-finishes-visualisator\/?_gl=1*tptkki*_up*MQ..*_ga*MTE4NDg4NDM5OC4xNzEyNTE1NTI0*_ga_GNYGLDV3HQ*MTcxMjUxNTUyMi4xLjEuMTcxMjUxNTU0Ny4wLjAuMA..\">Konfigurator wyko\u0144czenia specjalnego<\/a>.<\/p>","protected":false},"excerpt":{"rendered":"<p>The\u00a0<strong>ergonomiczna wanna<\/strong> Imaza zosta\u0142a zaprojektowana tak, aby le\u017cenie w wannie by\u0142o wygodne. Ca\u0142kowicie zrelaksowany i zanurzony po szyj\u0119, jest to z pewno\u015bci\u0105 mo\u017cliwe w wannie Imaza! Przeczytaj wi\u0119cej o zaletach wanny <a href=\"https:\/\/cleopatra.nl\/pl\/ligbaden\/kracht-van-ergonomie\/?_gl=1*1dktufp*_up*MQ..*_ga*Njk2NTkzMDguMTcxMjUxNTI2Mg..*_ga_GNYGLDV3HQ*MTcxMjUxNTI1OS4xLjEuMTcxMjUxNTMxMC4wLjAuMA..\">ergonomiczna wanna<\/a><\/p>","protected":false},"featured_media":3488,"template":"","format":"standard","meta":{"_acf_changed":false},"product_brand":[347],"product_cat":[83,76,71],"product_tag":[],"class_list":{"0":"post-3321","1":"product","2":"type-product","3":"status-publish","4":"format-standard","5":"has-post-thumbnail","7":"product_brand-cleopatra","8":"product_cat-ergonomische-ligbaden-luxus","9":"product_cat-ligbaden-whirlpools","10":"product_cat-shop","12":"first","13":"instock","14":"taxable","15":"shipping-taxable","16":"purchasable","17":"product-type-simple"},"acf":[],"_links":{"self":[{"href":"https:\/\/cleopatra.nl\/pl\/wp-json\/wp\/v2\/product\/3321","targetHints":{"allow":["GET"]}}],"collection":[{"href":"https:\/\/cleopatra.nl\/pl\/wp-json\/wp\/v2\/product"}],"about":[{"href":"https:\/\/cleopatra.nl\/pl\/wp-json\/wp\/v2\/types\/product"}],"wp:featuredmedia":[{"embeddable":true,"href":"https:\/\/cleopatra.nl\/pl\/wp-json\/wp\/v2\/media\/3488"}],"wp:attachment":[{"href":"https:\/\/cleopatra.nl\/pl\/wp-json\/wp\/v2\/media?parent=3321"}],"wp:term":[{"taxonomy":"product_brand","embeddable":true,"href":"https:\/\/cleopatra.nl\/pl\/wp-json\/wp\/v2\/product_brand?post=3321"},{"taxonomy":"product_cat","embeddable":true,"href":"https:\/\/cleopatra.nl\/pl\/wp-json\/wp\/v2\/product_cat?post=3321"},{"taxonomy":"product_tag","embeddable":true,"href":"https:\/\/cleopatra.nl\/pl\/wp-json\/wp\/v2\/product_tag?post=3321"}],"curies":[{"name":"wp","href":"https:\/\/api.w.org\/{rel}","templated":true}]}}