{"id":3331,"date":"2022-04-27T20:01:53","date_gmt":"2022-04-27T18:01:53","guid":{"rendered":"https:\/\/cleopatra.medialoods.com\/?post_type=product&#038;p=3331"},"modified":"2025-01-02T11:30:10","modified_gmt":"2025-01-02T10:30:10","slug":"antonia-910-180x80cm","status":"publish","type":"product","link":"https:\/\/cleopatra.nl\/pl\/shop\/ligbaden-whirlpools\/trendy-ergonomische-ligbaden\/cleopatra-ligbad-antonia-910-920\/","title":{"rendered":"Antonia 910 | 180x80cm"},"content":{"rendered":"<h4>ERGONOMICZNA \u0141AZIENKA ANTONIA 910 | 180x80cm<\/h4>\n<p>The\u00a0<strong>ergonomiczna wanna<\/strong>\u00a0Antonia zosta\u0142a skrupulatnie zaprojektowana (we wsp\u00f3\u0142pracy z najlepszym projektantem\u00a0<a title=\"cleopatra i van berlo studios\" href=\"https:\/\/vanberlo.nl\/\" target=\"_blank\" rel=\"noopener noreferrer nofollow\">A. van Berlo<\/a>), aby zapewni\u0107 optymalny komfort i pi\u0119kno w jednym. Rezultatem jest luksusowa wanna o g\u0142adkich liniach, w kt\u00f3rej mo\u017cna si\u0119 ca\u0142kowicie zrelaksowa\u0107.<\/p>\n<p>W pi\u0119knej wannie Antonia:<\/p>\n<ul>\n<li>Czy ca\u0142e cia\u0142o (w tym wysokie osoby) le\u017cy pod wod\u0105?<\/li>\n<li>Plecy s\u0105 dobrze podparte przez unosz\u0105ce si\u0119 oparcie;<\/li>\n<li>Nogi s\u0105 wsparte na podstawie wanny;<\/li>\n<li>Dzi\u0119ki kszta\u0142towi siedziska nie mo\u017cna si\u0119 ju\u017c zsuwa\u0107;<\/li>\n<li>\u0141atwe wstawanie z wanny dzi\u0119ki podniesionej podstawie.<\/li>\n<\/ul>\n<div><\/div>\n<p>Wanna Antonia ma g\u0142\u0119boko\u015b\u0107 nie mniejsz\u0105 ni\u017c 570 mm i dwa kolejne mo\u017cliwe rozmiary:<\/p>\n<ul>\n<li>910: 1800x 800 mm<\/li>\n<li>920: 1900 x 900 mm<\/li>\n<\/ul>\n<p>Rysunki wanny mo\u017cna znale\u017a\u0107 na dole opisu produktu.<\/p>\n<p>Chcesz zobaczy\u0107 lub do\u015bwiadczy\u0107 wanny Antonia?  Zapraszamy do odwiedzenia Cleopatra\u00a0<a href=\"https:\/\/cleopatra.nl\/pl\/cleopatra-showroom\/\" target=\"_blank\" rel=\"noopener noreferrer\">showroom<\/a>\u00a0w Zaandam lub w\u00a0<a href=\"https:\/\/cleopatra.nl\/pl\/verkooppunten\/\" target=\"_blank\" rel=\"noopener noreferrer\">sklep sanitarny<\/a>\u00a0w Twojej okolicy!<\/p>\n<p>Wanna jest dostarczana wraz z zestawem wanien, stela\u017cem i zestawem przelewowo-pustym.<\/p>\n<p>Mo\u017cliwe jest zainstalowanie baterii wannowej i prysznica. Estetyczny i zapobiega instalacji w \u015bcianach.<\/p>\n<p>&nbsp;<\/p>\n<h4>Jako\u015b\u0107 k\u0105pieli<\/h4>\n<p>Jako\u015b\u0107 naszych wanien jest najwa\u017cniejsza w Cleopatra. Twoja wanna pozostanie pi\u0119kna i bia\u0142a przez lata dzi\u0119ki 6 mm warstwie akrylu, r\u00f3wnie\u017c na kraw\u0119dziach wanny i solidnemu wzmocnieniu dna wanny.<\/p>\n<p>Dlatego te\u017c wanna ta nadaje si\u0119 r\u00f3wnie\u017c do u\u017cytku profesjonalnego, w tym w hotelach i spa.<\/p>\n<p>&nbsp;<\/p>\n<h4>Akcesoria do k\u0105pieli<\/h4>\n<ul>\n<li><em>Baterie wannowe.<\/em>\u00a0Najwy\u017cszej jako\u015bci baterie wannowe Hansgrohe do wyboru w kilku modelach. Standardowym wyko\u0144czeniem jest chrom, ale mo\u017cliwe s\u0105 r\u00f3wnie\u017c inne wyko\u0144czenia. Baterie wannowe s\u0105 montowane na wannie w naszej fabryce, dzi\u0119ki czemu wanna jest gotowa do instalacji!<\/li>\n<\/ul>\n<ul>\n<li><em>Uchwyt.<\/em>\u00a0Pi\u0119knie ukszta\u0142towany uchwyt wykonany z chromu. Sprawia, \u017ce wchodzenie i wychodzenie z wanny jest \u0142atwiejsze i bezpieczniejsze!<\/li>\n<\/ul>\n<ul>\n<li><em>Kolorowe \u015bwiat\u0142o.<\/em>\u00a0Wysokiej jako\u015bci o\u015bwietlenie wanny, w tym dwa \u015bwiat\u0142a LED i sterowanie montowane na kraw\u0119dzi wanny.<\/li>\n<\/ul>\n<ul>\n<li><em>Poduszka pod szyj\u0119.<\/em>\u00a0Wygodna poduszka, kt\u00f3ra dopasowuje si\u0119 do kszta\u0142tu g\u0142owy. Niezast\u0105piona dla przyjemno\u015bci k\u0105pieli.<\/li>\n<\/ul>\n<ul>\n<li><em>Olejki do k\u0105pieli.<\/em>\u00a0Odporny na wstrz\u0105sy, bezpieczny dla akrylu do k\u0105pieli i dost\u0119pny w 7 pysznych zapachach.<\/li>\n<\/ul>\n<p>&nbsp;<\/p>\n<div>\n<h4>System Whirlpool<\/h4>\n<p>Dzi\u0119ki wysokiej jako\u015bci systemowi hydromasa\u017cu k\u0105piel w wannie staje si\u0119 jeszcze przyjemniejsza.<\/p>\n<\/div>","protected":false},"excerpt":{"rendered":"<p>The\u00a0<strong>ergonomiczna wanna<\/strong>\u00a0Antonia zosta\u0142a skrupulatnie zaprojektowana (we wsp\u00f3\u0142pracy z najlepszym projektantem\u00a0<a title=\"cleopatra i van berlo studios\" href=\"https:\/\/vanberlo.nl\/\" target=\"_blank\" rel=\"noopener noreferrer nofollow\">A. van Berlo<\/a>), aby zapewni\u0107 optymalny komfort i pi\u0119kno w jednym. Rezultatem jest luksusowa wanna o g\u0142adkich liniach, w kt\u00f3rej mo\u017cna si\u0119 ca\u0142kowicie zrelaksowa\u0107.<\/p>","protected":false},"featured_media":3538,"template":"","format":"standard","meta":{"_acf_changed":false},"product_brand":[],"product_cat":[83,76,71],"product_tag":[],"class_list":{"0":"post-3331","1":"product","2":"type-product","3":"status-publish","4":"format-standard","5":"has-post-thumbnail","7":"product_cat-ergonomische-ligbaden-luxus","8":"product_cat-ligbaden-whirlpools","9":"product_cat-shop","11":"first","12":"instock","13":"taxable","14":"shipping-taxable","15":"purchasable","16":"product-type-simple"},"acf":[],"_links":{"self":[{"href":"https:\/\/cleopatra.nl\/pl\/wp-json\/wp\/v2\/product\/3331","targetHints":{"allow":["GET"]}}],"collection":[{"href":"https:\/\/cleopatra.nl\/pl\/wp-json\/wp\/v2\/product"}],"about":[{"href":"https:\/\/cleopatra.nl\/pl\/wp-json\/wp\/v2\/types\/product"}],"wp:featuredmedia":[{"embeddable":true,"href":"https:\/\/cleopatra.nl\/pl\/wp-json\/wp\/v2\/media\/3538"}],"wp:attachment":[{"href":"https:\/\/cleopatra.nl\/pl\/wp-json\/wp\/v2\/media?parent=3331"}],"wp:term":[{"taxonomy":"product_brand","embeddable":true,"href":"https:\/\/cleopatra.nl\/pl\/wp-json\/wp\/v2\/product_brand?post=3331"},{"taxonomy":"product_cat","embeddable":true,"href":"https:\/\/cleopatra.nl\/pl\/wp-json\/wp\/v2\/product_cat?post=3331"},{"taxonomy":"product_tag","embeddable":true,"href":"https:\/\/cleopatra.nl\/pl\/wp-json\/wp\/v2\/product_tag?post=3331"}],"curies":[{"name":"wp","href":"https:\/\/api.w.org\/{rel}","templated":true}]}}