{"id":3339,"date":"2022-04-27T20:05:48","date_gmt":"2022-04-27T18:05:48","guid":{"rendered":"https:\/\/cleopatra.medialoods.com\/?post_type=product&#038;p=3339"},"modified":"2026-04-27T09:53:58","modified_gmt":"2026-04-27T07:53:58","slug":"wellpool-square-401-170x75cm","status":"publish","type":"product","link":"https:\/\/cleopatra.nl\/pl\/shop\/ligbaden-whirlpools\/wellpool-ligbaden\/cleopatra-ligbad-wellpool-square\/","title":{"rendered":"WellPool Square 401 | 170x75cm"},"content":{"rendered":"<h4><strong>WELLPOOLS SQUARE 170 x 75 CM<\/strong><\/h4>\n<p><strong>Kleopatra<\/strong>\u00a0<b>k\u0105piel<\/b>\u00a0WellPool<sup>TM<\/sup>\u00a0Square to osza\u0142amiaj\u0105ca i nowoczesna wanna wykonana z bia\u0142ego akrylu z eleganckimi prostok\u0105tnymi naro\u017cnikami. Opracowana przez najlepszego projektanta Roberta Bronwassera, wanna WellPool jest nie tylko pi\u0119kna, ale tak\u017ce bardzo wygodna i trwa\u0142a.<\/p>\n<p>Chcesz zobaczy\u0107 lub do\u015bwiadczy\u0107 tej k\u0105pieli? Zapraszamy do odwiedzenia Cleopatra\u00a0<a title=\"salon cleopatra\" href=\"https:\/\/cleopatra.nl\/pl\/contact\/\" target=\"_blank\" rel=\"noopener\">showroom<\/a> w Zaandam!<\/p>\n<p>&nbsp;<\/p>\n<h4>WYMIARY WANNY<\/h4>\n<p>The\u00a0<b>k\u0105piel<\/b>\u00a0WellPool<sup>TM<\/sup>\u00a0Square jest dost\u0119pny w czterech rozmiarach:<\/p>\n<ul>\n<li>401: 1700 x 750 mm (podstawa 1150 mm; g\u0142\u0119boko\u015b\u0107 500 mm)<\/li>\n<li>410: 1800 x 800 mm (podstawa 1290 mm; g\u0142\u0119boko\u015b\u0107 510 mm)<\/li>\n<li>415: 1900 x 800 mm (podstawa 1350 mm; g\u0142\u0119boko\u015b\u0107 510 mm)<\/li>\n<li>417: 1900 x 900 mm (podstawa 1350 mm; g\u0142\u0119boko\u015b\u0107 510 mm)<\/li>\n<\/ul>\n<p>Na dole tego opisu produktu znajduj\u0105 si\u0119 rysunki i instrukcje monta\u017cu wanny.<\/p>\n<p>Wanna jest dostarczana wraz z zestawem wanien.<\/p>\n<p>Odp\u0142yw przelewowy nale\u017cy zam\u00f3wi\u0107 osobno (patrz Odpowiednie produkty).<\/p>\n<p>Na tej wysokiej jako\u015bci wannie mo\u017cna zainstalowa\u0107 bateri\u0119 wannow\u0105 i prysznic. Estetyczny wygl\u0105d zapobiega monta\u017cowi w \u015bcianach.<\/p>\n<p>&nbsp;<\/p>\n<h4>Jako\u015b\u0107 k\u0105pieli<\/h4>\n<p>Jako\u015b\u0107 k\u0105pieli jest najwa\u017cniejsza w Cleopatra. Twoja wanna pozostanie pi\u0119kna i bia\u0142a przez lata dzi\u0119ki:<\/p>\n<ul>\n<li>5 mm warstwa czystego akrylu, r\u00f3wnie\u017c na kraw\u0119dziach wanny i<\/li>\n<li>Solidne wzmocnienie dna wanny.<\/li>\n<li><\/li>\n<\/ul>\n<h4>AKCESORIA DO K\u0104PIELI<\/h4>\n<ul>\n<li><em>Po\u0142\u0105czenie przelewu i odp\u0142ywu Cleoplus.<\/em> Wysokiej jako\u015bci produkt w chromowanym wyko\u0144czeniu.<\/li>\n<\/ul>\n<ul>\n<li><em>Po\u0142\u0105czenie Cleofill.<\/em> Wysokiej jako\u015bci produkt w chromowanym wyko\u0144czeniu. Zamiast wylewki wanna jest nape\u0142niana za pomoc\u0105 przelewu.<\/li>\n<\/ul>\n<ul>\n<li><em>Baterie wannowe.<\/em>\u00a0Najwy\u017cszej jako\u015bci baterie wannowe Hansgrohe do wyboru w kilku modelach. Standardowym wyko\u0144czeniem jest chrom, ale mo\u017cliwe s\u0105 r\u00f3wnie\u017c inne wyko\u0144czenia. Baterie wannowe s\u0105 montowane na wannie w naszej fabryce, dzi\u0119ki czemu wanna jest gotowa do instalacji!<\/li>\n<\/ul>\n<ul>\n<li><em>Uchwyt.<\/em>\u00a0Chromowany uchwyt o pi\u0119knym kszta\u0142cie. Sprawia, \u017ce wchodzenie i wychodzenie z wanny jest \u0142atwiejsze i bezpieczniejsze!<\/li>\n<\/ul>\n<ul>\n<li><em>Kolorowe \u015bwiat\u0142o.<\/em>\u00a0Wysokiej jako\u015bci o\u015bwietlenie wanny, w tym dwa \u015bwiat\u0142a LED i sterowanie montowane na kraw\u0119dzi wanny.<\/li>\n<\/ul>\n<ul>\n<li><em>Poduszka pod szyj\u0119.<\/em> Wygodna poduszka, kt\u00f3ra dopasowuje si\u0119 do kszta\u0142tu g\u0142owy. Niezast\u0105piona dla przyjemno\u015bci k\u0105pieli.<\/li>\n<\/ul>\n<ul>\n<li><em>Olejki do k\u0105pieli.<\/em> Piel\u0119gnuje sk\u00f3r\u0119, jest bezpieczny dla akrylu do k\u0105pieli i dost\u0119pny w 7 pysznych zapachach.<\/li>\n<\/ul>\n<p>&nbsp;<\/p>\n<h4>SYSTEM HYDROMASA\u017bU<\/h4>\n<p>Dzi\u0119ki wysokiej jako\u015bci systemowi hydromasa\u017cu k\u0105piel w wannie staje si\u0119 jeszcze przyjemniejsza.<\/p>","protected":false},"excerpt":{"rendered":"<p><strong>Kleopatra<\/strong>\u00a0<b>k\u0105piel<\/b> WellPool Square to osza\u0142amiaj\u0105ca i nowoczesna wanna wykonana z bia\u0142ego akrylu z eleganckimi prostok\u0105tnymi naro\u017cnikami. Opracowana przez najlepszego projektanta Roberta Bronwassera, wanna WellPool jest nie tylko pi\u0119kna, ale tak\u017ce bardzo wygodna i trwa\u0142a.<\/p>","protected":false},"featured_media":3572,"template":"","format":"standard","meta":{"_acf_changed":false},"product_brand":[347],"product_cat":[86,76,71],"product_tag":[],"class_list":{"0":"post-3339","1":"product","2":"type-product","3":"status-publish","4":"format-standard","5":"has-post-thumbnail","7":"product_brand-cleopatra","8":"product_cat-wellpool-ligbaden","9":"product_cat-ligbaden-whirlpools","10":"product_cat-shop","12":"first","13":"instock","14":"taxable","15":"shipping-taxable","16":"purchasable","17":"product-type-simple"},"acf":[],"_links":{"self":[{"href":"https:\/\/cleopatra.nl\/pl\/wp-json\/wp\/v2\/product\/3339","targetHints":{"allow":["GET"]}}],"collection":[{"href":"https:\/\/cleopatra.nl\/pl\/wp-json\/wp\/v2\/product"}],"about":[{"href":"https:\/\/cleopatra.nl\/pl\/wp-json\/wp\/v2\/types\/product"}],"wp:featuredmedia":[{"embeddable":true,"href":"https:\/\/cleopatra.nl\/pl\/wp-json\/wp\/v2\/media\/3572"}],"wp:attachment":[{"href":"https:\/\/cleopatra.nl\/pl\/wp-json\/wp\/v2\/media?parent=3339"}],"wp:term":[{"taxonomy":"product_brand","embeddable":true,"href":"https:\/\/cleopatra.nl\/pl\/wp-json\/wp\/v2\/product_brand?post=3339"},{"taxonomy":"product_cat","embeddable":true,"href":"https:\/\/cleopatra.nl\/pl\/wp-json\/wp\/v2\/product_cat?post=3339"},{"taxonomy":"product_tag","embeddable":true,"href":"https:\/\/cleopatra.nl\/pl\/wp-json\/wp\/v2\/product_tag?post=3339"}],"curies":[{"name":"wp","href":"https:\/\/api.w.org\/{rel}","templated":true}]}}