{"id":3340,"date":"2022-04-27T20:06:22","date_gmt":"2022-04-27T18:06:22","guid":{"rendered":"https:\/\/cleopatra.medialoods.com\/?post_type=product&#038;p=3340"},"modified":"2026-04-27T10:08:20","modified_gmt":"2026-04-27T08:08:20","slug":"ameland-200-160x80cm","status":"publish","type":"product","link":"https:\/\/cleopatra.nl\/pl\/shop\/ligbaden-whirlpools\/vrijstaande-baden\/ameland-200-2\/","title":{"rendered":"Ameland 200 | 160x80cm"},"content":{"rendered":"<h4>PI\u0118KNA WANNA WOLNOSTOJ\u0104CA<\/h4>\n<p>The\u00a0<b>wanna wolnostoj\u0105ca<\/b>\u00a0Ameland by Cleopatra oznacza ma\u0142e wymiary na zewn\u0105trz i przestronno\u015b\u0107 wewn\u0105trz. Dzi\u0119ki po\u0142\u0105czeniu trzech cienkich kraw\u0119dzi z grubym rantem, wolnostoj\u0105ca wanna zyska\u0142a super nowoczesny wygl\u0105d. Wann\u0119 Ameland mo\u017cna ustawi\u0107 przy \u015bcianie.<\/p>\n<p>Wymiary zewn\u0119trzne wanny wolnostoj\u0105cej to: 1600 x 800 x 450 mm przy d\u0142ugo\u015bci dna 1050 mm. Rysunki wanny znajduj\u0105 si\u0119 w dolnej cz\u0119\u015bci opisu produktu.<\/p>\n<p>Wanna jest dostarczana wraz z zestawem wanien i kombinacj\u0105 przelew\/puste.<\/p>\n<p>Chcesz zobaczy\u0107 t\u0119 k\u0105piel? Zapraszamy do odwiedzenia Cleopatra\u00a0<a href=\"https:\/\/cleopatra.nl\/pl\/contact\/\" target=\"_blank\" rel=\"noopener\">showroom<\/a> w Zaandam!<\/p>\n<h4>WOLNOSTOJ\u0104CA WANNA Z HYDROMASA\u017bEM<\/h4>\n<p>Wanna Ameland jest r\u00f3wnie\u017c dost\u0119pna jako\u00a0<strong>wolnostoj\u0105ca wanna z hydromasa\u017cem<\/strong>! Do wyboru s\u0105 4 systemy hydromasa\u017cu:<\/p>\n<ul>\n<li>Wellness Spa Mini: 24 mini dysze emituj\u0105 du\u017c\u0105 ilo\u015b\u0107 mini b\u0105belk\u00f3w z dna wanny, kt\u00f3re pobudzaj\u0105 cia\u0142o jeszcze delikatniej ni\u017c b\u0105belki spa. Efekt mrowienia na sk\u00f3rze i mi\u0119\u015bniach.<\/li>\n<\/ul>\n<ul>\n<li>Wi\u0119cej informacji na temat r\u00f3\u017cnych system\u00f3w hydromasa\u017cu mo\u017cna znale\u017a\u0107 na stronie <a title=\"wolnostoj\u0105ca wanna z hydromasa\u017cem\" href=\"https:\/\/cleopatra.nl\/pl\/bubbelbaden\/\" target=\"_blank\" rel=\"noopener noreferrer\">tutaj<\/a>.<\/li>\n<\/ul>\n<p>&nbsp;<\/p>\n<h4>\u015aWIAT\u0141O W WANNIE<\/h4>\n<p>Wanna Ameland jest dost\u0119pna z o\u015bwietleniem: prosty spos\u00f3b na stworzenie lepszej atmosfery w \u0142azience. Mo\u017cna wybiera\u0107 spo\u015br\u00f3d <a title=\"wanna bia\u0142e \u015bwiat\u0142o\" href=\"https:\/\/cleopatra.nl\/pl\/ligbad-wit-licht.html\/\" target=\"_blank\" rel=\"noopener noreferrer\">bia\u0142e \u015bwiat\u0142o<\/a>\u00a0lub\u00a0<a title=\"Kolorowe o\u015bwietlenie wanny\" href=\"https:\/\/cleopatra.nl\/pl\/catalog\/product\/view\/id\/43\/s\/ligbad-kleurverlichting\/\" target=\"_blank\" rel=\"noopener noreferrer\">kolorowe pod\u015bwietlenie<\/a>\u00a0w czterech r\u00f3\u017cnych kolorach. Szczeg\u00f3\u0142owe informacje znajduj\u0105 si\u0119 poni\u017cej w sekcji Odpowiednie produkty.<\/p>\n<p>&nbsp;<\/p>\n<p><strong>Nie ma mo\u017cliwo\u015bci monta\u017cu baterii wannowych na brzegu wanny.<\/strong><\/p>","protected":false},"excerpt":{"rendered":"<p>The\u00a0<b>wanna wolnostoj\u0105ca<\/b>\u00a0Ameland by Cleopatra oznacza ma\u0142e wymiary na zewn\u0105trz i przestronno\u015b\u0107 wewn\u0105trz. Dzi\u0119ki po\u0142\u0105czeniu trzech cienkich kraw\u0119dzi z grubym rantem, wolnostoj\u0105ca wanna zyska\u0142a super nowoczesny wygl\u0105d. Wann\u0119 Ameland mo\u017cna ustawi\u0107 przy \u015bcianie.<\/p>","protected":false},"featured_media":3566,"template":"","format":"standard","meta":{"_acf_changed":false},"product_brand":[347],"product_cat":[87,76,71],"product_tag":[],"class_list":{"0":"post-3340","1":"product","2":"type-product","3":"status-publish","4":"format-standard","5":"has-post-thumbnail","7":"product_brand-cleopatra","8":"product_cat-vrijstaande-baden","9":"product_cat-ligbaden-whirlpools","10":"product_cat-shop","12":"first","13":"instock","14":"taxable","15":"shipping-taxable","16":"purchasable","17":"product-type-simple"},"acf":[],"_links":{"self":[{"href":"https:\/\/cleopatra.nl\/pl\/wp-json\/wp\/v2\/product\/3340","targetHints":{"allow":["GET"]}}],"collection":[{"href":"https:\/\/cleopatra.nl\/pl\/wp-json\/wp\/v2\/product"}],"about":[{"href":"https:\/\/cleopatra.nl\/pl\/wp-json\/wp\/v2\/types\/product"}],"wp:featuredmedia":[{"embeddable":true,"href":"https:\/\/cleopatra.nl\/pl\/wp-json\/wp\/v2\/media\/3566"}],"wp:attachment":[{"href":"https:\/\/cleopatra.nl\/pl\/wp-json\/wp\/v2\/media?parent=3340"}],"wp:term":[{"taxonomy":"product_brand","embeddable":true,"href":"https:\/\/cleopatra.nl\/pl\/wp-json\/wp\/v2\/product_brand?post=3340"},{"taxonomy":"product_cat","embeddable":true,"href":"https:\/\/cleopatra.nl\/pl\/wp-json\/wp\/v2\/product_cat?post=3340"},{"taxonomy":"product_tag","embeddable":true,"href":"https:\/\/cleopatra.nl\/pl\/wp-json\/wp\/v2\/product_tag?post=3340"}],"curies":[{"name":"wp","href":"https:\/\/api.w.org\/{rel}","templated":true}]}}