{"id":3341,"date":"2022-04-27T20:06:49","date_gmt":"2022-04-27T18:06:49","guid":{"rendered":"https:\/\/cleopatra.medialoods.com\/?post_type=product&#038;p=3341"},"modified":"2026-04-27T10:06:17","modified_gmt":"2026-04-27T08:06:17","slug":"corsica-250-180x80cm","status":"publish","type":"product","link":"https:\/\/cleopatra.nl\/pl\/shop\/ligbaden-whirlpools\/vrijstaande-baden\/corsica-250\/","title":{"rendered":"Corsica 250 | 180x80cm"},"content":{"rendered":"<h4>NOWOCZESNA WANNA WOLNOSTOJ\u0104CA<\/h4>\n<p>The\u00a0<b>wanna wolnostoj\u0105ca<\/b>\u00a0Corsica charakteryzuje si\u0119 pi\u0119knymi grubymi kraw\u0119dziami, lekko nachylonymi bokami, du\u017cymi wymiarami i atrakcyjnymi zaokr\u0105glonymi liniami. Corsica to pi\u0119kno i czysta przyjemno\u015b\u0107 zar\u00f3wno w nowoczesnych, jak i klasycznych \u0142azienkach. A wszystko to w przyst\u0119pnej cenie!<\/p>\n<p>Wymiary zewn\u0119trzne wanny wolnostoj\u0105cej to: 1800 x 785 x 400 mm, a d\u0142ugo\u015b\u0107 dna to 1480 mm. Rysunki wanny znajduj\u0105 si\u0119 w dolnej cz\u0119\u015bci opisu produktu.<\/p>\n<p>Wanna jest dostarczana wraz z zestawem wanien i kombinacj\u0105 przelew\/puste.<\/p>\n<p>Chcesz zobaczy\u0107 t\u0119 k\u0105piel? Zapraszamy do odwiedzenia Cleopatra\u00a0<a href=\"https:\/\/cleopatra.nl\/pl\/contact\/\" target=\"_blank\" rel=\"noopener\">showroom<\/a> w Zaandam!<\/p>\n<h4>BATERIE WANNOWE WOLNOSTOJ\u0104CE<\/h4>\n<p>Wysoka jako\u015b\u0107\u00a0<strong>kran wolnostoj\u0105cy<\/strong>.<\/p>\n<h4>\u015aWIAT\u0141O W WANNIE<\/h4>\n<p>Wanna Corsica jest dost\u0119pna z o\u015bwietleniem: prosty spos\u00f3b na stworzenie lepszej atmosfery w \u0142azience. Do wyboru s\u0105 <a title=\"Kolorowe o\u015bwietlenie wanny\" href=\"https:\/\/cleopatra.nl\/pl\/catalog\/product\/view\/id\/43\/s\/ligbad-kleurverlichting\/\" target=\"_blank\" rel=\"noopener noreferrer\">kolorowe pod\u015bwietlenie<\/a>\u00a0w czterech r\u00f3\u017cnych kolorach. Szczeg\u00f3\u0142owe informacje znajduj\u0105 si\u0119 poni\u017cej w sekcji Odpowiednie produkty.<\/p>\n<p>&nbsp;<\/p>\n<p><strong><em>W wannie Corsica nie mo\u017cna zamontowa\u0107 systemu hydromasa\u017cu.\u00a0<\/em><\/strong><\/p>","protected":false},"excerpt":{"rendered":"<p>The\u00a0<b>wanna wolnostoj\u0105ca<\/b>\u00a0Corsica charakteryzuje si\u0119 pi\u0119knymi grubymi kraw\u0119dziami, lekko nachylonymi bokami, du\u017cymi wymiarami i atrakcyjnymi zaokr\u0105glonymi liniami. Corsica to pi\u0119kno i czysta przyjemno\u015b\u0107 zar\u00f3wno w nowoczesnych, jak i klasycznych \u0142azienkach. A wszystko to w przyst\u0119pnej cenie!<\/p>","protected":false},"featured_media":3561,"template":"","format":"standard","meta":{"_acf_changed":false},"product_brand":[347],"product_cat":[87,76,71],"product_tag":[],"class_list":{"0":"post-3341","1":"product","2":"type-product","3":"status-publish","4":"format-standard","5":"has-post-thumbnail","7":"product_brand-cleopatra","8":"product_cat-vrijstaande-baden","9":"product_cat-ligbaden-whirlpools","10":"product_cat-shop","12":"first","13":"instock","14":"taxable","15":"shipping-taxable","16":"purchasable","17":"product-type-simple"},"acf":[],"_links":{"self":[{"href":"https:\/\/cleopatra.nl\/pl\/wp-json\/wp\/v2\/product\/3341","targetHints":{"allow":["GET"]}}],"collection":[{"href":"https:\/\/cleopatra.nl\/pl\/wp-json\/wp\/v2\/product"}],"about":[{"href":"https:\/\/cleopatra.nl\/pl\/wp-json\/wp\/v2\/types\/product"}],"wp:featuredmedia":[{"embeddable":true,"href":"https:\/\/cleopatra.nl\/pl\/wp-json\/wp\/v2\/media\/3561"}],"wp:attachment":[{"href":"https:\/\/cleopatra.nl\/pl\/wp-json\/wp\/v2\/media?parent=3341"}],"wp:term":[{"taxonomy":"product_brand","embeddable":true,"href":"https:\/\/cleopatra.nl\/pl\/wp-json\/wp\/v2\/product_brand?post=3341"},{"taxonomy":"product_cat","embeddable":true,"href":"https:\/\/cleopatra.nl\/pl\/wp-json\/wp\/v2\/product_cat?post=3341"},{"taxonomy":"product_tag","embeddable":true,"href":"https:\/\/cleopatra.nl\/pl\/wp-json\/wp\/v2\/product_tag?post=3341"}],"curies":[{"name":"wp","href":"https:\/\/api.w.org\/{rel}","templated":true}]}}