{"id":3346,"date":"2022-04-27T20:08:33","date_gmt":"2022-04-27T18:08:33","guid":{"rendered":"https:\/\/cleopatra.medialoods.com\/?post_type=product&#038;p=3346"},"modified":"2026-04-27T10:07:22","modified_gmt":"2026-04-27T08:07:22","slug":"martinique-220-177x90cm","status":"publish","type":"product","link":"https:\/\/cleopatra.nl\/pl\/shop\/ligbaden-whirlpools\/vrijstaande-baden\/martinique-220\/","title":{"rendered":"Martinique 220 | 177x90cm"},"content":{"rendered":"<h4><b>PRZESTRONNA WANNA WOLNOSTOJ\u0104CA<\/b><\/h4>\n<p>The\u00a0<b>wanna wolnostoj\u0105ca<\/b> Martinique Cleopatra charakteryzuje si\u0119 du\u017cymi wymiarami i harmonijnymi zaokr\u0105glonymi liniami. Idealna dla nieco wi\u0119kszych os\u00f3b i mi\u0142o\u015bnik\u00f3w przestronnych, komfortowych wanien. Wskocz do Martinique i podaruj sobie zas\u0142u\u017con\u0105 chwil\u0119 relaksu!<\/p>\n<p>Wymiary zewn\u0119trzne wanny wolnostoj\u0105cej to: 1770 x 900 x 420 mm, a d\u0142ugo\u015b\u0107 dna to 1280 mm. Rysunki wanny znajduj\u0105 si\u0119 w dolnej cz\u0119\u015bci opisu produktu.<\/p>\n<p>Wanna jest dostarczana wraz z zestawem wanien i kombinacj\u0105 przelew\/puste.<\/p>\n<p>Chcesz zobaczy\u0107 t\u0119 k\u0105piel? Zapraszamy do odwiedzenia Cleopatra\u00a0<a href=\"https:\/\/cleopatra.nl\/pl\/contact\/\" target=\"_blank\" rel=\"noopener\">showroom<\/a> w Zaandam!<\/p>\n<h4><b>BATERIE WANNOWE WOLNOSTOJ\u0104CE<\/b><\/h4>\n<p>Wannie wolnostoj\u0105cej powinna towarzyszy\u0107 wysokiej jako\u015bci bateria wolnostoj\u0105ca. Dzi\u0119ki temu Twoja \u0142azienka b\u0119dzie jeszcze pi\u0119kniejsza i bardziej kompletna!<\/p>\n<p>&nbsp;<\/p>\n<p><strong><em>W wannie Martinique nie mo\u017cna zamontowa\u0107 o\u015bwietlenia wanny ani systemu hydromasa\u017cu.\u00a0<\/em><\/strong><\/p>","protected":false},"excerpt":{"rendered":"<p>The\u00a0<b>wanna wolnostoj\u0105ca<\/b> Martinique Cleopatra charakteryzuje si\u0119 du\u017cymi wymiarami i harmonijnymi zaokr\u0105glonymi liniami. Idealna dla nieco wi\u0119kszych os\u00f3b i mi\u0142o\u015bnik\u00f3w przestronnych, komfortowych wanien. Wskocz do Martinique i podaruj sobie zas\u0142u\u017con\u0105 chwil\u0119 relaksu!<\/p>","protected":false},"featured_media":3528,"template":"","format":"standard","meta":{"_acf_changed":false},"product_brand":[347],"product_cat":[87,76,71],"product_tag":[],"class_list":{"0":"post-3346","1":"product","2":"type-product","3":"status-publish","4":"format-standard","5":"has-post-thumbnail","7":"product_brand-cleopatra","8":"product_cat-vrijstaande-baden","9":"product_cat-ligbaden-whirlpools","10":"product_cat-shop","12":"first","13":"instock","14":"taxable","15":"shipping-taxable","16":"purchasable","17":"product-type-simple"},"acf":[],"_links":{"self":[{"href":"https:\/\/cleopatra.nl\/pl\/wp-json\/wp\/v2\/product\/3346","targetHints":{"allow":["GET"]}}],"collection":[{"href":"https:\/\/cleopatra.nl\/pl\/wp-json\/wp\/v2\/product"}],"about":[{"href":"https:\/\/cleopatra.nl\/pl\/wp-json\/wp\/v2\/types\/product"}],"wp:featuredmedia":[{"embeddable":true,"href":"https:\/\/cleopatra.nl\/pl\/wp-json\/wp\/v2\/media\/3528"}],"wp:attachment":[{"href":"https:\/\/cleopatra.nl\/pl\/wp-json\/wp\/v2\/media?parent=3346"}],"wp:term":[{"taxonomy":"product_brand","embeddable":true,"href":"https:\/\/cleopatra.nl\/pl\/wp-json\/wp\/v2\/product_brand?post=3346"},{"taxonomy":"product_cat","embeddable":true,"href":"https:\/\/cleopatra.nl\/pl\/wp-json\/wp\/v2\/product_cat?post=3346"},{"taxonomy":"product_tag","embeddable":true,"href":"https:\/\/cleopatra.nl\/pl\/wp-json\/wp\/v2\/product_tag?post=3346"}],"curies":[{"name":"wp","href":"https:\/\/api.w.org\/{rel}","templated":true}]}}