{"id":3349,"date":"2022-04-27T20:09:41","date_gmt":"2022-04-27T18:09:41","guid":{"rendered":"https:\/\/cleopatra.medialoods.com\/?post_type=product&#038;p=3349"},"modified":"2026-04-27T10:07:09","modified_gmt":"2026-04-27T08:07:09","slug":"tahiti-230-170x75cm","status":"publish","type":"product","link":"https:\/\/cleopatra.nl\/pl\/shop\/ligbaden-whirlpools\/vrijstaande-baden\/tahiti-230\/","title":{"rendered":"Tahiti 230 | 170x75cm"},"content":{"rendered":"<h4><b>DESIGNERSKA WANNA WOLNOSTOJ\u0104CA<\/b><\/h4>\n<p>The\u00a0<b>wanna wolnostoj\u0105ca<\/b>\u00a0Tahiti marki Cleopatra to przyjemno\u015b\u0107 dla oczu i rozkosz dla cia\u0142a. Prostok\u0105tna, ale z pi\u0119knie zaokr\u0105glonymi naro\u017cnikami i kraw\u0119dziami, kt\u00f3re rozszerzaj\u0105 si\u0119 na d\u0142u\u017cszych bokach. Wygodna cz\u0119\u015b\u0107 wypoczynkowa zapewnia najwy\u017csze poczucie spokoju i przyjemno\u015bci w \u0142azience.<\/p>\n<p>Wymiary zewn\u0119trzne wanny wolnostoj\u0105cej to: 1700 x 750 x 440 mm przy d\u0142ugo\u015bci dna 1360 mm. Rysunki wanny mo\u017cna znale\u017a\u0107 na dole opisu produktu.<\/p>\n<p>Wanna jest dostarczana wraz z zestawem wanien i kombinacj\u0105 przelew\/puste.<\/p>\n<p>Chcesz zobaczy\u0107 t\u0119 k\u0105piel? Zapraszamy do odwiedzenia Cleopatra\u00a0<a href=\"https:\/\/cleopatra.nl\/pl\/contact\/\" target=\"_blank\" rel=\"noopener\">showroom<\/a> w Zaandam!<\/p>\n<p>&nbsp;<\/p>\n<h4><b>BATERIE WANNOWE WOLNOSTOJ\u0104CE<\/b><\/h4>\n<p>U Ciebie\u00a0<strong>wanna wolnostoj\u0105ca<\/strong>\u00a0nale\u017cy wysokiej jako\u015bci bateria wolnostoj\u0105ca. Dzi\u0119ki temu Twoja \u0142azienka b\u0119dzie jeszcze pi\u0119kniejsza i bardziej kompletna!<\/p>\n<p>&nbsp;<\/p>\n<p><strong>W wannie Tahiti nie mo\u017cna zamontowa\u0107 o\u015bwietlenia.<\/strong><\/p>","protected":false},"excerpt":{"rendered":"<p>The\u00a0<b>wanna wolnostoj\u0105ca<\/b>\u00a0Tahiti marki Cleopatra to przyjemno\u015b\u0107 dla oczu i rozkosz dla cia\u0142a. Prostok\u0105tna, ale z pi\u0119knie zaokr\u0105glonymi naro\u017cnikami i kraw\u0119dziami, kt\u00f3re rozszerzaj\u0105 si\u0119 na d\u0142u\u017cszych bokach. Wygodna cz\u0119\u015b\u0107 wypoczynkowa zapewnia najwy\u017csze poczucie spokoju i przyjemno\u015bci w \u0142azience.<\/p>","protected":false},"featured_media":3509,"template":"","format":"standard","meta":{"_acf_changed":false},"product_brand":[347],"product_cat":[87,76,71],"product_tag":[],"class_list":{"0":"post-3349","1":"product","2":"type-product","3":"status-publish","4":"format-standard","5":"has-post-thumbnail","7":"product_brand-cleopatra","8":"product_cat-vrijstaande-baden","9":"product_cat-ligbaden-whirlpools","10":"product_cat-shop","12":"first","13":"instock","14":"taxable","15":"shipping-taxable","16":"purchasable","17":"product-type-simple"},"acf":[],"_links":{"self":[{"href":"https:\/\/cleopatra.nl\/pl\/wp-json\/wp\/v2\/product\/3349","targetHints":{"allow":["GET"]}}],"collection":[{"href":"https:\/\/cleopatra.nl\/pl\/wp-json\/wp\/v2\/product"}],"about":[{"href":"https:\/\/cleopatra.nl\/pl\/wp-json\/wp\/v2\/types\/product"}],"wp:featuredmedia":[{"embeddable":true,"href":"https:\/\/cleopatra.nl\/pl\/wp-json\/wp\/v2\/media\/3509"}],"wp:attachment":[{"href":"https:\/\/cleopatra.nl\/pl\/wp-json\/wp\/v2\/media?parent=3349"}],"wp:term":[{"taxonomy":"product_brand","embeddable":true,"href":"https:\/\/cleopatra.nl\/pl\/wp-json\/wp\/v2\/product_brand?post=3349"},{"taxonomy":"product_cat","embeddable":true,"href":"https:\/\/cleopatra.nl\/pl\/wp-json\/wp\/v2\/product_cat?post=3349"},{"taxonomy":"product_tag","embeddable":true,"href":"https:\/\/cleopatra.nl\/pl\/wp-json\/wp\/v2\/product_tag?post=3349"}],"curies":[{"name":"wp","href":"https:\/\/api.w.org\/{rel}","templated":true}]}}